{"id":1132,"date":"2018-07-07T11:27:10","date_gmt":"2018-07-07T11:27:10","guid":{"rendered":"http:\/\/shoptimizer.local\/?page_id=779"},"modified":"2025-09-12T13:24:09","modified_gmt":"2025-09-12T11:24:09","slug":"kontakt","status":"publish","type":"page","link":"https:\/\/zlatyrakytnik.sk\/hu\/kontakt\/","title":{"rendered":"Kapcsolat"},"content":{"rendered":"<div data-elementor-type=\"wp-post\" data-elementor-id=\"1132\" class=\"elementor elementor-1132\" data-elementor-post-type=\"page\">\n\t\t\t\t\t\t<section class=\"elementor-section elementor-top-section elementor-element elementor-element-6a79221 elementor-section-stretched elementor-section-full_width elementor-section-height-default elementor-section-height-default\" data-id=\"6a79221\" data-element_type=\"section\" data-settings=\"{&quot;stretch_section&quot;:&quot;section-stretched&quot;}\">\n\t\t\t\t\t\t<div class=\"elementor-container elementor-column-gap-no\">\n\t\t\t\t\t<div class=\"elementor-column elementor-col-100 elementor-top-column elementor-element elementor-element-dfc1dba\" data-id=\"dfc1dba\" data-element_type=\"column\">\n\t\t\t<div class=\"elementor-widget-wrap elementor-element-populated\">\n\t\t\t\t\t\t<div class=\"elementor-element elementor-element-3fa31a6 elementor-widget elementor-widget-google_maps\" data-id=\"3fa31a6\" data-element_type=\"widget\" data-widget_type=\"google_maps.default\">\n\t\t\t\t<div class=\"elementor-widget-container\">\n\t\t\t\t\t\t\t<div class=\"elementor-custom-embed\">\n\t\t\t<iframe loading=\"lazy\"\n\t\t\t\t\tsrc=\"https:\/\/maps.google.com\/maps?q=Szech%C3%A9nyiho%2010%2C%20941%2010%20Tvrdo%C5%A1ovce&#038;t=m&#038;z=15&#038;output=embed&#038;iwloc=near\"\n\t\t\t\t\ttitle=\"Szech\u00e9nyiho 10, 941 10 Tvrdo\u0161ovce\"\n\t\t\t\t\taria-label=\"Szech\u00e9nyiho 10, 941 10 Tvrdo\u0161ovce\"\n\t\t\t><\/iframe>\n\t\t<\/div>\n\t\t\t\t\t\t<\/div>\n\t\t\t\t<\/div>\n\t\t\t\t\t<\/div>\n\t\t<\/div>\n\t\t\t\t\t<\/div>\n\t\t<\/section>\n\t\t\t\t<section class=\"elementor-section elementor-top-section elementor-element elementor-element-3fdebd4 elementor-section-content-top elementor-section-boxed elementor-section-height-default elementor-section-height-default\" data-id=\"3fdebd4\" data-element_type=\"section\">\n\t\t\t\t\t\t<div class=\"elementor-container elementor-column-gap-wider\">\n\t\t\t\t\t<div class=\"elementor-column elementor-col-50 elementor-top-column elementor-element elementor-element-b276ccd\" data-id=\"b276ccd\" data-element_type=\"column\">\n\t\t\t<div class=\"elementor-widget-wrap elementor-element-populated\">\n\t\t\t\t\t\t<div class=\"elementor-element elementor-element-bd3b51e elementor-widget elementor-widget-heading\" data-id=\"bd3b51e\" data-element_type=\"widget\" data-widget_type=\"heading.default\">\n\t\t\t\t<div class=\"elementor-widget-container\">\n\t\t\t\t\t<h6 class=\"elementor-heading-title elementor-size-default\">N\u00e1jdite n\u00e1s tu<\/h6>\t\t\t\t<\/div>\n\t\t\t\t<\/div>\n\t\t\t\t<div class=\"elementor-element elementor-element-ca20b00 elementor-widget elementor-widget-heading\" data-id=\"ca20b00\" data-element_type=\"widget\" data-widget_type=\"heading.default\">\n\t\t\t\t<div class=\"elementor-widget-container\">\n\t\t\t\t\t<h2 class=\"elementor-heading-title elementor-size-default\"><strong>Kontaktujte<\/strong> n\u00e1s<\/h2>\t\t\t\t<\/div>\n\t\t\t\t<\/div>\n\t\t\t\t<div class=\"elementor-element elementor-element-8d97d7f elementor-widget elementor-widget-accordion\" data-id=\"8d97d7f\" data-element_type=\"widget\" data-widget_type=\"accordion.default\">\n\t\t\t\t<div class=\"elementor-widget-container\">\n\t\t\t\t\t\t\t<div class=\"elementor-accordion\">\n\t\t\t\t\t\t\t<div class=\"elementor-accordion-item\">\n\t\t\t\t\t<div id=\"elementor-tab-title-1481\" class=\"elementor-tab-title\" data-tab=\"1\" role=\"button\" aria-controls=\"elementor-tab-content-1481\" aria-expanded=\"false\">\n\t\t\t\t\t\t\t\t\t\t\t\t\t<span class=\"elementor-accordion-icon elementor-accordion-icon-right\" aria-hidden=\"true\">\n\t\t\t\t\t\t\t\t\t\t\t\t\t\t\t<span class=\"elementor-accordion-icon-closed\"><i class=\"fas fa-angle-down\"><\/i><\/span>\n\t\t\t\t\t\t\t\t<span class=\"elementor-accordion-icon-opened\"><i class=\"fas fa-angle-up\"><\/i><\/span>\n\t\t\t\t\t\t\t\t\t\t\t\t\t\t<\/span>\n\t\t\t\t\t\t\t\t\t\t\t\t<a class=\"elementor-accordion-title\" tabindex=\"0\">Po\u013enohospod\u00e1rske dru\u017estvo Tvrdo\u0161ovce<\/a>\n\t\t\t\t\t<\/div>\n\t\t\t\t\t<div id=\"elementor-tab-content-1481\" class=\"elementor-tab-content elementor-clearfix\" data-tab=\"1\" role=\"region\" aria-labelledby=\"elementor-tab-title-1481\"><p>Szech\u00e9nyiho 10, 941 10 Tvrdo\u0161ovce<br \/>I\u010cO: <b>00 199 524<br \/><\/b>DI\u010c: <b>2020413043<br \/><\/b>I\u010c DPH: <strong>SK71 2000 1614<\/strong><b><br \/><\/b>Obchodn\u00fd register Okresn\u00e9ho s\u00fadu Nitra, oddiel: Dr, vlo\u017eka \u010d. 172\/N<\/p><p>Adresa v\u00fdroba a\u00a0sklady: <strong>Bratislavsk\u00e1 cesta 1569\/50, Tvrdo\u0161ovce<\/strong><\/p><p>Web: <strong><a href=\"http:\/\/zlatyrakytnik.sk\/hu\/\">zlatyrakytnik.sk<\/a><br \/><\/strong>Email: <strong><a href=\"mailto:info@zlatyrakytnik.sk\">info@zlatyrakytnik.sk<\/a><br \/><\/strong><\/p><\/div>\n\t\t\t\t<\/div>\n\t\t\t\t\t\t\t<div class=\"elementor-accordion-item\">\n\t\t\t\t\t<div id=\"elementor-tab-title-1482\" class=\"elementor-tab-title\" data-tab=\"2\" role=\"button\" aria-controls=\"elementor-tab-content-1482\" aria-expanded=\"false\">\n\t\t\t\t\t\t\t\t\t\t\t\t\t<span class=\"elementor-accordion-icon elementor-accordion-icon-right\" aria-hidden=\"true\">\n\t\t\t\t\t\t\t\t\t\t\t\t\t\t\t<span class=\"elementor-accordion-icon-closed\"><i class=\"fas fa-angle-down\"><\/i><\/span>\n\t\t\t\t\t\t\t\t<span class=\"elementor-accordion-icon-opened\"><i class=\"fas fa-angle-up\"><\/i><\/span>\n\t\t\t\t\t\t\t\t\t\t\t\t\t\t<\/span>\n\t\t\t\t\t\t\t\t\t\t\t\t<a class=\"elementor-accordion-title\" tabindex=\"0\">Po\u013enohospod\u00e1rske dru\u017estvo<\/a>\n\t\t\t\t\t<\/div>\n\t\t\t\t\t<div id=\"elementor-tab-content-1482\" class=\"elementor-tab-content elementor-clearfix\" data-tab=\"2\" role=\"region\" aria-labelledby=\"elementor-tab-title-1482\"><div class=\"answer\"><p>V\u00fdrobn\u00fd riadite\u013e PD: <a href=\"mailto:Robert.Borbely@exatagroup.sk\">Robert.Borbely@exatagroup.sk<\/a><\/p><p>Mechaniz\u00e1tor: <a href=\"mailto:oto.benyo@exatech.sk\">oto.benyo@exatech.sk<\/a><\/p><p>Agron\u00f3m: <a href=\"mailto:Zoltan.Varga@exatagroup.sk\">Zoltan.Varga@exatagroup.sk<\/a><\/p><p>Agron\u00f3m ovocin\u00e1r: <a href=\"mailto:Tibor.Bogdany@exatagroup.sk\">Tibor.Bogdany@exatagroup.sk<\/a><\/p><p>Riadite\u013e \u0161peci\u00e1lnej v\u00fdroby: <a href=\"mailto:Mikulas.Sranko@exatagroup.sk\">Mikulas.Sranko@exatagroup.sk<\/a><\/p><\/div><\/div>\n\t\t\t\t<\/div>\n\t\t\t\t\t\t\t<div class=\"elementor-accordion-item\">\n\t\t\t\t\t<div id=\"elementor-tab-title-1483\" class=\"elementor-tab-title\" data-tab=\"3\" role=\"button\" aria-controls=\"elementor-tab-content-1483\" aria-expanded=\"false\">\n\t\t\t\t\t\t\t\t\t\t\t\t\t<span class=\"elementor-accordion-icon elementor-accordion-icon-right\" aria-hidden=\"true\">\n\t\t\t\t\t\t\t\t\t\t\t\t\t\t\t<span class=\"elementor-accordion-icon-closed\"><i class=\"fas fa-angle-down\"><\/i><\/span>\n\t\t\t\t\t\t\t\t<span class=\"elementor-accordion-icon-opened\"><i class=\"fas fa-angle-up\"><\/i><\/span>\n\t\t\t\t\t\t\t\t\t\t\t\t\t\t<\/span>\n\t\t\t\t\t\t\t\t\t\t\t\t<a class=\"elementor-accordion-title\" tabindex=\"0\">Podnikov\u00e1 predaj\u0148a Tvrdo\u0161ovce a Eshop<\/a>\n\t\t\t\t\t<\/div>\n\t\t\t\t\t<div id=\"elementor-tab-content-1483\" class=\"elementor-tab-content elementor-clearfix\" data-tab=\"3\" role=\"region\" aria-labelledby=\"elementor-tab-title-1483\"><p><strong>Ved\u00faca PP<\/strong><br \/><a href=\"mailto:Adriana.Majorova@exatagroup.sk\">Adriana.Majorova@exatagroup.sk<\/a><br \/>+421\u00a0908\u00a0517\u00a0020<\/p><p><strong>Eshop<\/strong><br \/><a href=\"mailto:objedn\u00e1vky@zlatyrakytnik.sk\">objedn\u00e1vky@zlatyrakytnik.sk<\/a><br \/>+421\u00a0905\u00a0646\u00a0554<br \/>+421\u00a0905\u00a0646 550<\/p><p style=\"font-weight: 400;\"><strong>Podnikov\u00e1 predaj\u0148a<br \/><\/strong><a href=\"mailto:predajna@zlatyrakytnik.sk\">predajna@zlatyrakytnik.sk<\/a><br \/>+421 917 925\u00a0807<\/p><h6>OTV\u00c1RACIA DOBA:<\/h6><hr class=\"no_line\" \/><p><b>Pondelok &#8211; Piatok<\/b> 8:00 &#8211; 17:00<br \/><b>Sobota<\/b> 7:00 &#8211; 12:00<\/p><\/div>\n\t\t\t\t<\/div>\n\t\t\t\t\t\t\t<div class=\"elementor-accordion-item\">\n\t\t\t\t\t<div id=\"elementor-tab-title-1484\" class=\"elementor-tab-title\" data-tab=\"4\" role=\"button\" aria-controls=\"elementor-tab-content-1484\" aria-expanded=\"false\">\n\t\t\t\t\t\t\t\t\t\t\t\t\t<span class=\"elementor-accordion-icon elementor-accordion-icon-right\" aria-hidden=\"true\">\n\t\t\t\t\t\t\t\t\t\t\t\t\t\t\t<span class=\"elementor-accordion-icon-closed\"><i class=\"fas fa-angle-down\"><\/i><\/span>\n\t\t\t\t\t\t\t\t<span class=\"elementor-accordion-icon-opened\"><i class=\"fas fa-angle-up\"><\/i><\/span>\n\t\t\t\t\t\t\t\t\t\t\t\t\t\t<\/span>\n\t\t\t\t\t\t\t\t\t\t\t\t<a class=\"elementor-accordion-title\" tabindex=\"0\">Obchodn\u00e9 oddelenie<\/a>\n\t\t\t\t\t<\/div>\n\t\t\t\t\t<div id=\"elementor-tab-content-1484\" class=\"elementor-tab-content elementor-clearfix\" data-tab=\"4\" role=\"region\" aria-labelledby=\"elementor-tab-title-1484\"><p><strong>Objedn\u00e1vky<\/strong><br \/><a href=\"mailto:Andrea.Baloghova@exatagroup.sk\">Andrea.Baloghova@exatagroup.sk<\/a><br \/>+421\u00a0905\u00a0396\u00a0952<\/p><p><strong>B2B\/Spracovanie<\/strong><br \/><a href=\"mailto:Mikulas.Sranko@exatagroup.sk\">Mikulas.Sranko@exatagroup.sk<\/a><br \/>+421\u00a0905\u00a0870\u00a0852<\/p><\/div>\n\t\t\t\t<\/div>\n\t\t\t\t\t\t\t<div class=\"elementor-accordion-item\">\n\t\t\t\t\t<div id=\"elementor-tab-title-1485\" class=\"elementor-tab-title\" data-tab=\"5\" role=\"button\" aria-controls=\"elementor-tab-content-1485\" aria-expanded=\"false\">\n\t\t\t\t\t\t\t\t\t\t\t\t\t<span class=\"elementor-accordion-icon elementor-accordion-icon-right\" aria-hidden=\"true\">\n\t\t\t\t\t\t\t\t\t\t\t\t\t\t\t<span class=\"elementor-accordion-icon-closed\"><i class=\"fas fa-angle-down\"><\/i><\/span>\n\t\t\t\t\t\t\t\t<span class=\"elementor-accordion-icon-opened\"><i class=\"fas fa-angle-up\"><\/i><\/span>\n\t\t\t\t\t\t\t\t\t\t\t\t\t\t<\/span>\n\t\t\t\t\t\t\t\t\t\t\t\t<a class=\"elementor-accordion-title\" tabindex=\"0\">Faktura\u010dn\u00e9 a mzdov\u00e9 oddelenie<\/a>\n\t\t\t\t\t<\/div>\n\t\t\t\t\t<div id=\"elementor-tab-content-1485\" class=\"elementor-tab-content elementor-clearfix\" data-tab=\"5\" role=\"region\" aria-labelledby=\"elementor-tab-title-1485\"><p><strong>Fakt\u00fary posiela\u0165 na<\/strong><br \/><a href=\"mailto:faktury@exatagroup.sk\">faktury@exatagroup.sk<\/a><\/p><p><strong>Faktura\u010dn\u00e9 oddelenie PD Tvrdo\u0161ovce<\/strong><br \/><a href=\"mailto:Monika.Kollarova@exatagroup.sk\">Monika.Kollarova@exatagroup.sk<\/a><br \/>+421\u00a0905\u00a0646 552<\/p><p><strong>Fakt\u00fary a dodacie listy Tvrdo\u0161ovsk\u00e9 zlato<\/strong><br \/><a href=\"mailto:Veronika.Bujakova@exatagroup.sk\">Veronika.Bujakova@exatagroup.sk<\/a><br \/>+421\u00a0905\u00a0646\u00a0550<\/p><\/div>\n\t\t\t\t<\/div>\n\t\t\t\t\t\t\t\t<\/div>\n\t\t\t\t\t\t<\/div>\n\t\t\t\t<\/div>\n\t\t\t\t\t<\/div>\n\t\t<\/div>\n\t\t\t\t<div class=\"elementor-column elementor-col-50 elementor-top-column elementor-element elementor-element-4e729dc\" data-id=\"4e729dc\" data-element_type=\"column\">\n\t\t\t<div class=\"elementor-widget-wrap elementor-element-populated\">\n\t\t\t\t\t\t<div class=\"elementor-element elementor-element-99bc42d elementor-widget elementor-widget-heading\" data-id=\"99bc42d\" data-element_type=\"widget\" data-widget_type=\"heading.default\">\n\t\t\t\t<div class=\"elementor-widget-container\">\n\t\t\t\t\t<h6 class=\"elementor-heading-title elementor-size-default\">E\u0161te m\u00e1te ot\u00e1zky?<\/h6>\t\t\t\t<\/div>\n\t\t\t\t<\/div>\n\t\t\t\t<div class=\"elementor-element elementor-element-0b0e079 elementor-widget elementor-widget-heading\" data-id=\"0b0e079\" data-element_type=\"widget\" data-widget_type=\"heading.default\">\n\t\t\t\t<div class=\"elementor-widget-container\">\n\t\t\t\t\t<h2 class=\"elementor-heading-title elementor-size-default\"><strong>Op\u00fdtajte sa<\/strong> n\u00e1s<\/h2>\t\t\t\t<\/div>\n\t\t\t\t<\/div>\n\t\t\t\t<div class=\"elementor-element elementor-element-707bbd7 elementor-widget elementor-widget-text-editor\" data-id=\"707bbd7\" data-element_type=\"widget\" data-widget_type=\"text-editor.default\">\n\t\t\t\t<div class=\"elementor-widget-container\">\n\t\t\t\t\t\t\t\t\t<p><a href=\"mailto:info@zlatyrakytnik.sk\"><strong>info@zlatyrakytnik.sk<\/strong><\/a><\/p>\t\t\t\t\t\t\t\t<\/div>\n\t\t\t\t<\/div>\n\t\t\t\t\t<\/div>\n\t\t<\/div>\n\t\t\t\t\t<\/div>\n\t\t<\/section>\n\t\t\t\t<\/div>","protected":false},"excerpt":{"rendered":"<p>N\u00e1jdite n\u00e1s tu Kontaktujte n\u00e1s Po\u013enohospod\u00e1rske dru\u017estvo Tvrdo\u0161ovce Szech\u00e9nyiho 10, 941 10 Tvrdo\u0161ovceI\u010cO: 00 199 524DI\u010c: 2020413043I\u010c DPH: SK71 2000 1614Obchodn\u00fd register Okresn\u00e9ho s\u00fadu Nitra, oddiel: Dr, vlo\u017eka \u010d. 172\/N Adresa v\u00fdroba a\u00a0sklady: Bratislavsk\u00e1 cesta 1569\/50, Tvrdo\u0161ovce Web: zlatyrakytnik.skEmail: info@zlatyrakytnik.sk Po\u013enohospod\u00e1rske dru\u017estvo V\u00fdrobn\u00fd riadite\u013e PD: Robert.Borbely@exatagroup.sk Mechaniz\u00e1tor: oto.benyo@exatech.sk Agron\u00f3m: Zoltan.Varga@exatagroup.sk Agron\u00f3m ovocin\u00e1r: Tibor.Bogdany@exatagroup.sk Riadite\u013e \u0161peci\u00e1lnej [&hellip;]<\/p>","protected":false},"author":1,"featured_media":0,"parent":0,"menu_order":0,"comment_status":"closed","ping_status":"closed","template":"template-fullwidth-no-heading.php","meta":{"footnotes":""},"class_list":["post-1132","page","type-page","status-publish","hentry"],"_links":{"self":[{"href":"https:\/\/zlatyrakytnik.sk\/hu\/wp-json\/wp\/v2\/pages\/1132","targetHints":{"allow":["GET"]}}],"collection":[{"href":"https:\/\/zlatyrakytnik.sk\/hu\/wp-json\/wp\/v2\/pages"}],"about":[{"href":"https:\/\/zlatyrakytnik.sk\/hu\/wp-json\/wp\/v2\/types\/page"}],"author":[{"embeddable":true,"href":"https:\/\/zlatyrakytnik.sk\/hu\/wp-json\/wp\/v2\/users\/1"}],"replies":[{"embeddable":true,"href":"https:\/\/zlatyrakytnik.sk\/hu\/wp-json\/wp\/v2\/comments?post=1132"}],"version-history":[{"count":0,"href":"https:\/\/zlatyrakytnik.sk\/hu\/wp-json\/wp\/v2\/pages\/1132\/revisions"}],"wp:attachment":[{"href":"https:\/\/zlatyrakytnik.sk\/hu\/wp-json\/wp\/v2\/media?parent=1132"}],"curies":[{"name":"wp","href":"https:\/\/api.w.org\/{rel}","templated":true}]}}