{"id":3,"date":"2020-11-10T19:29:36","date_gmt":"2020-11-10T18:29:36","guid":{"rendered":"https:\/\/zlatyrakytnik.sk\/?page_id=3"},"modified":"2020-12-04T01:04:28","modified_gmt":"2020-12-04T00:04:28","slug":"informacia-o-spracovani-osobnych-udajov","status":"publish","type":"page","link":"https:\/\/zlatyrakytnik.sk\/hu\/informacia-o-spracovani-osobnych-udajov\/","title":{"rendered":"Inform\u00e1cia o spracovan\u00ed osobn\u00fdch \u00fadajov"},"content":{"rendered":"<p>V\u00e1\u017een\u00ed z\u00e1kazn\u00edci,<\/p><p>radi by sme V\u00e1m t\u00fdmto poskytli inform\u00e1cie oh\u013eadom sprac\u00favania Va\u0161ich osobn\u00fdch \u00fadajov pod\u013ea \u010dl\u00e1nkov 12,13 a&nbsp;14 Nariadenia Eur\u00f3pskeho parlamentu a&nbsp;Rady (E\u00da) 2016\/679 z&nbsp;27. apr\u00edla 2016 o&nbsp;ochrane fyzick\u00fdch os\u00f4b pri sprac\u00favan\u00ed osobn\u00fdch \u00fadajov a&nbsp;o&nbsp;vo\u013enom pohybe tak\u00fdchto \u00fadajov (\u010falej \u201eNariadenie\u201c).<\/p><p><strong>Kto je prev\u00e1dzkovate\u013eom Va\u0161ich osobn\u00fdch \u00fadajov?<\/strong><\/p><p>Prev\u00e1dzkovate\u013eom Va\u0161ich osobn\u00fdch \u00fadajov je prev\u00e1dzkovate\u013e tohto eshopu \u2013 spolo\u010dnos\u0165 PD Tvrdo\u0161ovce &nbsp;(\u010falej \u201eSpolo\u010dnos\u0165\u201c). Spolo\u010dnos\u0165 m\u00e1 osobu, na ktor\u00fa sa m\u00f4\u017eete kedyko\u013evek obr\u00e1ti\u0165, a&nbsp;to p\u00edsomne na adrese: osobneudaje@exatagroup.sk<\/p><p><strong>Na ak\u00e9 \u00fa\u010dely a&nbsp;na akom pr\u00e1vnom z\u00e1klade sprac\u00favame Va\u0161e osobn\u00e9 \u00fadaje?<\/strong><\/p><ul class=\"wp-block-list\"><li>\u00fa\u010del eshop, na z\u00e1klade opr\u00e1vnen\u00e9ho z\u00e1ujmu;<\/li><li>\u00fa\u010del marketingov\u00e9 akcie, na z\u00e1klade opr\u00e1vnen\u00e9ho z\u00e1ujmu<\/li><\/ul><p><strong>Ak\u00e9 m\u00e1me opr\u00e1vnen\u00e9 z\u00e1ujmy na spracovanie Va\u0161ich osobn\u00fdch \u00fadajov?<\/strong><\/p><p>Opr\u00e1vnen\u00fdm z\u00e1ujmom Spolo\u010dnosti, pri sprac\u00favan\u00ed Va\u0161ich osobn\u00fdch \u00fadajov na \u00fa\u010dely eshopu, je realiz\u00e1cia dod\u00e1vky tovaru, faktur\u00e1cia a&nbsp;realiz\u00e1cia platobn\u00e9ho styku.<\/p><p>Opr\u00e1vnen\u00fdm z\u00e1ujmom Spolo\u010dnosti, pri sprac\u00favan\u00ed Va\u0161ich osobn\u00fdch \u00fadajov na \u00fa\u010dely marketingov\u00e9 akcie, je realiz\u00e1cia marketingov\u00fdch s\u00fa\u0165a\u017e\u00ed, zasielanie inform\u00e1ci\u00ed o&nbsp;produktov\u00fdch akci\u00e1ch, z\u013eav\u00e1ch, vyhodnocovanie s\u00fa\u0165a\u017e\u00ed, zasielanie infolet\u00e1kov.<\/p><p><strong>Ak\u00e9 subjekty maj\u00fa pr\u00edstup k&nbsp;Va\u0161im osobn\u00fdm \u00fadajom?<\/strong><\/p><p>Aby sme naplnili z\u00e1konn\u00e9 po\u017eiadavky a&nbsp;zaistili riadny chod Spolo\u010dnosti, k&nbsp;Va\u0161im osobn\u00fdm \u00fadajom maj\u00fa pr\u00edstup aj tretie subjekty. Ide najm\u00e4 o&nbsp;doru\u010dovacie spolo\u010dnosti, banky, ako aj na\u0161i poskytovatelia IT slu\u017eieb, advok\u00e1ti a&nbsp;spolo\u010dnosti, ktor\u00e9 n\u00e1m poskytuj\u00fa \u00fa\u010dtovn\u00e9, da\u0148ov\u00e9, poradensk\u00e9 a&nbsp;in\u00e9 slu\u017eby, s&nbsp;ktor\u00fdmi m\u00e1me uzatvoren\u00fa korektn\u00fa zmluvu o&nbsp;sprac\u00favan\u00ed osobn\u00fdch \u00fadajov.<\/p><p><strong>Ako dlho uchov\u00e1vame Va\u0161e osobn\u00e9 \u00fadaje?<\/strong><\/p><p>Osobn\u00e9 \u00fadaje sprac\u00favan\u00e9 na z\u00e1klade z\u00e1konnej po\u017eiadavky uchov\u00e1vame v&nbsp;s\u00falade s&nbsp;pr\u00edslu\u0161n\u00fdmi pr\u00e1vnymi predpismi.<\/p><p>Osobn\u00e9 \u00fadaje sprac\u00favan\u00e9 na z\u00e1klade opr\u00e1vnen\u00e9ho z\u00e1ujmu uchov\u00e1vame 5 rokov od skon\u010denia zmluvn\u00e9ho vz\u0165ahu.<\/p><p><strong>Ak\u00e9 pr\u00e1va m\u00e1te v&nbsp;s\u00favislosti so sprac\u00favan\u00edm osobn\u00fdch \u00fadajov?<\/strong><\/p><ol class=\"wp-block-list\"><li>pr\u00e1vo po\u017eadova\u0165 od Spolo\u010dnosti pr\u00edstup k svojim osobn\u00fdm \u00fadajom;<\/li><li>pr\u00e1vo na opravu svojich nespr\u00e1vnych, ne\u00fapln\u00fdch alebo neaktu\u00e1lnych osobn\u00fdch \u00fadajov;<\/li><li>pr\u00e1vo na vymazanie svojich osobn\u00fdch \u00fadajov;<\/li><li>pr\u00e1vo na obmedzenie sprac\u00favania svojich osobn\u00fdch \u00fadajov;<\/li><li>pr\u00e1vo namieta\u0165 proti sprac\u00favaniu svojich osobn\u00fdch \u00fadajov;<\/li><li>pr\u00e1vo na prenosnos\u0165 svojich osobn\u00fdch \u00fadajov;<\/li><li>pr\u00e1vo kedyko\u013evek odvola\u0165 s\u00fahlas na sprac\u00favanie osobn\u00fdch \u00fadajov;<\/li><li>pr\u00e1vo poda\u0165 s\u0165a\u017enos\u0165 dozorn\u00e9mu org\u00e1nu, t. j. \u00daradu na ochranu osobn\u00fdch \u00fadajov Slovenskej republiky<\/li><li>pr\u00e1vo p\u00edsomne po\u017eiada\u0165 o&nbsp;zru\u0161enie zasielanie infolet\u00e1kov a&nbsp;inform\u00e1ci\u00ed o&nbsp;akci\u00e1ch a&nbsp;s\u00fa\u0165a\u017eiach.<\/li><\/ol>","protected":false},"excerpt":{"rendered":"<p>V\u00e1\u017een\u00ed z\u00e1kazn\u00edci, radi by sme V\u00e1m t\u00fdmto poskytli inform\u00e1cie oh\u013eadom sprac\u00favania Va\u0161ich osobn\u00fdch \u00fadajov pod\u013ea \u010dl\u00e1nkov 12,13 a&nbsp;14 Nariadenia Eur\u00f3pskeho parlamentu a&nbsp;Rady (E\u00da) 2016\/679 z&nbsp;27. apr\u00edla 2016 o&nbsp;ochrane fyzick\u00fdch os\u00f4b pri sprac\u00favan\u00ed osobn\u00fdch \u00fadajov a&nbsp;o&nbsp;vo\u013enom pohybe tak\u00fdchto \u00fadajov (\u010falej \u201eNariadenie\u201c). Kto je prev\u00e1dzkovate\u013eom Va\u0161ich osobn\u00fdch \u00fadajov? Prev\u00e1dzkovate\u013eom Va\u0161ich osobn\u00fdch \u00fadajov je prev\u00e1dzkovate\u013e tohto eshopu \u2013 [&hellip;]<\/p>","protected":false},"author":1,"featured_media":0,"parent":0,"menu_order":0,"comment_status":"closed","ping_status":"open","template":"template-fullwidth-contained.php","meta":{"footnotes":""},"class_list":["post-3","page","type-page","status-publish","hentry"],"_links":{"self":[{"href":"https:\/\/zlatyrakytnik.sk\/hu\/wp-json\/wp\/v2\/pages\/3","targetHints":{"allow":["GET"]}}],"collection":[{"href":"https:\/\/zlatyrakytnik.sk\/hu\/wp-json\/wp\/v2\/pages"}],"about":[{"href":"https:\/\/zlatyrakytnik.sk\/hu\/wp-json\/wp\/v2\/types\/page"}],"author":[{"embeddable":true,"href":"https:\/\/zlatyrakytnik.sk\/hu\/wp-json\/wp\/v2\/users\/1"}],"replies":[{"embeddable":true,"href":"https:\/\/zlatyrakytnik.sk\/hu\/wp-json\/wp\/v2\/comments?post=3"}],"version-history":[{"count":0,"href":"https:\/\/zlatyrakytnik.sk\/hu\/wp-json\/wp\/v2\/pages\/3\/revisions"}],"wp:attachment":[{"href":"https:\/\/zlatyrakytnik.sk\/hu\/wp-json\/wp\/v2\/media?parent=3"}],"curies":[{"name":"wp","href":"https:\/\/api.w.org\/{rel}","templated":true}]}}