{"id":7035,"date":"2020-12-03T12:54:11","date_gmt":"2020-12-03T11:54:11","guid":{"rendered":"https:\/\/zlatyrakytnik.sk\/?page_id=7035"},"modified":"2021-04-26T11:30:50","modified_gmt":"2021-04-26T09:30:50","slug":"co-je-rakytnik","status":"publish","type":"page","link":"https:\/\/zlatyrakytnik.sk\/hu\/co-je-rakytnik\/","title":{"rendered":"Mi a homokt\u00f6vis?"},"content":{"rendered":"<div data-elementor-type=\"wp-post\" data-elementor-id=\"7035\" class=\"elementor elementor-7035\" data-elementor-post-type=\"page\">\n\t\t\t\t\t\t<section class=\"elementor-section elementor-top-section elementor-element elementor-element-15d6e1e9 elementor-section-stretched elementor-section-boxed elementor-section-height-default elementor-section-height-default\" data-id=\"15d6e1e9\" data-element_type=\"section\" data-settings=\"{&quot;stretch_section&quot;:&quot;section-stretched&quot;,&quot;background_background&quot;:&quot;classic&quot;}\">\n\t\t\t\t\t\t\t<div class=\"elementor-background-overlay\"><\/div>\n\t\t\t\t\t\t\t<div class=\"elementor-container elementor-column-gap-default\">\n\t\t\t\t\t<div class=\"elementor-column elementor-col-100 elementor-top-column elementor-element elementor-element-50f36a53\" data-id=\"50f36a53\" data-element_type=\"column\">\n\t\t\t<div class=\"elementor-widget-wrap elementor-element-populated\">\n\t\t\t\t\t\t<section class=\"elementor-section elementor-inner-section elementor-element elementor-element-4b35edce elementor-section-boxed elementor-section-height-default elementor-section-height-default\" data-id=\"4b35edce\" data-element_type=\"section\">\n\t\t\t\t\t\t<div class=\"elementor-container elementor-column-gap-default\">\n\t\t\t\t\t<div class=\"elementor-column elementor-col-50 elementor-inner-column elementor-element elementor-element-29a4f235\" data-id=\"29a4f235\" data-element_type=\"column\">\n\t\t\t<div class=\"elementor-widget-wrap elementor-element-populated\">\n\t\t\t\t\t\t<div class=\"elementor-element elementor-element-2ffa2730 elementor-invisible elementor-widget elementor-widget-heading\" data-id=\"2ffa2730\" data-element_type=\"widget\" data-settings=\"{&quot;_animation&quot;:&quot;fadeInUp&quot;}\" data-widget_type=\"heading.default\">\n\t\t\t\t<div class=\"elementor-widget-container\">\n\t\t\t\t\t<h1 class=\"elementor-heading-title elementor-size-default\">Mi a homokt\u00f6vis?<\/h1>\t\t\t\t<\/div>\n\t\t\t\t<\/div>\n\t\t\t\t<div class=\"elementor-element elementor-element-43097af8 elementor-invisible elementor-widget elementor-widget-heading\" data-id=\"43097af8\" data-element_type=\"widget\" data-settings=\"{&quot;_animation&quot;:&quot;fadeInDown&quot;}\" data-widget_type=\"heading.default\">\n\t\t\t\t<div class=\"elementor-widget-container\">\n\t\t\t\t\t<h6 class=\"elementor-heading-title elementor-size-default\">A homokt\u00f6vis (Hippophae rhamnoides) egyed\u00fcl\u00e1ll\u00f3an gazdag az emberi szervezet sz\u00e1m\u00e1ra fontos t\u00e1panyagokban.<\/h6>\t\t\t\t<\/div>\n\t\t\t\t<\/div>\n\t\t\t\t\t<\/div>\n\t\t<\/div>\n\t\t\t\t<div class=\"elementor-column elementor-col-50 elementor-inner-column elementor-element elementor-element-8fc57b4\" data-id=\"8fc57b4\" data-element_type=\"column\">\n\t\t\t<div class=\"elementor-widget-wrap\">\n\t\t\t\t\t\t\t<\/div>\n\t\t<\/div>\n\t\t\t\t\t<\/div>\n\t\t<\/section>\n\t\t\t\t\t<\/div>\n\t\t<\/div>\n\t\t\t\t\t<\/div>\n\t\t<\/section>\n\t\t\t\t<section class=\"elementor-section elementor-top-section elementor-element elementor-element-3d27e057 elementor-section-boxed elementor-section-height-default elementor-section-height-default\" data-id=\"3d27e057\" data-element_type=\"section\">\n\t\t\t\t\t\t<div class=\"elementor-container elementor-column-gap-default\">\n\t\t\t\t\t<div class=\"elementor-column elementor-col-100 elementor-top-column elementor-element elementor-element-b631303\" data-id=\"b631303\" data-element_type=\"column\">\n\t\t\t<div class=\"elementor-widget-wrap elementor-element-populated\">\n\t\t\t\t\t\t<div class=\"elementor-element elementor-element-ed94fbc elementor-widget elementor-widget-text-editor\" data-id=\"ed94fbc\" data-element_type=\"widget\" data-widget_type=\"text-editor.default\">\n\t\t\t\t<div class=\"elementor-widget-container\">\n\t\t\t\t\t\t\t\t\t<p>A homokt\u00f6vis (Hippophae rhamnoides) egyed\u00fcl\u00e1ll\u00f3an gazdag az emberi szervezet sz\u00e1m\u00e1ra fontos t\u00e1panyagokban. Nagy mennyis\u00e9gben tartalmat vitaminokat \u00e9s antioxid\u00e1nsokat, nyomelemeket, valamint n\u00e9lk\u00fcl\u00f6zhetetlen olajokat, tel\u00edtetlen zs\u00edrsavakat \u00e9s m\u00e1s biol\u00f3giailag akt\u00edv anyagokat. Bogy\u00f3ja magas C-vitamin- \u00e9s \u00e9rt\u00e9kes olajtartalm\u00e1nak k\u00f6sz\u00f6nhet\u0151 nagyon keresett\u00e9 v\u00e1lt, termeszt\u00e9se is egyre elterjedtebb. Narancss\u00e1rga bogy\u00f3s term\u00e9s\u00e9b\u0151l egyetlen szem fedezi a napi C-vitamin sz\u00fcks\u00e9gletet, ez\u00e9rt a j\u00f6v\u0151 n\u00f6v\u00e9nyek\u00e9nt is emlegetik.<\/p><h5><strong>A j\u00f6v\u0151 n\u00f6v\u00e9nye<\/strong><\/h5><p>T\u00f6bbek k\u00f6z\u00f6tt az\u00e9rt h\u00edvj\u00e1k a j\u00f6v\u0151 n\u00f6v\u00e9ny\u00e9nek, mert marad\u00e9k n\u00e9lk\u00fcl hasznos\u00edthat\u00f3. Nemcsak gy\u00fcm\u00f6lcse, magva \u00e9s vir\u00e1ga van j\u00f3t\u00e9kony hat\u00e1ssal szervezet\u00fcnkre, hanem levele, hajt\u00e1sai, k\u00e9rge \u00e9s gy\u00f6kere is. Gy\u00fcm\u00f6lcs\u00e9t sz\u00e1r\u00edtva teak\u00e9nt fogyasztj\u00e1k, de kiv\u00e1l\u00f3ak a bel\u0151le k\u00e9sz\u00fclt komp\u00f3tok, lekv\u00e1rok, sz\u00f6rp\u00f6k, gy\u00fcm\u00f6lcslevek \u00e9s a term\u00e9szetes homokt\u00f6visolaj is. A hagyom\u00e1nyos tibeti orvosl\u00e1sban a homokt\u00f6vist k\u00fcl\u00f6nleges becsben tartj\u00e1k, v\u00e9rz\u00e9s el\u00e1ll\u00edt\u00e1s\u00e1ra haszn\u00e1lj\u00e1k t\u00fcd\u0151k\u00e1rosod\u00e1s eset\u00e9n, sz\u00edv-\u00e9s \u00e9rrendszeri betegs\u00e9gekn\u00e9l \u00e9s k\u00fcl\u00f6nb\u00f6z\u0151 m\u00e9rgez\u00e9sekn\u00e9l.<\/p><h5><strong>Hol n\u0151?<\/strong><\/h5><p>A vad homokt\u00f6vis az eg\u00e9sz \u00e9szaki f\u00e9ltek\u00e9n elterjedt, Eur\u00e1zsia-szerte megtal\u00e1lhat\u00f3 a hegyek lejt\u0151it\u0151l az \u00c9szaki-tenger homokos d\u0171n\u00e9iig. Gy\u00fcm\u00f6lcsterm\u0151 bokork\u00e9nt \u00e9s d\u00edszfak\u00e9nt is tartj\u00e1k. Sz\u00fcretel\u00e9se neh\u00e9z \u00e9s munkaig\u00e9nyes, r\u00e1ad\u00e1sul 6-8 \u00e9vig tart, mire a fiatal n\u00f6v\u00e9ny term\u0151re fordul, ez\u00e9rt a homokt\u00f6vis viszonylag dr\u00e1ga nyersanyag. Az emberi szervezetre gyakorolt hat\u00e1sa azonban megfizethetetlen.<\/p><h5><strong>Egy\u00e9b elnevez\u00e9sei<\/strong><\/h5><p>Mivel a homokt\u00f6vis az eg\u00e9sz vil\u00e1gon elterjedt, m\u00e1s-m\u00e1s n\u00e9ven ismerik az egyes orsz\u00e1gokban: Ananas de Sib\u00e9rie, Argasse, Argousier, Argousier Faux-Nerprun, Audorn, Bourdaine Marine, Buckthorn, Chharma, Dhar-Bu, \u00c9pine Luisante, \u00c9pine Marrante, Espino Armarillo, Espino Falso, Fasanenbeere, Faux Nerprun, Finbar, Grisset, Haffdorn, Hippophae rhamnoides, Homokt\u00f6vis, Meerdorn, Oblepikha, Olivier de Sib\u00e9rie, Purging Thorn, Rokitnik, Rote Schlehe, Sallow Thorn, Sandbeere, Sanddorn, Saule \u00c9pineux, Sea Buckhorn, Sceitbezien, Sha ji, Sea-Buckthorn, Seedorn, Star-Bu, Tindved, Weidendorn, D\u00fcnendorn.\nAz elnevez\u00e9sek sokf\u00e9les\u00e9ge is arra utal, hogy a n\u00f6v\u00e9ny ismerete \u00e9s felhaszn\u00e1l\u00e1sa val\u00f3ban sz\u00e9les k\u00f6r\u0171.<br \/>Aj rozmanitos\u0165 pomenovan\u00ed nasved\u010duje tomu, \u017ee znalos\u0165 rastliny a jeho vyu\u017eitie s\u00fa naozaj \u0161irokosiahle.<\/p>\t\t\t\t\t\t\t\t<\/div>\n\t\t\t\t<\/div>\n\t\t\t\t\t<\/div>\n\t\t<\/div>\n\t\t\t\t\t<\/div>\n\t\t<\/section>\n\t\t\t\t<\/div>","protected":false},"excerpt":{"rendered":"<p>\u010co je rakytn\u00edk Unik\u00e1tne ovocie bohat\u00e9 na kombin\u00e1ciu 10 vitam\u00ednov \u2013 antioxidantov, 15 stopov\u00fdch prvkov, olejov, nenas\u00fdten\u00fdch mastn\u00fdch kysel\u00edn a in\u00fdch biologicky akt\u00edvnych l\u00e1tok. Rakytn\u00edk (Hippophae rhamnoides) unik\u00e1tne ovocie bohat\u00e9 na kombin\u00e1ciu 10 vitam\u00ednov \u2013 antioxidantov, 15 stopov\u00fdch prvkov, olejov, nenas\u00fdten\u00fdch mastn\u00fdch kysel\u00edn a in\u00fdch\u00a0biologicky akt\u00edvnych l\u00e1tok. V poslednej dobe ve\u013emi ob\u013e\u00fabenou a\u00a0st\u00e1le \u010dastej\u0161ie pestovanou [&hellip;]<\/p>","protected":false},"author":2,"featured_media":0,"parent":0,"menu_order":0,"comment_status":"closed","ping_status":"closed","template":"template-fullwidth-no-heading.php","meta":{"footnotes":""},"class_list":["post-7035","page","type-page","status-publish","hentry"],"_links":{"self":[{"href":"https:\/\/zlatyrakytnik.sk\/hu\/wp-json\/wp\/v2\/pages\/7035","targetHints":{"allow":["GET"]}}],"collection":[{"href":"https:\/\/zlatyrakytnik.sk\/hu\/wp-json\/wp\/v2\/pages"}],"about":[{"href":"https:\/\/zlatyrakytnik.sk\/hu\/wp-json\/wp\/v2\/types\/page"}],"author":[{"embeddable":true,"href":"https:\/\/zlatyrakytnik.sk\/hu\/wp-json\/wp\/v2\/users\/2"}],"replies":[{"embeddable":true,"href":"https:\/\/zlatyrakytnik.sk\/hu\/wp-json\/wp\/v2\/comments?post=7035"}],"version-history":[{"count":0,"href":"https:\/\/zlatyrakytnik.sk\/hu\/wp-json\/wp\/v2\/pages\/7035\/revisions"}],"wp:attachment":[{"href":"https:\/\/zlatyrakytnik.sk\/hu\/wp-json\/wp\/v2\/media?parent=7035"}],"curies":[{"name":"wp","href":"https:\/\/api.w.org\/{rel}","templated":true}]}}