{"id":7054,"date":"2020-12-03T13:22:03","date_gmt":"2020-12-03T12:22:03","guid":{"rendered":"https:\/\/zlatyrakytnik.sk\/?page_id=7054"},"modified":"2021-04-26T11:31:43","modified_gmt":"2021-04-26T09:31:43","slug":"botanika","status":"publish","type":"page","link":"https:\/\/zlatyrakytnik.sk\/hu\/botanika\/","title":{"rendered":"N\u00f6v\u00e9nytan"},"content":{"rendered":"<div data-elementor-type=\"wp-post\" data-elementor-id=\"7054\" class=\"elementor elementor-7054\" data-elementor-post-type=\"page\">\n\t\t\t\t\t\t<section class=\"elementor-section elementor-top-section elementor-element elementor-element-15d6e1e9 elementor-section-stretched elementor-section-boxed elementor-section-height-default elementor-section-height-default\" data-id=\"15d6e1e9\" data-element_type=\"section\" data-settings=\"{&quot;stretch_section&quot;:&quot;section-stretched&quot;,&quot;background_background&quot;:&quot;classic&quot;}\">\n\t\t\t\t\t\t\t<div class=\"elementor-background-overlay\"><\/div>\n\t\t\t\t\t\t\t<div class=\"elementor-container elementor-column-gap-default\">\n\t\t\t\t\t<div class=\"elementor-column elementor-col-100 elementor-top-column elementor-element elementor-element-50f36a53\" data-id=\"50f36a53\" data-element_type=\"column\">\n\t\t\t<div class=\"elementor-widget-wrap elementor-element-populated\">\n\t\t\t\t\t\t<section class=\"elementor-section elementor-inner-section elementor-element elementor-element-4b35edce elementor-section-boxed elementor-section-height-default elementor-section-height-default\" data-id=\"4b35edce\" data-element_type=\"section\">\n\t\t\t\t\t\t<div class=\"elementor-container elementor-column-gap-default\">\n\t\t\t\t\t<div class=\"elementor-column elementor-col-50 elementor-inner-column elementor-element elementor-element-29a4f235\" data-id=\"29a4f235\" data-element_type=\"column\">\n\t\t\t<div class=\"elementor-widget-wrap elementor-element-populated\">\n\t\t\t\t\t\t<div class=\"elementor-element elementor-element-2ffa2730 elementor-invisible elementor-widget elementor-widget-heading\" data-id=\"2ffa2730\" data-element_type=\"widget\" data-settings=\"{&quot;_animation&quot;:&quot;fadeInUp&quot;}\" data-widget_type=\"heading.default\">\n\t\t\t\t<div class=\"elementor-widget-container\">\n\t\t\t\t\t<h1 class=\"elementor-heading-title elementor-size-default\">N\u00f6v\u00e9nytan<\/h1>\t\t\t\t<\/div>\n\t\t\t\t<\/div>\n\t\t\t\t<div class=\"elementor-element elementor-element-43097af8 elementor-invisible elementor-widget elementor-widget-heading\" data-id=\"43097af8\" data-element_type=\"widget\" data-settings=\"{&quot;_animation&quot;:&quot;fadeInDown&quot;}\" data-widget_type=\"heading.default\">\n\t\t\t\t<div class=\"elementor-widget-container\">\n\t\t\t\t\t<h6 class=\"elementor-heading-title elementor-size-default\">A homokt\u00f6vis ellen\u00e1ll\u00f3, gyorsan n\u00f6v\u0151, a f\u00f6ldet kiv\u00e1l\u00f3an k\u00f6t\u0151 n\u00f6v\u00e9ny.<\/h6>\t\t\t\t<\/div>\n\t\t\t\t<\/div>\n\t\t\t\t\t<\/div>\n\t\t<\/div>\n\t\t\t\t<div class=\"elementor-column elementor-col-50 elementor-inner-column elementor-element elementor-element-592516c3\" data-id=\"592516c3\" data-element_type=\"column\">\n\t\t\t<div class=\"elementor-widget-wrap\">\n\t\t\t\t\t\t\t<\/div>\n\t\t<\/div>\n\t\t\t\t\t<\/div>\n\t\t<\/section>\n\t\t\t\t\t<\/div>\n\t\t<\/div>\n\t\t\t\t\t<\/div>\n\t\t<\/section>\n\t\t\t\t<section class=\"elementor-section elementor-top-section elementor-element elementor-element-3d27e057 elementor-section-boxed elementor-section-height-default elementor-section-height-default\" data-id=\"3d27e057\" data-element_type=\"section\">\n\t\t\t\t\t\t<div class=\"elementor-container elementor-column-gap-default\">\n\t\t\t\t\t<div class=\"elementor-column elementor-col-100 elementor-top-column elementor-element elementor-element-b631303\" data-id=\"b631303\" data-element_type=\"column\">\n\t\t\t<div class=\"elementor-widget-wrap elementor-element-populated\">\n\t\t\t\t\t\t<div class=\"elementor-element elementor-element-ed94fbc elementor-widget elementor-widget-text-editor\" data-id=\"ed94fbc\" data-element_type=\"widget\" data-widget_type=\"text-editor.default\">\n\t\t\t\t<div class=\"elementor-widget-container\">\n\t\t\t\t\t\t\t\t\t<p>A homokt\u00f6vis ellen\u00e1ll\u00f3, gyorsan n\u00f6v\u0151, a f\u00f6ldet kiv\u00e1l\u00f3an k\u00f6t\u0151 n\u00f6v\u00e9ny. F\u00e9nykedvel\u0151, fagy-, sz\u00e1razs\u00e1g- \u00e9s l\u00e9gszennyez\u00e9st\u0171r\u0151, ez\u00e9rt j\u00f3l termeszthet\u0151 ak\u00e1r v\u00e1rosokban. K\u00e9tlaki, \u00fcltet\u00e9skor h\u00edm- \u00e9s n\u0151i egyed telep\u00edt\u00e9se sz\u00fcks\u00e9ges, egy h\u00edm ak\u00e1r \u00f6t n\u0151i egyedet is k\u00e9pes beporozni. S\u00e1rga vir\u00e1ga m\u00e1rcius-\u00e1prilisban ny\u00edlik, gy\u00fcm\u00f6lcse a n\u0151i egyedeken \u00e9rik augusztus elej\u00e9t\u0151l szeptember v\u00e9g\u00e9ig. S\u00e1rga, \u00e9l\u00e9nknarancss\u00e1rga \u00e1lbogy\u00f3term\u00e9se ebben az id\u0151szakban savany\u00fa, az els\u0151 fagyok ut\u00e1n kellemesen \u00e9des.<\/p><p>A homokt\u00f6vis sz\u00e9l- \u00e9s fagy\u00e1ll\u00f3, j\u00f3l t\u0171ri a szeg\u00e9ny \u00e9s s\u00f3s talajt is, gy\u00f6k\u00e9rzete igen fejlett. Gyakran haszn\u00e1lj\u00e1k homokd\u0171n\u00e9k meger\u0151s\u00edt\u00e9s\u00e9re, part \u00e9s foly\u00f3 menti ter\u00fcleteken, \u00fatt\u00f6r\u0151 n\u00f6v\u00e9nyk\u00e9nt alkalmas a regoszolokon val\u00f3 megteleped\u00e9sre, ahol lassan humuszt termel. Gyakran \u00fcltetik ki talajer\u00f3zi\u00f3 megakad\u00e1lyoz\u00e1sa \u00e9rdek\u00e9ben. Fagy\u00e1ll\u00f3s\u00e1ga \u00e9s narancss\u00e1rga bogy\u00f3term\u00e9sei adj\u00e1k magas d\u00edsz\u00edt\u0151 \u00e9rt\u00e9k\u00e9t, \u00e1m kis kertekben nem alkalmas a tart\u00e1sra, mivel terjedelmes gy\u00f6k\u00e9rzet\u00e9vel kiszor\u00edtja a szomsz\u00e9dos n\u00f6v\u00e9nyzetet.<\/p><p>Gazdas\u00e1gi jelent\u0151s\u00e9ge \u00e9lelmiszer- \u00e9s gy\u00f3gyszeripari felhaszn\u00e1l\u00e1s\u00e1ban rejlik.<\/p>\t\t\t\t\t\t\t\t<\/div>\n\t\t\t\t<\/div>\n\t\t\t\t\t<\/div>\n\t\t<\/div>\n\t\t\t\t\t<\/div>\n\t\t<\/section>\n\t\t\t\t<\/div>","protected":false},"excerpt":{"rendered":"<p>Botanika Je to odoln\u00e1 drevina, r\u00fdchlo rast\u00faca a v\u00fdborne spev\u0148uj\u00faca p\u00f4du. Je to odoln\u00e1 drevina, r\u00fdchlo rast\u00faca a v\u00fdborne spev\u0148uj\u00faca p\u00f4du. Je svetlomiln\u00e1, odoln\u00e1 vo\u010di mrazu, suchu aj zne\u010disteniu ovzdu\u0161ia, preto sa dobre uplat\u0148uje v mest\u00e1ch.\u00a0Ke\u010f\u017ee je to dvojdom\u00e1 rastlina, je potrebn\u00e9 vys\u00e1dza\u0165 sam\u010diu aj sami\u010diu rastlinu, pri\u010dom jedna sam\u010dia rastlina dok\u00e1\u017ee opeli\u0165 a\u017e 5 [&hellip;]<\/p>","protected":false},"author":2,"featured_media":0,"parent":0,"menu_order":0,"comment_status":"closed","ping_status":"closed","template":"template-fullwidth-no-heading.php","meta":{"footnotes":""},"class_list":["post-7054","page","type-page","status-publish","hentry"],"_links":{"self":[{"href":"https:\/\/zlatyrakytnik.sk\/hu\/wp-json\/wp\/v2\/pages\/7054","targetHints":{"allow":["GET"]}}],"collection":[{"href":"https:\/\/zlatyrakytnik.sk\/hu\/wp-json\/wp\/v2\/pages"}],"about":[{"href":"https:\/\/zlatyrakytnik.sk\/hu\/wp-json\/wp\/v2\/types\/page"}],"author":[{"embeddable":true,"href":"https:\/\/zlatyrakytnik.sk\/hu\/wp-json\/wp\/v2\/users\/2"}],"replies":[{"embeddable":true,"href":"https:\/\/zlatyrakytnik.sk\/hu\/wp-json\/wp\/v2\/comments?post=7054"}],"version-history":[{"count":0,"href":"https:\/\/zlatyrakytnik.sk\/hu\/wp-json\/wp\/v2\/pages\/7054\/revisions"}],"wp:attachment":[{"href":"https:\/\/zlatyrakytnik.sk\/hu\/wp-json\/wp\/v2\/media?parent=7054"}],"curies":[{"name":"wp","href":"https:\/\/api.w.org\/{rel}","templated":true}]}}