{"id":7157,"date":"2020-12-03T14:45:51","date_gmt":"2020-12-03T13:45:51","guid":{"rendered":"https:\/\/zlatyrakytnik.sk\/?page_id=7157"},"modified":"2021-04-26T11:34:14","modified_gmt":"2021-04-26T09:34:14","slug":"bio-vyroba","status":"publish","type":"page","link":"https:\/\/zlatyrakytnik.sk\/hu\/bio-vyroba\/","title":{"rendered":"Bio v\u00fdroba"},"content":{"rendered":"<div data-elementor-type=\"wp-post\" data-elementor-id=\"7157\" class=\"elementor elementor-7157\" data-elementor-post-type=\"page\">\n\t\t\t\t\t\t<section class=\"elementor-section elementor-top-section elementor-element elementor-element-15d6e1e9 elementor-section-stretched elementor-section-boxed elementor-section-height-default elementor-section-height-default\" data-id=\"15d6e1e9\" data-element_type=\"section\" data-settings=\"{&quot;stretch_section&quot;:&quot;section-stretched&quot;,&quot;background_background&quot;:&quot;classic&quot;}\">\n\t\t\t\t\t\t\t<div class=\"elementor-background-overlay\"><\/div>\n\t\t\t\t\t\t\t<div class=\"elementor-container elementor-column-gap-default\">\n\t\t\t\t\t<div class=\"elementor-column elementor-col-100 elementor-top-column elementor-element elementor-element-50f36a53\" data-id=\"50f36a53\" data-element_type=\"column\">\n\t\t\t<div class=\"elementor-widget-wrap elementor-element-populated\">\n\t\t\t\t\t\t<section class=\"elementor-section elementor-inner-section elementor-element elementor-element-4b35edce elementor-section-boxed elementor-section-height-default elementor-section-height-default\" data-id=\"4b35edce\" data-element_type=\"section\">\n\t\t\t\t\t\t<div class=\"elementor-container elementor-column-gap-default\">\n\t\t\t\t\t<div class=\"elementor-column elementor-col-50 elementor-inner-column elementor-element elementor-element-29a4f235\" data-id=\"29a4f235\" data-element_type=\"column\">\n\t\t\t<div class=\"elementor-widget-wrap elementor-element-populated\">\n\t\t\t\t\t\t<div class=\"elementor-element elementor-element-2ffa2730 elementor-invisible elementor-widget elementor-widget-heading\" data-id=\"2ffa2730\" data-element_type=\"widget\" data-settings=\"{&quot;_animation&quot;:&quot;fadeInUp&quot;}\" data-widget_type=\"heading.default\">\n\t\t\t\t<div class=\"elementor-widget-container\">\n\t\t\t\t\t<h1 class=\"elementor-heading-title elementor-size-default\">Bio v\u00fdroba<\/h1>\t\t\t\t<\/div>\n\t\t\t\t<\/div>\n\t\t\t\t<div class=\"elementor-element elementor-element-43097af8 elementor-invisible elementor-widget elementor-widget-heading\" data-id=\"43097af8\" data-element_type=\"widget\" data-settings=\"{&quot;_animation&quot;:&quot;fadeInDown&quot;}\" data-widget_type=\"heading.default\">\n\t\t\t\t<div class=\"elementor-widget-container\">\n\t\t\t\t\t<h6 class=\"elementor-heading-title elementor-size-default\">Hlavn\u00fdm rozdielom medzi ekologick\u00fdm a klasick\u00fdm po\u013enohospod\u00e1rstvom je, \u017ee v bio v\u00fdrobe sa nepou\u017e\u00edvaj\u00fa syntetick\u00e9 hnojiv\u00e1 ani tvrd\u00e9 chemick\u00e9 pr\u00edpravky na ochranu rastl\u00edn.<\/h6>\t\t\t\t<\/div>\n\t\t\t\t<\/div>\n\t\t\t\t\t<\/div>\n\t\t<\/div>\n\t\t\t\t<div class=\"elementor-column elementor-col-50 elementor-inner-column elementor-element elementor-element-8fc57b4\" data-id=\"8fc57b4\" data-element_type=\"column\">\n\t\t\t<div class=\"elementor-widget-wrap\">\n\t\t\t\t\t\t\t<\/div>\n\t\t<\/div>\n\t\t\t\t\t<\/div>\n\t\t<\/section>\n\t\t\t\t\t<\/div>\n\t\t<\/div>\n\t\t\t\t\t<\/div>\n\t\t<\/section>\n\t\t\t\t<section class=\"elementor-section elementor-top-section elementor-element elementor-element-3d27e057 elementor-section-boxed elementor-section-height-default elementor-section-height-default\" data-id=\"3d27e057\" data-element_type=\"section\">\n\t\t\t\t\t\t<div class=\"elementor-container elementor-column-gap-default\">\n\t\t\t\t\t<div class=\"elementor-column elementor-col-100 elementor-top-column elementor-element elementor-element-b631303\" data-id=\"b631303\" data-element_type=\"column\">\n\t\t\t<div class=\"elementor-widget-wrap elementor-element-populated\">\n\t\t\t\t\t\t<div class=\"elementor-element elementor-element-ed94fbc elementor-widget elementor-widget-text-editor\" data-id=\"ed94fbc\" data-element_type=\"widget\" data-widget_type=\"text-editor.default\">\n\t\t\t\t<div class=\"elementor-widget-container\">\n\t\t\t\t\t\t\t\t\t<div class=\"column mcb-column one column_image\"><div class=\"animate bounceIn\" data-anim-type=\"bounceIn\"><div class=\"image_frame image_item no_link scale-with-grid no_border\"><h5 class=\"image_wrapper\"><strong>BIO potraviny najvy\u0161\u0161ej kvality: bez obsahu chemik\u00e1li\u00ed<\/strong><\/h5><\/div><\/div><\/div><div class=\"column mcb-column one column_content\"><div class=\"the_content\"><div class=\"the_content_wrapper\"><p>Bio potraviny musia sp\u013a\u0148a\u0165 v\u0161etky po\u017eiadavky kladen\u00e9 na potraviny a\u00a0navy\u0161e aj n\u00e1ro\u010dn\u00e9 \u0161peci\u00e1lne po\u017eiadavky syst\u00e9mu ekologickej po\u013enohospod\u00e1rskej v\u00fdroby. Biopotraviny, ich zlo\u017eky, ako aj cel\u00fd v\u00fdrobn\u00fd proces podlieha registr\u00e1cii a pravidelnej kontrole. Biopotravina je vyroben\u00e1 minim\u00e1lne z 95% surov\u00edn poch\u00e1dzaj\u00facich z ekologick\u00e9ho po\u013enohospod\u00e1rstva. Hlavn\u00fdm rozdielom medzi ekologick\u00fdm a\u00a0klasick\u00fdm po\u013enohospod\u00e1rstvom je, \u017ee v\u00a0bio v\u00fdrobe sa nepou\u017e\u00edvaj\u00fa syntetick\u00e9 hnojiv\u00e1 ani tvrd\u00e9 chemick\u00e9 pr\u00edpravky na ochranu rastl\u00edn.<\/p><p>V\u00fdrobca biopotrav\u00edn PD Tvrdo\u0161ovce je registrovan\u00fd v syst\u00e9me ekologickej po\u013enohospod\u00e1rskej v\u00fdroby Slovenskej republiky, a to na \u00dastrednom kontrolnom a sk\u00fa\u0161obnom \u00fastave po\u013enohospod\u00e1rskom (\u00daKS\u00daP), na Odbore \u017eivotn\u00e9ho prostredia a ekologick\u00e9ho po\u013enohospod\u00e1rstva. In\u0161pek\u010dn\u00e1 organiz\u00e1cia Naturalis SK, s.r.o. ho pravidelne kontroluje \u010di a ako dodr\u017eiava pravidl\u00e1 v\u00fdroby biopotrav\u00edn.<\/p><p>Rakytn\u00edk re\u0161etliakovit\u00fd a\u00a0vini\u010d dostali \u0161tat\u00fat \u201eBIO\/Organic\u201c od firmy Naturalis SK, zaoberaj\u00facou sa BIO in\u0161pekciou, kontrolou a certifik\u00e1ciou v ekologickej po\u013enohospod\u00e1rskej v\u00fdrobe.\u00a0Certifik\u00e1t biopotraviny je d\u00f4kazom vy\u0161\u0161ej kvality BIO a je platn\u00fd vo v\u0161etk\u00fdch \u010dlensk\u00fdch \u0161t\u00e1toch E\u00da.<\/p><p>Na BIO produkty sa vz\u0165ahuje platn\u00e1 legislat\u00edva, v\u00a0s\u00falade s\u00a0ktorou sa vykon\u00e1va aj ich kontrola:<br \/>Nariadenie Rady (ES) \u010d. 834\/2007 o ekologickej v\u00fdrobe a ozna\u010dovan\u00ed ekologick\u00fdch produktov, ktor\u00fdm sa zru\u0161uje nariadenie (EHS) \u010d. 2092\/91,\u00a0Nariadenie Komisie (ES) \u010d. 889\/2008, ktor\u00fdm sa ustanovuj\u00fa podrobn\u00e9 pravidl\u00e1 implement\u00e1cie nariadenia Rady (ES) \u010d. 834\/2007 o ekologickej v\u00fdrobe a ozna\u010dovan\u00ed ekologick\u00fdch produktov so zrete\u013eom na ekologick\u00fa v\u00fdrobu, ozna\u010dovanie a kontrolu\u00a0Z\u00e1kon \u010d. 189\/2009 Z.z. o ekologickej po\u013enohospod\u00e1rskej v\u00fdrobe.<\/p><p class=\"western\" lang=\"sk-SK\">PD Tvrdo\u0161ovce maj\u00fa ovocn\u00e9 sady pln\u00e9 r\u00f4znych druhov marh\u00fa\u013e, jab\u013ak a brosk\u00fd\u0148, a\u00a0navy\u0161e aj rakytn\u00edka re\u0161etliakov\u00e9ho pod zna\u010dkou <b>Tvrdo\u0161ovsk\u00e9 zlato<\/b>. Pr\u00e1ve na tieto bobule pln\u00e9 zdravia sa \u0161pecializuj\u00fa v Tvrdo\u0161ovciach a vyr\u00e1baj\u00fa z nich skvel\u00e9 rakytn\u00edkov\u00e9 n\u00e1poje a \u010fal\u0161ie produkty. A\u017e 6 z nich bolo v roku 2014 ocenen\u00fdch <b>Zna\u010dkou kvality <\/b><b>SK GOLD<\/b>. Aj toto vyznamenanie dokazuje nadmern\u00fa \u00farove\u0148 ich kvalitny a pr\u00ednosu pre zdravie.<\/p><p class=\"western\" lang=\"sk-SK\">PD Tvrdo\u0161ovce sa zameriava na v\u00fdrobu kvalitn\u00fdch produktov z\u00a0pr\u00edrodn\u00fdch zdrojov, ktor\u00e9 prispievaj\u00fa k\u00a0Va\u0161ej pohode. <b>Kvalita je zaru\u010den\u00e1 dodr\u017eiavan\u00edm pr\u00edsnych predpisov a noriem na sp\u013a\u0148anie podmienok BIO hospod\u00e1rstva i udeleniu ocenen\u00ed SK GOLD<\/b>.<\/p><\/div><\/div><\/div>\t\t\t\t\t\t\t\t<\/div>\n\t\t\t\t<\/div>\n\t\t\t\t\t<\/div>\n\t\t<\/div>\n\t\t\t\t\t<\/div>\n\t\t<\/section>\n\t\t\t\t<\/div>","protected":false},"excerpt":{"rendered":"<p>Bio v\u00fdroba Hlavn\u00fdm rozdielom medzi ekologick\u00fdm a klasick\u00fdm po\u013enohospod\u00e1rstvom je, \u017ee v bio v\u00fdrobe sa nepou\u017e\u00edvaj\u00fa syntetick\u00e9 hnojiv\u00e1 ani tvrd\u00e9 chemick\u00e9 pr\u00edpravky na ochranu rastl\u00edn. BIO potraviny najvy\u0161\u0161ej kvality: bez obsahu chemik\u00e1li\u00ed Bio potraviny musia sp\u013a\u0148a\u0165 v\u0161etky po\u017eiadavky kladen\u00e9 na potraviny a\u00a0navy\u0161e aj n\u00e1ro\u010dn\u00e9 \u0161peci\u00e1lne po\u017eiadavky syst\u00e9mu ekologickej po\u013enohospod\u00e1rskej v\u00fdroby. Biopotraviny, ich zlo\u017eky, ako aj [&hellip;]<\/p>","protected":false},"author":2,"featured_media":0,"parent":0,"menu_order":0,"comment_status":"closed","ping_status":"closed","template":"template-fullwidth-no-heading.php","meta":{"footnotes":""},"class_list":["post-7157","page","type-page","status-publish","hentry"],"_links":{"self":[{"href":"https:\/\/zlatyrakytnik.sk\/hu\/wp-json\/wp\/v2\/pages\/7157","targetHints":{"allow":["GET"]}}],"collection":[{"href":"https:\/\/zlatyrakytnik.sk\/hu\/wp-json\/wp\/v2\/pages"}],"about":[{"href":"https:\/\/zlatyrakytnik.sk\/hu\/wp-json\/wp\/v2\/types\/page"}],"author":[{"embeddable":true,"href":"https:\/\/zlatyrakytnik.sk\/hu\/wp-json\/wp\/v2\/users\/2"}],"replies":[{"embeddable":true,"href":"https:\/\/zlatyrakytnik.sk\/hu\/wp-json\/wp\/v2\/comments?post=7157"}],"version-history":[{"count":0,"href":"https:\/\/zlatyrakytnik.sk\/hu\/wp-json\/wp\/v2\/pages\/7157\/revisions"}],"wp:attachment":[{"href":"https:\/\/zlatyrakytnik.sk\/hu\/wp-json\/wp\/v2\/media?parent=7157"}],"curies":[{"name":"wp","href":"https:\/\/api.w.org\/{rel}","templated":true}]}}