{"id":7191,"date":"2020-12-03T15:29:39","date_gmt":"2020-12-03T14:29:39","guid":{"rendered":"https:\/\/zlatyrakytnik.sk\/?page_id=7191"},"modified":"2021-04-26T11:34:27","modified_gmt":"2021-04-26T09:34:27","slug":"znacka-kvality","status":"publish","type":"page","link":"https:\/\/zlatyrakytnik.sk\/hu\/znacka-kvality\/","title":{"rendered":"Zna\u010dka kvality"},"content":{"rendered":"<div data-elementor-type=\"wp-post\" data-elementor-id=\"7191\" class=\"elementor elementor-7191\" data-elementor-post-type=\"page\">\n\t\t\t\t\t\t<section class=\"elementor-section elementor-top-section elementor-element elementor-element-15d6e1e9 elementor-section-stretched elementor-section-boxed elementor-section-height-default elementor-section-height-default\" data-id=\"15d6e1e9\" data-element_type=\"section\" data-settings=\"{&quot;stretch_section&quot;:&quot;section-stretched&quot;,&quot;background_background&quot;:&quot;classic&quot;}\">\n\t\t\t\t\t\t\t<div class=\"elementor-background-overlay\"><\/div>\n\t\t\t\t\t\t\t<div class=\"elementor-container elementor-column-gap-default\">\n\t\t\t\t\t<div class=\"elementor-column elementor-col-100 elementor-top-column elementor-element elementor-element-50f36a53\" data-id=\"50f36a53\" data-element_type=\"column\">\n\t\t\t<div class=\"elementor-widget-wrap elementor-element-populated\">\n\t\t\t\t\t\t<section class=\"elementor-section elementor-inner-section elementor-element elementor-element-4b35edce elementor-section-boxed elementor-section-height-default elementor-section-height-default\" data-id=\"4b35edce\" data-element_type=\"section\">\n\t\t\t\t\t\t<div class=\"elementor-container elementor-column-gap-default\">\n\t\t\t\t\t<div class=\"elementor-column elementor-col-50 elementor-inner-column elementor-element elementor-element-29a4f235\" data-id=\"29a4f235\" data-element_type=\"column\">\n\t\t\t<div class=\"elementor-widget-wrap elementor-element-populated\">\n\t\t\t\t\t\t<div class=\"elementor-element elementor-element-2ffa2730 elementor-invisible elementor-widget elementor-widget-heading\" data-id=\"2ffa2730\" data-element_type=\"widget\" data-settings=\"{&quot;_animation&quot;:&quot;fadeInUp&quot;}\" data-widget_type=\"heading.default\">\n\t\t\t\t<div class=\"elementor-widget-container\">\n\t\t\t\t\t<h1 class=\"elementor-heading-title elementor-size-default\">Zna\u010dka kvality<\/h1>\t\t\t\t<\/div>\n\t\t\t\t<\/div>\n\t\t\t\t<div class=\"elementor-element elementor-element-43097af8 elementor-invisible elementor-widget elementor-widget-heading\" data-id=\"43097af8\" data-element_type=\"widget\" data-settings=\"{&quot;_animation&quot;:&quot;fadeInDown&quot;}\" data-widget_type=\"heading.default\">\n\t\t\t\t<div class=\"elementor-widget-container\">\n\t\t\t\t\t<h6 class=\"elementor-heading-title elementor-size-default\">Rakytn\u00edk re\u0161etliakovit\u00fd a vini\u010d dostali \u0161tat\u00fat \u201eBIO\/Organic\u201c od spolo\u010dnosti Naturalis SK, zaoberaj\u00facou sa BIO in\u0161pekciou, kontrolou a certifik\u00e1ciou v ekologickej po\u013enohospod\u00e1rskej v\u00fdrobe.<\/h6>\t\t\t\t<\/div>\n\t\t\t\t<\/div>\n\t\t\t\t\t<\/div>\n\t\t<\/div>\n\t\t\t\t<div class=\"elementor-column elementor-col-50 elementor-inner-column elementor-element elementor-element-8fc57b4\" data-id=\"8fc57b4\" data-element_type=\"column\">\n\t\t\t<div class=\"elementor-widget-wrap\">\n\t\t\t\t\t\t\t<\/div>\n\t\t<\/div>\n\t\t\t\t\t<\/div>\n\t\t<\/section>\n\t\t\t\t\t<\/div>\n\t\t<\/div>\n\t\t\t\t\t<\/div>\n\t\t<\/section>\n\t\t\t\t<section class=\"elementor-section elementor-top-section elementor-element elementor-element-3d27e057 elementor-section-boxed elementor-section-height-default elementor-section-height-default\" data-id=\"3d27e057\" data-element_type=\"section\">\n\t\t\t\t\t\t<div class=\"elementor-container elementor-column-gap-default\">\n\t\t\t\t\t<div class=\"elementor-column elementor-col-100 elementor-top-column elementor-element elementor-element-b631303\" data-id=\"b631303\" data-element_type=\"column\">\n\t\t\t<div class=\"elementor-widget-wrap elementor-element-populated\">\n\t\t\t\t\t\t<div class=\"elementor-element elementor-element-ed94fbc elementor-widget elementor-widget-text-editor\" data-id=\"ed94fbc\" data-element_type=\"widget\" data-widget_type=\"text-editor.default\">\n\t\t\t\t<div class=\"elementor-widget-container\">\n\t\t\t\t\t\t\t\t\t<strong>9\u00a0rakytn\u00edkov\u00fdch produktov<\/strong> je nosite\u013eom v\u00fdznamn\u00e9ho ocenenia \u201eZna\u010dka kvality GOLD\u201c. Rakytn\u00edk re\u0161etliakovit\u00fd a\u00a0vini\u010d dostali \u0161tat\u00fat \u201eBIO\/Organic\u201c od spolo\u010dnosti Naturalis SK, zaoberaj\u00facou sa BIO in\u0161pekciou, kontrolou a certifik\u00e1ciou v ekologickej po\u013enohospod\u00e1rskej v\u00fdrobe.\n\nZna\u010dka kvality SK je vlastn\u00edctvom\u00a0Ministerstva p\u00f4dohospod\u00e1rstva a rozvoja vidieka SR a bola uveden\u00e1 do u\u017e\u00edvania v\u00a0roku 2004 na podporu spotreby dom\u00e1cej potravinovej produkcie v\u00a0rozrastaj\u00facom sa konkuren\u010dnom prostred\u00ed po vstupe Slovenska do E\u00da. Prioritou programu od za\u010diatku bolo zvidite\u013eni\u0165 dom\u00e1ce kvalitn\u00e9 v\u00fdrobky a\u00a0posilni\u0165 tak ich konkurencieschopnos\u0165 na dom\u00e1com trhu. Zlat\u00fdm logom Zna\u010dky kvality SK GOLD sa m\u00f4\u017eu p\u00fd\u0161i\u0165 v\u00fdrobcovia produktov, ktor\u00e9 nad\u0161tandardn\u00fdmi kvalitat\u00edvnymi parametrami prevy\u0161uj\u00fa im podobn\u00e9 v\u00fdrobky na na\u0161om trhu.\n\nJednou z\u00a0krit\u00e9ri\u00ed Zna\u010dky kvality je, aby minim\u00e1lne 75% pou\u017eit\u00fdch surov\u00edn bolo z\u00a0dom\u00e1cej suroviny a\u00a0v\u0161etky f\u00e1zy v\u00fdrobn\u00e9ho procesu sa musia uskuto\u010d\u0148ova\u0165 na \u00fazem\u00ed Slovenskej republiky.\n\nPre spotrebite\u013ea je Zna\u010dka kvality z\u00e1rukou, \u017ee nakupuj\u00fa kvalitn\u00e9 slovensk\u00e9 produkty, ktor\u00e9 sp\u013a\u0148aj\u00fa v\u0161etky krit\u00e9ria pod\u013ea z\u00e1sad zna\u010dky za dodr\u017eania \u00a0n\u00e1rodnej legislat\u00edvy, ale aj legislat\u00edvy E\u00da, za dodr\u017eania v\u00fdrobcom deklarovan\u00e9ho technologick\u00e9ho postupu po\u010das cel\u00e9ho v\u00fdrobn\u00e9ho procesu, pri\u010dom s\u00fa pravidelne kontrolovan\u00e9 org\u00e1nmi \u0160t\u00e1tnej veterin\u00e1rnej a\u00a0potravinovej spr\u00e1vy SR.\t\t\t\t\t\t\t\t<\/div>\n\t\t\t\t<\/div>\n\t\t\t\t<div class=\"elementor-element elementor-element-0e25acc elementor-widget elementor-widget-spacer\" data-id=\"0e25acc\" data-element_type=\"widget\" data-widget_type=\"spacer.default\">\n\t\t\t\t<div class=\"elementor-widget-container\">\n\t\t\t\t\t\t\t<div class=\"elementor-spacer\">\n\t\t\t<div class=\"elementor-spacer-inner\"><\/div>\n\t\t<\/div>\n\t\t\t\t\t\t<\/div>\n\t\t\t\t<\/div>\n\t\t\t\t<div class=\"elementor-element elementor-element-7c852cf gallery-spacing-custom elementor-widget elementor-widget-image-gallery\" data-id=\"7c852cf\" data-element_type=\"widget\" data-widget_type=\"image-gallery.default\">\n\t\t\t\t<div class=\"elementor-widget-container\">\n\t\t\t\t\t\t\t<div class=\"elementor-image-gallery\">\n\t\t\t<div id='gallery-1' class='gallery galleryid-7191 gallery-columns-8 gallery-size-full'><figure class='gallery-item'>\n\t\t\t<div class='gallery-icon portrait'>\n\t\t\t\t<a data-elementor-open-lightbox=\"yes\" data-elementor-lightbox-slideshow=\"7c852cf\" data-elementor-lightbox-title=\"image\" data-e-action-hash=\"#elementor-action%3Aaction%3Dlightbox%26settings%3DeyJpZCI6NzE5OCwidXJsIjoiaHR0cHM6XC9cL3psYXR5cmFreXRuaWsuc2tcL3dwLWNvbnRlbnRcL3VwbG9hZHNcLzIwMjBcLzEyXC9pbWFnZS5qcGVnIiwic2xpZGVzaG93IjoiN2M4NTJjZiJ9\" href='https:\/\/zlatyrakytnik.sk\/wp-content\/uploads\/2020\/12\/image.jpeg'><img fetchpriority=\"high\" decoding=\"async\" width=\"1024\" height=\"1448\" src=\"https:\/\/zlatyrakytnik.sk\/wp-content\/uploads\/2020\/12\/image.jpeg\" class=\"attachment-full size-full\" alt=\"\" srcset=\"https:\/\/zlatyrakytnik.sk\/wp-content\/uploads\/2020\/12\/image.jpeg 1024w, https:\/\/zlatyrakytnik.sk\/wp-content\/uploads\/2020\/12\/image-150x212.jpeg 150w, https:\/\/zlatyrakytnik.sk\/wp-content\/uploads\/2020\/12\/image-600x848.jpeg 600w, https:\/\/zlatyrakytnik.sk\/wp-content\/uploads\/2020\/12\/image-212x300.jpeg 212w, https:\/\/zlatyrakytnik.sk\/wp-content\/uploads\/2020\/12\/image-724x1024.jpeg 724w, https:\/\/zlatyrakytnik.sk\/wp-content\/uploads\/2020\/12\/image-768x1086.jpeg 768w\" sizes=\"(max-width: 360px) 147px, (max-width: 1024px) 100vw, 1024px\" \/><\/a>\n\t\t\t<\/div><\/figure><figure class='gallery-item'>\n\t\t\t<div class='gallery-icon portrait'>\n\t\t\t\t<a data-elementor-open-lightbox=\"yes\" data-elementor-lightbox-slideshow=\"7c852cf\" data-elementor-lightbox-title=\"image\" data-e-action-hash=\"#elementor-action%3Aaction%3Dlightbox%26settings%3DeyJpZCI6NzE5OSwidXJsIjoiaHR0cHM6XC9cL3psYXR5cmFreXRuaWsuc2tcL3dwLWNvbnRlbnRcL3VwbG9hZHNcLzIwMjBcLzEyXC9pbWFnZS0xLmpwZWciLCJzbGlkZXNob3ciOiI3Yzg1MmNmIn0%3D\" href='https:\/\/zlatyrakytnik.sk\/wp-content\/uploads\/2020\/12\/image-1.jpeg'><img decoding=\"async\" width=\"1024\" height=\"1448\" src=\"https:\/\/zlatyrakytnik.sk\/wp-content\/uploads\/2020\/12\/image-1.jpeg\" class=\"attachment-full size-full\" alt=\"\" srcset=\"https:\/\/zlatyrakytnik.sk\/wp-content\/uploads\/2020\/12\/image-1.jpeg 1024w, https:\/\/zlatyrakytnik.sk\/wp-content\/uploads\/2020\/12\/image-1-150x212.jpeg 150w, https:\/\/zlatyrakytnik.sk\/wp-content\/uploads\/2020\/12\/image-1-600x848.jpeg 600w, https:\/\/zlatyrakytnik.sk\/wp-content\/uploads\/2020\/12\/image-1-212x300.jpeg 212w, https:\/\/zlatyrakytnik.sk\/wp-content\/uploads\/2020\/12\/image-1-724x1024.jpeg 724w, https:\/\/zlatyrakytnik.sk\/wp-content\/uploads\/2020\/12\/image-1-768x1086.jpeg 768w\" sizes=\"(max-width: 360px) 147px, (max-width: 1024px) 100vw, 1024px\" \/><\/a>\n\t\t\t<\/div><\/figure><figure class='gallery-item'>\n\t\t\t<div class='gallery-icon portrait'>\n\t\t\t\t<a data-elementor-open-lightbox=\"yes\" data-elementor-lightbox-slideshow=\"7c852cf\" data-elementor-lightbox-title=\"image\" data-e-action-hash=\"#elementor-action%3Aaction%3Dlightbox%26settings%3DeyJpZCI6NzIwMCwidXJsIjoiaHR0cHM6XC9cL3psYXR5cmFreXRuaWsuc2tcL3dwLWNvbnRlbnRcL3VwbG9hZHNcLzIwMjBcLzEyXC9pbWFnZS0yLmpwZWciLCJzbGlkZXNob3ciOiI3Yzg1MmNmIn0%3D\" href='https:\/\/zlatyrakytnik.sk\/wp-content\/uploads\/2020\/12\/image-2.jpeg'><img decoding=\"async\" width=\"1024\" height=\"1448\" src=\"https:\/\/zlatyrakytnik.sk\/wp-content\/uploads\/2020\/12\/image-2.jpeg\" class=\"attachment-full size-full\" alt=\"\" srcset=\"https:\/\/zlatyrakytnik.sk\/wp-content\/uploads\/2020\/12\/image-2.jpeg 1024w, https:\/\/zlatyrakytnik.sk\/wp-content\/uploads\/2020\/12\/image-2-150x212.jpeg 150w, https:\/\/zlatyrakytnik.sk\/wp-content\/uploads\/2020\/12\/image-2-600x848.jpeg 600w, https:\/\/zlatyrakytnik.sk\/wp-content\/uploads\/2020\/12\/image-2-212x300.jpeg 212w, https:\/\/zlatyrakytnik.sk\/wp-content\/uploads\/2020\/12\/image-2-724x1024.jpeg 724w, https:\/\/zlatyrakytnik.sk\/wp-content\/uploads\/2020\/12\/image-2-768x1086.jpeg 768w\" sizes=\"(max-width: 360px) 147px, (max-width: 1024px) 100vw, 1024px\" \/><\/a>\n\t\t\t<\/div><\/figure><figure class='gallery-item'>\n\t\t\t<div class='gallery-icon portrait'>\n\t\t\t\t<a data-elementor-open-lightbox=\"yes\" data-elementor-lightbox-slideshow=\"7c852cf\" data-elementor-lightbox-title=\"image\" data-e-action-hash=\"#elementor-action%3Aaction%3Dlightbox%26settings%3DeyJpZCI6NzIwMSwidXJsIjoiaHR0cHM6XC9cL3psYXR5cmFreXRuaWsuc2tcL3dwLWNvbnRlbnRcL3VwbG9hZHNcLzIwMjBcLzEyXC9pbWFnZS0zLmpwZWciLCJzbGlkZXNob3ciOiI3Yzg1MmNmIn0%3D\" href='https:\/\/zlatyrakytnik.sk\/wp-content\/uploads\/2020\/12\/image-3.jpeg'><img loading=\"lazy\" decoding=\"async\" width=\"1024\" height=\"1448\" src=\"https:\/\/zlatyrakytnik.sk\/wp-content\/uploads\/2020\/12\/image-3.jpeg\" class=\"attachment-full size-full\" alt=\"\" srcset=\"https:\/\/zlatyrakytnik.sk\/wp-content\/uploads\/2020\/12\/image-3.jpeg 1024w, https:\/\/zlatyrakytnik.sk\/wp-content\/uploads\/2020\/12\/image-3-150x212.jpeg 150w, https:\/\/zlatyrakytnik.sk\/wp-content\/uploads\/2020\/12\/image-3-600x848.jpeg 600w, https:\/\/zlatyrakytnik.sk\/wp-content\/uploads\/2020\/12\/image-3-212x300.jpeg 212w, https:\/\/zlatyrakytnik.sk\/wp-content\/uploads\/2020\/12\/image-3-724x1024.jpeg 724w, https:\/\/zlatyrakytnik.sk\/wp-content\/uploads\/2020\/12\/image-3-768x1086.jpeg 768w\" sizes=\"(max-width: 360px) 147px, (max-width: 1024px) 100vw, 1024px\" \/><\/a>\n\t\t\t<\/div><\/figure><figure class='gallery-item'>\n\t\t\t<div class='gallery-icon portrait'>\n\t\t\t\t<a data-elementor-open-lightbox=\"yes\" data-elementor-lightbox-slideshow=\"7c852cf\" data-elementor-lightbox-title=\"image\" data-e-action-hash=\"#elementor-action%3Aaction%3Dlightbox%26settings%3DeyJpZCI6NzIwMiwidXJsIjoiaHR0cHM6XC9cL3psYXR5cmFreXRuaWsuc2tcL3dwLWNvbnRlbnRcL3VwbG9hZHNcLzIwMjBcLzEyXC9pbWFnZS00LmpwZWciLCJzbGlkZXNob3ciOiI3Yzg1MmNmIn0%3D\" href='https:\/\/zlatyrakytnik.sk\/wp-content\/uploads\/2020\/12\/image-4.jpeg'><img loading=\"lazy\" decoding=\"async\" width=\"1024\" height=\"1448\" src=\"https:\/\/zlatyrakytnik.sk\/wp-content\/uploads\/2020\/12\/image-4.jpeg\" class=\"attachment-full size-full\" alt=\"\" srcset=\"https:\/\/zlatyrakytnik.sk\/wp-content\/uploads\/2020\/12\/image-4.jpeg 1024w, https:\/\/zlatyrakytnik.sk\/wp-content\/uploads\/2020\/12\/image-4-150x212.jpeg 150w, https:\/\/zlatyrakytnik.sk\/wp-content\/uploads\/2020\/12\/image-4-600x848.jpeg 600w, https:\/\/zlatyrakytnik.sk\/wp-content\/uploads\/2020\/12\/image-4-212x300.jpeg 212w, https:\/\/zlatyrakytnik.sk\/wp-content\/uploads\/2020\/12\/image-4-724x1024.jpeg 724w, https:\/\/zlatyrakytnik.sk\/wp-content\/uploads\/2020\/12\/image-4-768x1086.jpeg 768w\" sizes=\"(max-width: 360px) 147px, (max-width: 1024px) 100vw, 1024px\" \/><\/a>\n\t\t\t<\/div><\/figure><figure class='gallery-item'>\n\t\t\t<div class='gallery-icon portrait'>\n\t\t\t\t<a data-elementor-open-lightbox=\"yes\" data-elementor-lightbox-slideshow=\"7c852cf\" data-elementor-lightbox-title=\"image\" data-e-action-hash=\"#elementor-action%3Aaction%3Dlightbox%26settings%3DeyJpZCI6NzIwMywidXJsIjoiaHR0cHM6XC9cL3psYXR5cmFreXRuaWsuc2tcL3dwLWNvbnRlbnRcL3VwbG9hZHNcLzIwMjBcLzEyXC9pbWFnZS01LmpwZWciLCJzbGlkZXNob3ciOiI3Yzg1MmNmIn0%3D\" href='https:\/\/zlatyrakytnik.sk\/wp-content\/uploads\/2020\/12\/image-5.jpeg'><img loading=\"lazy\" decoding=\"async\" width=\"1024\" height=\"1448\" src=\"https:\/\/zlatyrakytnik.sk\/wp-content\/uploads\/2020\/12\/image-5.jpeg\" class=\"attachment-full size-full\" alt=\"\" srcset=\"https:\/\/zlatyrakytnik.sk\/wp-content\/uploads\/2020\/12\/image-5.jpeg 1024w, https:\/\/zlatyrakytnik.sk\/wp-content\/uploads\/2020\/12\/image-5-150x212.jpeg 150w, https:\/\/zlatyrakytnik.sk\/wp-content\/uploads\/2020\/12\/image-5-600x848.jpeg 600w, https:\/\/zlatyrakytnik.sk\/wp-content\/uploads\/2020\/12\/image-5-212x300.jpeg 212w, https:\/\/zlatyrakytnik.sk\/wp-content\/uploads\/2020\/12\/image-5-724x1024.jpeg 724w, https:\/\/zlatyrakytnik.sk\/wp-content\/uploads\/2020\/12\/image-5-768x1086.jpeg 768w\" sizes=\"(max-width: 360px) 147px, (max-width: 1024px) 100vw, 1024px\" \/><\/a>\n\t\t\t<\/div><\/figure><figure class='gallery-item'>\n\t\t\t<div class='gallery-icon portrait'>\n\t\t\t\t<a data-elementor-open-lightbox=\"yes\" data-elementor-lightbox-slideshow=\"7c852cf\" data-elementor-lightbox-title=\"image\" data-e-action-hash=\"#elementor-action%3Aaction%3Dlightbox%26settings%3DeyJpZCI6NzIwNCwidXJsIjoiaHR0cHM6XC9cL3psYXR5cmFreXRuaWsuc2tcL3dwLWNvbnRlbnRcL3VwbG9hZHNcLzIwMjBcLzEyXC9pbWFnZS02LmpwZWciLCJzbGlkZXNob3ciOiI3Yzg1MmNmIn0%3D\" href='https:\/\/zlatyrakytnik.sk\/wp-content\/uploads\/2020\/12\/image-6.jpeg'><img loading=\"lazy\" decoding=\"async\" width=\"1024\" height=\"1448\" src=\"https:\/\/zlatyrakytnik.sk\/wp-content\/uploads\/2020\/12\/image-6.jpeg\" class=\"attachment-full size-full\" alt=\"\" srcset=\"https:\/\/zlatyrakytnik.sk\/wp-content\/uploads\/2020\/12\/image-6.jpeg 1024w, https:\/\/zlatyrakytnik.sk\/wp-content\/uploads\/2020\/12\/image-6-150x212.jpeg 150w, https:\/\/zlatyrakytnik.sk\/wp-content\/uploads\/2020\/12\/image-6-600x848.jpeg 600w, https:\/\/zlatyrakytnik.sk\/wp-content\/uploads\/2020\/12\/image-6-212x300.jpeg 212w, https:\/\/zlatyrakytnik.sk\/wp-content\/uploads\/2020\/12\/image-6-724x1024.jpeg 724w, https:\/\/zlatyrakytnik.sk\/wp-content\/uploads\/2020\/12\/image-6-768x1086.jpeg 768w\" sizes=\"(max-width: 360px) 147px, (max-width: 1024px) 100vw, 1024px\" \/><\/a>\n\t\t\t<\/div><\/figure><figure class='gallery-item'>\n\t\t\t<div class='gallery-icon portrait'>\n\t\t\t\t<a data-elementor-open-lightbox=\"yes\" data-elementor-lightbox-slideshow=\"7c852cf\" data-elementor-lightbox-title=\"image\" data-e-action-hash=\"#elementor-action%3Aaction%3Dlightbox%26settings%3DeyJpZCI6NzIwNSwidXJsIjoiaHR0cHM6XC9cL3psYXR5cmFreXRuaWsuc2tcL3dwLWNvbnRlbnRcL3VwbG9hZHNcLzIwMjBcLzEyXC9pbWFnZS03LmpwZWciLCJzbGlkZXNob3ciOiI3Yzg1MmNmIn0%3D\" href='https:\/\/zlatyrakytnik.sk\/wp-content\/uploads\/2020\/12\/image-7.jpeg'><img loading=\"lazy\" decoding=\"async\" width=\"1024\" height=\"1448\" src=\"https:\/\/zlatyrakytnik.sk\/wp-content\/uploads\/2020\/12\/image-7.jpeg\" class=\"attachment-full size-full\" alt=\"\" srcset=\"https:\/\/zlatyrakytnik.sk\/wp-content\/uploads\/2020\/12\/image-7.jpeg 1024w, https:\/\/zlatyrakytnik.sk\/wp-content\/uploads\/2020\/12\/image-7-150x212.jpeg 150w, https:\/\/zlatyrakytnik.sk\/wp-content\/uploads\/2020\/12\/image-7-600x848.jpeg 600w, https:\/\/zlatyrakytnik.sk\/wp-content\/uploads\/2020\/12\/image-7-212x300.jpeg 212w, https:\/\/zlatyrakytnik.sk\/wp-content\/uploads\/2020\/12\/image-7-724x1024.jpeg 724w, https:\/\/zlatyrakytnik.sk\/wp-content\/uploads\/2020\/12\/image-7-768x1086.jpeg 768w\" sizes=\"(max-width: 360px) 147px, (max-width: 1024px) 100vw, 1024px\" \/><\/a>\n\t\t\t<\/div><\/figure>\n\t\t<\/div>\n\t\t<\/div>\n\t\t\t\t\t\t<\/div>\n\t\t\t\t<\/div>\n\t\t\t\t\t<\/div>\n\t\t<\/div>\n\t\t\t\t\t<\/div>\n\t\t<\/section>\n\t\t\t\t<\/div>","protected":false},"excerpt":{"rendered":"<p>Zna\u010dka kvality Rakytn\u00edk re\u0161etliakovit\u00fd a vini\u010d dostali \u0161tat\u00fat \u201eBIO\/Organic\u201c od spolo\u010dnosti Naturalis SK, zaoberaj\u00facou sa BIO in\u0161pekciou, kontrolou a certifik\u00e1ciou v ekologickej po\u013enohospod\u00e1rskej v\u00fdrobe. 9\u00a0rakytn\u00edkov\u00fdch produktov je nosite\u013eom v\u00fdznamn\u00e9ho ocenenia \u201eZna\u010dka kvality GOLD\u201c. Rakytn\u00edk re\u0161etliakovit\u00fd a\u00a0vini\u010d dostali \u0161tat\u00fat \u201eBIO\/Organic\u201c od spolo\u010dnosti Naturalis SK, zaoberaj\u00facou sa BIO in\u0161pekciou, kontrolou a certifik\u00e1ciou v ekologickej po\u013enohospod\u00e1rskej v\u00fdrobe. Zna\u010dka [&hellip;]<\/p>","protected":false},"author":2,"featured_media":0,"parent":0,"menu_order":0,"comment_status":"closed","ping_status":"closed","template":"template-fullwidth-no-heading.php","meta":{"footnotes":""},"class_list":["post-7191","page","type-page","status-publish","hentry"],"_links":{"self":[{"href":"https:\/\/zlatyrakytnik.sk\/hu\/wp-json\/wp\/v2\/pages\/7191","targetHints":{"allow":["GET"]}}],"collection":[{"href":"https:\/\/zlatyrakytnik.sk\/hu\/wp-json\/wp\/v2\/pages"}],"about":[{"href":"https:\/\/zlatyrakytnik.sk\/hu\/wp-json\/wp\/v2\/types\/page"}],"author":[{"embeddable":true,"href":"https:\/\/zlatyrakytnik.sk\/hu\/wp-json\/wp\/v2\/users\/2"}],"replies":[{"embeddable":true,"href":"https:\/\/zlatyrakytnik.sk\/hu\/wp-json\/wp\/v2\/comments?post=7191"}],"version-history":[{"count":0,"href":"https:\/\/zlatyrakytnik.sk\/hu\/wp-json\/wp\/v2\/pages\/7191\/revisions"}],"wp:attachment":[{"href":"https:\/\/zlatyrakytnik.sk\/hu\/wp-json\/wp\/v2\/media?parent=7191"}],"curies":[{"name":"wp","href":"https:\/\/api.w.org\/{rel}","templated":true}]}}