{"id":7215,"date":"2020-12-03T15:53:12","date_gmt":"2020-12-03T14:53:12","guid":{"rendered":"https:\/\/zlatyrakytnik.sk\/?page_id=7215"},"modified":"2021-04-26T11:34:52","modified_gmt":"2021-04-26T09:34:52","slug":"pd-tvrdosovce","status":"publish","type":"page","link":"https:\/\/zlatyrakytnik.sk\/hu\/pd-tvrdosovce\/","title":{"rendered":"PD Tvrdo\u0161ovce"},"content":{"rendered":"<div data-elementor-type=\"wp-post\" data-elementor-id=\"7215\" class=\"elementor elementor-7215\" data-elementor-post-type=\"page\">\n\t\t\t\t\t\t<section class=\"elementor-section elementor-top-section elementor-element elementor-element-15d6e1e9 elementor-section-stretched elementor-section-boxed elementor-section-height-default elementor-section-height-default\" data-id=\"15d6e1e9\" data-element_type=\"section\" data-settings=\"{&quot;stretch_section&quot;:&quot;section-stretched&quot;,&quot;background_background&quot;:&quot;classic&quot;}\">\n\t\t\t\t\t\t\t<div class=\"elementor-background-overlay\"><\/div>\n\t\t\t\t\t\t\t<div class=\"elementor-container elementor-column-gap-default\">\n\t\t\t\t\t<div class=\"elementor-column elementor-col-100 elementor-top-column elementor-element elementor-element-50f36a53\" data-id=\"50f36a53\" data-element_type=\"column\">\n\t\t\t<div class=\"elementor-widget-wrap elementor-element-populated\">\n\t\t\t\t\t\t<section class=\"elementor-section elementor-inner-section elementor-element elementor-element-4b35edce elementor-section-boxed elementor-section-height-default elementor-section-height-default\" data-id=\"4b35edce\" data-element_type=\"section\">\n\t\t\t\t\t\t<div class=\"elementor-container elementor-column-gap-default\">\n\t\t\t\t\t<div class=\"elementor-column elementor-col-50 elementor-inner-column elementor-element elementor-element-29a4f235\" data-id=\"29a4f235\" data-element_type=\"column\">\n\t\t\t<div class=\"elementor-widget-wrap elementor-element-populated\">\n\t\t\t\t\t\t<div class=\"elementor-element elementor-element-2ffa2730 elementor-invisible elementor-widget elementor-widget-heading\" data-id=\"2ffa2730\" data-element_type=\"widget\" data-settings=\"{&quot;_animation&quot;:&quot;fadeInUp&quot;}\" data-widget_type=\"heading.default\">\n\t\t\t\t<div class=\"elementor-widget-container\">\n\t\t\t\t\t<h1 class=\"elementor-heading-title elementor-size-default\">PD Tvrdo\u0161ovce<\/h1>\t\t\t\t<\/div>\n\t\t\t\t<\/div>\n\t\t\t\t<div class=\"elementor-element elementor-element-43097af8 elementor-invisible elementor-widget elementor-widget-heading\" data-id=\"43097af8\" data-element_type=\"widget\" data-settings=\"{&quot;_animation&quot;:&quot;fadeInDown&quot;}\" data-widget_type=\"heading.default\">\n\t\t\t\t<div class=\"elementor-widget-container\">\n\t\t\t\t\t<h6 class=\"elementor-heading-title elementor-size-default\">Po\u013enohospod\u00e1rske dru\u017estvo Tvrdo\u0161ovce za\u010dalo ako jedin\u00e9 na Slovensku plant\u00e1\u017eovo pestova\u0165 rakytn\u00edk re\u0161etliakov\u00fd. Za\u010diatky neboli jednoduch\u00e9 \u2013 niekedy trv\u00e1 a\u017e 6-8 rokov, k\u00fdm ker za\u010dne rodi\u0165<\/h6>\t\t\t\t<\/div>\n\t\t\t\t<\/div>\n\t\t\t\t\t<\/div>\n\t\t<\/div>\n\t\t\t\t<div class=\"elementor-column elementor-col-50 elementor-inner-column elementor-element elementor-element-8fc57b4\" data-id=\"8fc57b4\" data-element_type=\"column\">\n\t\t\t<div class=\"elementor-widget-wrap\">\n\t\t\t\t\t\t\t<\/div>\n\t\t<\/div>\n\t\t\t\t\t<\/div>\n\t\t<\/section>\n\t\t\t\t\t<\/div>\n\t\t<\/div>\n\t\t\t\t\t<\/div>\n\t\t<\/section>\n\t\t\t\t<section class=\"elementor-section elementor-top-section elementor-element elementor-element-3d27e057 elementor-section-boxed elementor-section-height-default elementor-section-height-default\" data-id=\"3d27e057\" data-element_type=\"section\">\n\t\t\t\t\t\t<div class=\"elementor-container elementor-column-gap-default\">\n\t\t\t\t\t<div class=\"elementor-column elementor-col-100 elementor-top-column elementor-element elementor-element-b631303\" data-id=\"b631303\" data-element_type=\"column\">\n\t\t\t<div class=\"elementor-widget-wrap elementor-element-populated\">\n\t\t\t\t\t\t<div class=\"elementor-element elementor-element-ed94fbc elementor-widget elementor-widget-text-editor\" data-id=\"ed94fbc\" data-element_type=\"widget\" data-widget_type=\"text-editor.default\">\n\t\t\t\t<div class=\"elementor-widget-container\">\n\t\t\t\t\t\t\t\t\t<p>Po\u013enohospod\u00e1rske dru\u017estvo Tvrdo\u0161ovce za\u010dalo ako jedin\u00e9 na Slovensku plant\u00e1\u017eovo pestova\u0165 rakytn\u00edk re\u0161etliakov\u00fd. Za\u010diatky neboli jednoduch\u00e9 \u2013 niekedy trv\u00e1 a\u017e 6-8 rokov, k\u00fdm ker za\u010dne rodi\u0165. Tamoj\u0161\u00ed \u013eudia v\u0161ak boli a\u00a0zostali nad\u0161en\u00ed pre t\u00fato pr\u00e1cu, ktorej v\u00fdsledkom s\u00fa oku lahodiace oran\u017eovo \u017eiariace bobule pln\u00e9 prospe\u0161n\u00fdch l\u00e1tok.<\/p><p>V\u00fdsadba bola zalo\u017een\u00e1 v roku 2010, dnes sa rakytn\u00edk pestuje na ploche 12,5 hekt\u00e1ra. Plody obsahuj\u00fa najviac vitam\u00ednov a\u00a0in\u00fdch biologicky akt\u00edvnych l\u00e1tok na za\u010diatku dozrievania koncom leta. Zber je pomerne n\u00e1ro\u010dn\u00fd, ke\u010f\u017ee plody rast\u00face na kr\u00e1tkych stopk\u00e1ch \u013eahko pukaj\u00fa, navy\u0161e na kon\u00e1riku s\u00fa t\u0155ne, ktor\u00e9 bolestivo pichaj\u00fa ruky zberate\u013ea. Napriek tomu sa zber v\u00a0Tvrdo\u0161ovciach uskuto\u010d\u0148uje ru\u010dne a \u0161etrne.<\/p><p>Rakytn\u00edk je vyh\u013ead\u00e1van\u00fd pre svoj vysok\u00fd obsah vitam\u00ednu C a\u00a0antioxidantov. Rakytn\u00edkov\u00e9 \u0161\u0165avy na pultoch slovensk\u00fdch predajn\u00ed poch\u00e1dzaj\u00fa aj zo zahrani\u010dia, napr.\u00a0Rak\u00faska, Nemecka,\u00a0\u010ceskej republiky i Po\u013eska. Prednos\u0165ou \u0161tiav z\u00a0Tvrdo\u0161oviec, ozna\u010den\u00fdch symbolom \u201eTvrodo\u0161ovsk\u00e9 zlato\u201c je, \u017ee poch\u00e1dzaj\u00fa z\u00a0BIO produkcie, neobsahuj\u00fa \u017eiadne syntetick\u00e9 ani in\u00e9 pr\u00eddavn\u00e9 l\u00e1tky. Du\u017eina bob\u00fa\u013e sa zomelie spolu s\u00a0k\u00f4stkami, bohat\u00fdmi na esenci\u00e1lne nenas\u00fdten\u00e9 mastn\u00e9 kyseliny a\u00a0vitam\u00edn E, ktor\u00e9 organizmus posil\u0148uj\u00fa svojimi nadpriemerne pozit\u00edvnymi \u00fa\u010dinkami. Na pulty obchodov potom prich\u00e1dza bu\u010f vo forme 100% BIO rakytn\u00edkovej \u0161\u0165avy ur\u010denej na priamu spotrebu, nerieden\u00fd, bez konzerva\u010dn\u00fdch l\u00e1tok, alebo sa prid\u00e1va k\u00a0jablkovej \u0161\u0165ave \u010di hroznov\u00e9mu mu\u0161tu. V pr\u00edpade produktov \u201eTvrdo\u0161ovsk\u00e9 zlato\u201c treba vyzdvihn\u00fa\u0165 v\u00fdznamn\u00fd podiel rakytn\u00edka v\u00a0ovocn\u00fdch \u0161\u0165av\u00e1ch, na rozdiel od r\u00f4znych dov\u00e1\u017ean\u00fdch produktov zo zahrani\u010dia, v pr\u00edpade ktor\u00fdch sa nepatrn\u00fd pr\u00eddavok rakytn\u00edka vyu\u017e\u00edva \u010dasto len na reklamn\u00e9 \u00fa\u010dely.<\/p><p>Nekonven\u010dn\u00fdch spotrebite\u013eov prekvap\u00ed 52% prav\u00fd rakytn\u00edkov\u00fd destil\u00e1t Tvrdo\u0161ov\u010danov, deti si m\u00f4\u017eu pochutna\u0165 na ob\u013e\u00fabenom d\u017eeme \u010di mede s\u00a0pr\u00eddavkom rakytn\u00edka.<\/p><p>Na leto 2015 by mala by\u0165 hotov\u00e1 nov\u00e1 vlastn\u00e1 predaj\u0148a s modern\u00fdm vzh\u013eadom, kde bude mo\u017en\u00e9 zak\u00fapi\u0165 si v\u0161etky produkty PD v pr\u00edvetivej atmosf\u00e9re.<\/p>\t\t\t\t\t\t\t\t<\/div>\n\t\t\t\t<\/div>\n\t\t\t\t\t<\/div>\n\t\t<\/div>\n\t\t\t\t\t<\/div>\n\t\t<\/section>\n\t\t\t\t<\/div>","protected":false},"excerpt":{"rendered":"<p>PD Tvrdo\u0161ovce Po\u013enohospod\u00e1rske dru\u017estvo Tvrdo\u0161ovce za\u010dalo ako jedin\u00e9 na Slovensku plant\u00e1\u017eovo pestova\u0165 rakytn\u00edk re\u0161etliakov\u00fd. Za\u010diatky neboli jednoduch\u00e9 \u2013 niekedy trv\u00e1 a\u017e 6-8 rokov, k\u00fdm ker za\u010dne rodi\u0165 Po\u013enohospod\u00e1rske dru\u017estvo Tvrdo\u0161ovce za\u010dalo ako jedin\u00e9 na Slovensku plant\u00e1\u017eovo pestova\u0165 rakytn\u00edk re\u0161etliakov\u00fd. Za\u010diatky neboli jednoduch\u00e9 \u2013 niekedy trv\u00e1 a\u017e 6-8 rokov, k\u00fdm ker za\u010dne rodi\u0165. Tamoj\u0161\u00ed \u013eudia v\u0161ak [&hellip;]<\/p>","protected":false},"author":2,"featured_media":0,"parent":0,"menu_order":0,"comment_status":"closed","ping_status":"closed","template":"template-fullwidth-no-heading.php","meta":{"footnotes":""},"class_list":["post-7215","page","type-page","status-publish","hentry"],"_links":{"self":[{"href":"https:\/\/zlatyrakytnik.sk\/hu\/wp-json\/wp\/v2\/pages\/7215","targetHints":{"allow":["GET"]}}],"collection":[{"href":"https:\/\/zlatyrakytnik.sk\/hu\/wp-json\/wp\/v2\/pages"}],"about":[{"href":"https:\/\/zlatyrakytnik.sk\/hu\/wp-json\/wp\/v2\/types\/page"}],"author":[{"embeddable":true,"href":"https:\/\/zlatyrakytnik.sk\/hu\/wp-json\/wp\/v2\/users\/2"}],"replies":[{"embeddable":true,"href":"https:\/\/zlatyrakytnik.sk\/hu\/wp-json\/wp\/v2\/comments?post=7215"}],"version-history":[{"count":0,"href":"https:\/\/zlatyrakytnik.sk\/hu\/wp-json\/wp\/v2\/pages\/7215\/revisions"}],"wp:attachment":[{"href":"https:\/\/zlatyrakytnik.sk\/hu\/wp-json\/wp\/v2\/media?parent=7215"}],"curies":[{"name":"wp","href":"https:\/\/api.w.org\/{rel}","templated":true}]}}