{"id":7677,"date":"2020-12-04T09:24:10","date_gmt":"2020-12-04T08:24:10","guid":{"rendered":"https:\/\/zlatyrakytnik.sk\/?page_id=7677"},"modified":"2022-03-10T09:07:18","modified_gmt":"2022-03-10T08:07:18","slug":"doprava-zadarmo","status":"publish","type":"page","link":"https:\/\/zlatyrakytnik.sk\/hu\/doprava-zadarmo\/","title":{"rendered":"Doprava zadarmo"},"content":{"rendered":"<div data-elementor-type=\"wp-post\" data-elementor-id=\"7677\" class=\"elementor elementor-7677\" data-elementor-post-type=\"page\">\n\t\t\t\t\t\t<section class=\"elementor-section elementor-top-section elementor-element elementor-element-15d6e1e9 elementor-section-stretched elementor-section-boxed elementor-section-height-default elementor-section-height-default\" data-id=\"15d6e1e9\" data-element_type=\"section\" data-settings=\"{&quot;stretch_section&quot;:&quot;section-stretched&quot;,&quot;background_background&quot;:&quot;classic&quot;}\">\n\t\t\t\t\t\t\t<div class=\"elementor-background-overlay\"><\/div>\n\t\t\t\t\t\t\t<div class=\"elementor-container elementor-column-gap-default\">\n\t\t\t\t\t<div class=\"elementor-column elementor-col-100 elementor-top-column elementor-element elementor-element-50f36a53\" data-id=\"50f36a53\" data-element_type=\"column\">\n\t\t\t<div class=\"elementor-widget-wrap elementor-element-populated\">\n\t\t\t\t\t\t<section class=\"elementor-section elementor-inner-section elementor-element elementor-element-4b35edce elementor-section-boxed elementor-section-height-default elementor-section-height-default\" data-id=\"4b35edce\" data-element_type=\"section\">\n\t\t\t\t\t\t<div class=\"elementor-container elementor-column-gap-default\">\n\t\t\t\t\t<div class=\"elementor-column elementor-col-50 elementor-inner-column elementor-element elementor-element-29a4f235\" data-id=\"29a4f235\" data-element_type=\"column\">\n\t\t\t<div class=\"elementor-widget-wrap elementor-element-populated\">\n\t\t\t\t\t\t<div class=\"elementor-element elementor-element-2ffa2730 elementor-invisible elementor-widget elementor-widget-heading\" data-id=\"2ffa2730\" data-element_type=\"widget\" data-settings=\"{&quot;_animation&quot;:&quot;fadeInUp&quot;}\" data-widget_type=\"heading.default\">\n\t\t\t\t<div class=\"elementor-widget-container\">\n\t\t\t\t\t<h1 class=\"elementor-heading-title elementor-size-default\">Nakupujte bez n\u00e1kladov na dopravu!<\/h1>\t\t\t\t<\/div>\n\t\t\t\t<\/div>\n\t\t\t\t<div class=\"elementor-element elementor-element-43097af8 elementor-invisible elementor-widget elementor-widget-heading\" data-id=\"43097af8\" data-element_type=\"widget\" data-settings=\"{&quot;_animation&quot;:&quot;fadeInDown&quot;}\" data-widget_type=\"heading.default\">\n\t\t\t\t<div class=\"elementor-widget-container\">\n\t\t\t\t\t<h6 class=\"elementor-heading-title elementor-size-default\">Pri n\u00e1kupe v e-shope m\u00f4\u017eete vyu\u017ei\u0165 dopravu zadarmo pri ka\u017edej objedn\u00e1vke nad 40 \u20ac.<\/h6>\t\t\t\t<\/div>\n\t\t\t\t<\/div>\n\t\t\t\t\t<\/div>\n\t\t<\/div>\n\t\t\t\t<div class=\"elementor-column elementor-col-50 elementor-inner-column elementor-element elementor-element-8fc57b4\" data-id=\"8fc57b4\" data-element_type=\"column\">\n\t\t\t<div class=\"elementor-widget-wrap\">\n\t\t\t\t\t\t\t<\/div>\n\t\t<\/div>\n\t\t\t\t\t<\/div>\n\t\t<\/section>\n\t\t\t\t\t<\/div>\n\t\t<\/div>\n\t\t\t\t\t<\/div>\n\t\t<\/section>\n\t\t\t\t<section class=\"elementor-section elementor-top-section elementor-element elementor-element-3d27e057 elementor-section-boxed elementor-section-height-default elementor-section-height-default\" data-id=\"3d27e057\" data-element_type=\"section\">\n\t\t\t\t\t\t<div class=\"elementor-container elementor-column-gap-default\">\n\t\t\t\t\t<div class=\"elementor-column elementor-col-100 elementor-top-column elementor-element elementor-element-b631303\" data-id=\"b631303\" data-element_type=\"column\">\n\t\t\t<div class=\"elementor-widget-wrap elementor-element-populated\">\n\t\t\t\t\t\t<div class=\"elementor-element elementor-element-ed94fbc elementor-widget elementor-widget-text-editor\" data-id=\"ed94fbc\" data-element_type=\"widget\" data-widget_type=\"text-editor.default\">\n\t\t\t\t<div class=\"elementor-widget-container\">\n\t\t\t\t\t\t\t\t\t<h5><strong>Ako na to?<\/strong><\/h5><p>Sta\u010d\u00ed prida\u0165 produkty do ko\u0161\u00edka v <strong>hodnote 40 \u20ac<\/strong> a zvoli\u0165 platbu platobnou kartou alebo platbu\u00a0na dobierku.<\/p>\t\t\t\t\t\t\t\t<\/div>\n\t\t\t\t<\/div>\n\t\t\t\t\t<\/div>\n\t\t<\/div>\n\t\t\t\t\t<\/div>\n\t\t<\/section>\n\t\t\t\t<\/div>","protected":false},"excerpt":{"rendered":"<p>Nakupujte bez n\u00e1kladov na dopravu! Pri n\u00e1kupe v e-shope m\u00f4\u017eete vyu\u017ei\u0165 dopravu zadarmo pri ka\u017edej objedn\u00e1vke nad 40 \u20ac. Ako na to? Sta\u010d\u00ed prida\u0165 produkty do ko\u0161\u00edka v hodnote 40 \u20ac a zvoli\u0165 platbu platobnou kartou alebo platbu\u00a0na dobierku.<\/p>","protected":false},"author":2,"featured_media":0,"parent":0,"menu_order":0,"comment_status":"closed","ping_status":"closed","template":"template-fullwidth-no-heading.php","meta":{"footnotes":""},"class_list":["post-7677","page","type-page","status-publish","hentry"],"_links":{"self":[{"href":"https:\/\/zlatyrakytnik.sk\/hu\/wp-json\/wp\/v2\/pages\/7677","targetHints":{"allow":["GET"]}}],"collection":[{"href":"https:\/\/zlatyrakytnik.sk\/hu\/wp-json\/wp\/v2\/pages"}],"about":[{"href":"https:\/\/zlatyrakytnik.sk\/hu\/wp-json\/wp\/v2\/types\/page"}],"author":[{"embeddable":true,"href":"https:\/\/zlatyrakytnik.sk\/hu\/wp-json\/wp\/v2\/users\/2"}],"replies":[{"embeddable":true,"href":"https:\/\/zlatyrakytnik.sk\/hu\/wp-json\/wp\/v2\/comments?post=7677"}],"version-history":[{"count":0,"href":"https:\/\/zlatyrakytnik.sk\/hu\/wp-json\/wp\/v2\/pages\/7677\/revisions"}],"wp:attachment":[{"href":"https:\/\/zlatyrakytnik.sk\/hu\/wp-json\/wp\/v2\/media?parent=7677"}],"curies":[{"name":"wp","href":"https:\/\/api.w.org\/{rel}","templated":true}]}}