{"id":10049,"date":"2021-03-18T13:31:14","date_gmt":"2021-03-18T12:31:14","guid":{"rendered":"https:\/\/zlatyrakytnik.sk\/?post_type=product&#038;p=10049"},"modified":"2026-02-23T09:10:46","modified_gmt":"2026-02-23T08:10:46","slug":"zazvorovy-immunity-shot-rakytnik-kurkuma","status":"publish","type":"product","link":"https:\/\/zlatyrakytnik.sk\/hu\/termek\/zazvorovy-immunity-shot-rakytnik-kurkuma\/","title":{"rendered":"Herbert \u2013 Z\u00e1zvorov\u00fd Immunity Shot"},"content":{"rendered":"<p>Pr\u00edrodn\u00fd elix\u00edr z lie\u010div\u00fdch kore\u0148ov, byl\u00edn, medu a ovocia, pre zv\u00fd\u0161enie imunity. Rozhodne stoj\u00ed za to na\u0161tartova\u0165 de\u0148 t\u00fdmto \u017eivota-budi\u010dom! M\u00e1 charakteristicky pikantn\u00fa a svie\u017eu citrusov\u00fa chu\u0165, zjemnen\u00fa medom a ve\u013emi pr\u00edjemn\u00fdm korenist\u00fdm dozvukom. Obsiahnut\u00e9 l\u00e1tky maj\u00fa antioxida\u010dn\u00fd a protiz\u00e1palov\u00fd \u00fa\u010dinok, potl\u00e1\u010daj\u00fa a zni\u017euj\u00fa zr\u00e1\u017eanlivos\u0165 krvi, chr\u00e1nia pe\u010de\u0148 a podporuj\u00fa jej regener\u00e1ciu. Zni\u017euj\u00fa hladinu cholesterolu a akt\u00edvne pom\u00e1haj\u00fa pri spa\u013eovan\u00ed tukov. Okrem mnoh\u00fdch \u010fal\u0161\u00edch, najv\u00fdznamnej\u0161ie s\u00fa vitam\u00edny skupiny C, B, D, provitam\u00edn A, tokoferoly, beta-karot\u00e9n a ovocn\u00e9 kyseliny. Z miner\u00e1lnych l\u00e1tok je to v\u00e1pnik, fosfor, hor\u010d\u00edk, \u017eelezo, drasl\u00edk a sod\u00edk.<\/p>","protected":false},"excerpt":{"rendered":"<p>Pr\u00edrodn\u00fd elix\u00edr z lie\u010div\u00fdch kore\u0148ov, byl\u00edn, medu a ovocia, pre zv\u00fd\u0161enie imunity. Rozhodne stoj\u00ed za to na\u0161tartova\u0165 de\u0148 t\u00fdmto \u017eivota-budi\u010dom! M\u00e1 charakteristicky pikantn\u00fa a svie\u017eu citrusov\u00fa chu\u0165, zjemnen\u00fa medom a ve\u013emi pr\u00edjemn\u00fdm korenist\u00fdm dozvukom. Obsiahnut\u00e9 l\u00e1tky maj\u00fa antioxida\u010dn\u00fd a protiz\u00e1palov\u00fd \u00fa\u010dinok, potl\u00e1\u010daj\u00fa a zni\u017euj\u00fa zr\u00e1\u017eanlivos\u0165 krvi, chr\u00e1nia pe\u010de\u0148 a podporuj\u00fa jej regener\u00e1ciu. Zni\u017euj\u00fa hladinu cholesterolu [&hellip;]<\/p>","protected":false},"featured_media":22427,"comment_status":"open","ping_status":"closed","template":"","meta":[],"product_brand":[283],"product_cat":[237,238],"product_tag":[270],"giftcard-category":[],"class_list":{"0":"post-10049","1":"product","2":"type-product","3":"status-publish","4":"has-post-thumbnail","6":"product_brand-herbert","7":"product_cat-bobulove-stavy","8":"product_cat-rakytnik","9":"product_tag-herbert","11":"first","12":"instock","13":"taxable","14":"shipping-taxable","15":"purchasable","16":"product-type-variable"},"_links":{"self":[{"href":"https:\/\/zlatyrakytnik.sk\/hu\/wp-json\/wp\/v2\/product\/10049","targetHints":{"allow":["GET"]}}],"collection":[{"href":"https:\/\/zlatyrakytnik.sk\/hu\/wp-json\/wp\/v2\/product"}],"about":[{"href":"https:\/\/zlatyrakytnik.sk\/hu\/wp-json\/wp\/v2\/types\/product"}],"replies":[{"embeddable":true,"href":"https:\/\/zlatyrakytnik.sk\/hu\/wp-json\/wp\/v2\/comments?post=10049"}],"wp:featuredmedia":[{"embeddable":true,"href":"https:\/\/zlatyrakytnik.sk\/hu\/wp-json\/wp\/v2\/media\/22427"}],"wp:attachment":[{"href":"https:\/\/zlatyrakytnik.sk\/hu\/wp-json\/wp\/v2\/media?parent=10049"}],"wp:term":[{"taxonomy":"product_brand","embeddable":true,"href":"https:\/\/zlatyrakytnik.sk\/hu\/wp-json\/wp\/v2\/product_brand?post=10049"},{"taxonomy":"product_cat","embeddable":true,"href":"https:\/\/zlatyrakytnik.sk\/hu\/wp-json\/wp\/v2\/product_cat?post=10049"},{"taxonomy":"product_tag","embeddable":true,"href":"https:\/\/zlatyrakytnik.sk\/hu\/wp-json\/wp\/v2\/product_tag?post=10049"},{"taxonomy":"giftcard-category","embeddable":true,"href":"https:\/\/zlatyrakytnik.sk\/hu\/wp-json\/wp\/v2\/giftcard-category?post=10049"}],"curies":[{"name":"wp","href":"https:\/\/api.w.org\/{rel}","templated":true}]}}