{"id":10136,"date":"2021-03-24T20:30:01","date_gmt":"2021-03-24T19:30:01","guid":{"rendered":"https:\/\/zlatyrakytnik.sk\/?post_type=product&#038;p=10136"},"modified":"2025-09-03T18:12:24","modified_gmt":"2025-09-03T16:12:24","slug":"chilli-omacky","status":"publish","type":"product","link":"https:\/\/zlatyrakytnik.sk\/hu\/termek\/chilli-omacky\/","title":{"rendered":"Chilli om\u00e1\u010dky"},"content":{"rendered":"<p>Krajina p\u00f4vodu: Slovensko<\/p>","protected":false},"excerpt":{"rendered":"<p>Krajina p\u00f4vodu: Slovensko<\/p>","protected":false},"featured_media":22407,"comment_status":"open","ping_status":"closed","template":"","meta":[],"product_brand":[281],"product_cat":[253,254],"product_tag":[269],"giftcard-category":[],"class_list":{"0":"post-10136","1":"product","2":"type-product","3":"status-publish","4":"has-post-thumbnail","6":"product_brand-chilli-slovakia","7":"product_cat-spajza","8":"product_cat-zavaraniny","9":"product_tag-chilli-slovakia","11":"first","12":"instock","13":"taxable","14":"shipping-taxable","15":"purchasable","16":"product-type-variable"},"_links":{"self":[{"href":"https:\/\/zlatyrakytnik.sk\/hu\/wp-json\/wp\/v2\/product\/10136","targetHints":{"allow":["GET"]}}],"collection":[{"href":"https:\/\/zlatyrakytnik.sk\/hu\/wp-json\/wp\/v2\/product"}],"about":[{"href":"https:\/\/zlatyrakytnik.sk\/hu\/wp-json\/wp\/v2\/types\/product"}],"replies":[{"embeddable":true,"href":"https:\/\/zlatyrakytnik.sk\/hu\/wp-json\/wp\/v2\/comments?post=10136"}],"wp:featuredmedia":[{"embeddable":true,"href":"https:\/\/zlatyrakytnik.sk\/hu\/wp-json\/wp\/v2\/media\/22407"}],"wp:attachment":[{"href":"https:\/\/zlatyrakytnik.sk\/hu\/wp-json\/wp\/v2\/media?parent=10136"}],"wp:term":[{"taxonomy":"product_brand","embeddable":true,"href":"https:\/\/zlatyrakytnik.sk\/hu\/wp-json\/wp\/v2\/product_brand?post=10136"},{"taxonomy":"product_cat","embeddable":true,"href":"https:\/\/zlatyrakytnik.sk\/hu\/wp-json\/wp\/v2\/product_cat?post=10136"},{"taxonomy":"product_tag","embeddable":true,"href":"https:\/\/zlatyrakytnik.sk\/hu\/wp-json\/wp\/v2\/product_tag?post=10136"},{"taxonomy":"giftcard-category","embeddable":true,"href":"https:\/\/zlatyrakytnik.sk\/hu\/wp-json\/wp\/v2\/giftcard-category?post=10136"}],"curies":[{"name":"wp","href":"https:\/\/api.w.org\/{rel}","templated":true}]}}