{"id":10153,"date":"2021-03-24T21:12:28","date_gmt":"2021-03-24T20:12:28","guid":{"rendered":"https:\/\/zlatyrakytnik.sk\/?post_type=product&#038;p=10153"},"modified":"2025-04-30T16:57:20","modified_gmt":"2025-04-30T14:57:20","slug":"chilli-drops","status":"publish","type":"product","link":"https:\/\/zlatyrakytnik.sk\/hu\/termek\/chilli-drops\/","title":{"rendered":"CHILLI DROPS"},"content":{"rendered":"<p>Zlo\u017eenie: chilli papri\u010dky, jedl\u00e1 so\u013e<\/p>\n<p>POZOR ve\u013emi siln\u00fd koncentr\u00e1t, chr\u00e1\u0148te pred de\u0165mi.<\/p>\n<p>Skladujte na tmavom a chladnom mieste.<\/p>\n<p>Krajina p\u00f4vodu: Slovensko<\/p>\n<p>Sta\u010d\u00ed jedna kvapka a jedlo je pikantn\u00e9 s typickou chu\u0165ou chilli papri\u010diek.<\/p>","protected":false},"excerpt":{"rendered":"<p>Zlo\u017eenie: chilli papri\u010dky, jedl\u00e1 so\u013e POZOR ve\u013emi siln\u00fd koncentr\u00e1t, chr\u00e1\u0148te pred de\u0165mi. Skladujte na tmavom a chladnom mieste. Krajina p\u00f4vodu: Slovensko Sta\u010d\u00ed jedna kvapka a jedlo je pikantn\u00e9 s typickou chu\u0165ou chilli papri\u010diek.<\/p>","protected":false},"featured_media":22414,"comment_status":"open","ping_status":"closed","template":"","meta":[],"product_brand":[281],"product_cat":[253,254],"product_tag":[269],"giftcard-category":[],"class_list":{"0":"post-10153","1":"product","2":"type-product","3":"status-publish","4":"has-post-thumbnail","6":"product_brand-chilli-slovakia","7":"product_cat-spajza","8":"product_cat-zavaraniny","9":"product_tag-chilli-slovakia","11":"first","12":"instock","13":"taxable","14":"shipping-taxable","15":"purchasable","16":"product-type-variable"},"_links":{"self":[{"href":"https:\/\/zlatyrakytnik.sk\/hu\/wp-json\/wp\/v2\/product\/10153","targetHints":{"allow":["GET"]}}],"collection":[{"href":"https:\/\/zlatyrakytnik.sk\/hu\/wp-json\/wp\/v2\/product"}],"about":[{"href":"https:\/\/zlatyrakytnik.sk\/hu\/wp-json\/wp\/v2\/types\/product"}],"replies":[{"embeddable":true,"href":"https:\/\/zlatyrakytnik.sk\/hu\/wp-json\/wp\/v2\/comments?post=10153"}],"wp:featuredmedia":[{"embeddable":true,"href":"https:\/\/zlatyrakytnik.sk\/hu\/wp-json\/wp\/v2\/media\/22414"}],"wp:attachment":[{"href":"https:\/\/zlatyrakytnik.sk\/hu\/wp-json\/wp\/v2\/media?parent=10153"}],"wp:term":[{"taxonomy":"product_brand","embeddable":true,"href":"https:\/\/zlatyrakytnik.sk\/hu\/wp-json\/wp\/v2\/product_brand?post=10153"},{"taxonomy":"product_cat","embeddable":true,"href":"https:\/\/zlatyrakytnik.sk\/hu\/wp-json\/wp\/v2\/product_cat?post=10153"},{"taxonomy":"product_tag","embeddable":true,"href":"https:\/\/zlatyrakytnik.sk\/hu\/wp-json\/wp\/v2\/product_tag?post=10153"},{"taxonomy":"giftcard-category","embeddable":true,"href":"https:\/\/zlatyrakytnik.sk\/hu\/wp-json\/wp\/v2\/giftcard-category?post=10153"}],"curies":[{"name":"wp","href":"https:\/\/api.w.org\/{rel}","templated":true}]}}