{"id":10274,"date":"2021-03-29T21:12:33","date_gmt":"2021-03-29T19:12:33","guid":{"rendered":"https:\/\/zlatyrakytnik.sk\/?post_type=product&#038;p=10274"},"modified":"2025-12-01T00:00:51","modified_gmt":"2025-11-30T23:00:51","slug":"bio-stava-rakytnik-sipka","status":"publish","type":"product","link":"https:\/\/zlatyrakytnik.sk\/hu\/termek\/bio-stava-rakytnik-sipka\/","title":{"rendered":"100% BIO \u0161\u0165ava rakytn\u00edk &#038; \u0161\u00edpka"},"content":{"rendered":"<p>Zlo\u017eenie: \u0161\u0165ava z&nbsp;plodov bio rakytn\u00edka 50% a&nbsp;\u0161\u00edpok 50%<\/p>\n<table width=\"294\">\n<tbody>\n<tr>\n<td colspan=\"5\" width=\"294\"><strong>V\u00fd\u017eivov\u00e9 hodnoty v 100ml:<\/strong><\/td>\n<\/tr>\n<tr>\n<td colspan=\"4\">Energetick\u00e1 hodnota<\/td>\n<td style=\"text-align: right;\">177,10 kJ \/ 42,10 kcal<\/td>\n<\/tr>\n<tr>\n<td colspan=\"4\">Tuky<\/td>\n<td style=\"text-align: right;\">1,30 g<\/td>\n<\/tr>\n<tr>\n<td colspan=\"4\">z toho nas\u00fdten\u00e9 mastn\u00e9 kyseliny<\/td>\n<td style=\"text-align: right;\">0,45 g<\/td>\n<\/tr>\n<tr>\n<td colspan=\"4\">Sacharidy<\/td>\n<td style=\"text-align: right;\">7,10 g<\/td>\n<\/tr>\n<tr>\n<td colspan=\"4\">z toho cukry<\/td>\n<td style=\"text-align: right;\">2,10 g<\/td>\n<\/tr>\n<tr>\n<td colspan=\"4\">Bielkoviny<\/td>\n<td style=\"text-align: right;\">0,49 g<\/td>\n<\/tr>\n<tr>\n<td colspan=\"4\">So\u013e<\/td>\n<td style=\"text-align: right;\">0,02 g<\/td>\n<\/tr>\n<\/tbody>\n<\/table>","protected":false},"excerpt":{"rendered":"<p>Origin\u00e1l z\u00a0pr\u00edrody. V\u00fdnimo\u010dn\u00e1 kombin\u00e1cia \u0161\u0165avy z\u00a0plodov Bio rakytn\u00edka re\u0161etliakov\u00e9ho a\u00a0du\u017einy zo \u0161\u00edpok, dvoch super potrav\u00edn, bohat\u00fdch na vitam\u00edny, aminokyseliny, miner\u00e1lne l\u00e1tky, antioxidanty a\u00a0mnoh\u00e9 \u010fal\u0161ie zdraviu prospe\u0161n\u00e9 l\u00e1tky.<\/p>\n<p>Obsahom vitam\u00ednu C s\u00fa topkou v\u00a0pr\u00edrode. Rakytn\u00edk v\u00a0plodoch obsahuje vz\u00e1cny olej a\u00a0\u0161\u00edpky l\u00e1tky s\u00a0antioxida\u010dn\u00fdmi a\u00a0antibakteri\u00e1lnymi \u00fa\u010dinkami. V\u00fdsledn\u00e1 chu\u0165 je pr\u00edjemn\u00e1, konzistencia kr\u00e9mov\u00e1, dosiahnut\u00e1 kombin\u00e1ciou v\u00fdrazne kyslej rakytn\u00edkovej \u0161\u0165avy a\u00a0chu\u0165ovo neutr\u00e1lnej du\u017einy \u0161\u00edpky. Na zdravie!<\/p>","protected":false},"featured_media":14137,"comment_status":"open","ping_status":"closed","template":"","meta":[],"product_brand":[277],"product_cat":[275,237,238,241],"product_tag":[191],"giftcard-category":[],"class_list":{"0":"post-10274","1":"product","2":"type-product","3":"status-publish","4":"has-post-thumbnail","6":"product_brand-tvrdosovske-zlato","7":"product_cat-tvrdosovske-zlato","8":"product_cat-bobulove-stavy","9":"product_cat-rakytnik","10":"product_cat-sipka-bobulove-stavy","11":"product_tag-tvrdosovske-zlato","13":"first","14":"instock","15":"taxable","16":"shipping-taxable","17":"purchasable","18":"product-type-variable"},"_links":{"self":[{"href":"https:\/\/zlatyrakytnik.sk\/hu\/wp-json\/wp\/v2\/product\/10274","targetHints":{"allow":["GET"]}}],"collection":[{"href":"https:\/\/zlatyrakytnik.sk\/hu\/wp-json\/wp\/v2\/product"}],"about":[{"href":"https:\/\/zlatyrakytnik.sk\/hu\/wp-json\/wp\/v2\/types\/product"}],"replies":[{"embeddable":true,"href":"https:\/\/zlatyrakytnik.sk\/hu\/wp-json\/wp\/v2\/comments?post=10274"}],"wp:featuredmedia":[{"embeddable":true,"href":"https:\/\/zlatyrakytnik.sk\/hu\/wp-json\/wp\/v2\/media\/14137"}],"wp:attachment":[{"href":"https:\/\/zlatyrakytnik.sk\/hu\/wp-json\/wp\/v2\/media?parent=10274"}],"wp:term":[{"taxonomy":"product_brand","embeddable":true,"href":"https:\/\/zlatyrakytnik.sk\/hu\/wp-json\/wp\/v2\/product_brand?post=10274"},{"taxonomy":"product_cat","embeddable":true,"href":"https:\/\/zlatyrakytnik.sk\/hu\/wp-json\/wp\/v2\/product_cat?post=10274"},{"taxonomy":"product_tag","embeddable":true,"href":"https:\/\/zlatyrakytnik.sk\/hu\/wp-json\/wp\/v2\/product_tag?post=10274"},{"taxonomy":"giftcard-category","embeddable":true,"href":"https:\/\/zlatyrakytnik.sk\/hu\/wp-json\/wp\/v2\/giftcard-category?post=10274"}],"curies":[{"name":"wp","href":"https:\/\/api.w.org\/{rel}","templated":true}]}}