{"id":10278,"date":"2021-03-29T21:22:16","date_gmt":"2021-03-29T19:22:16","guid":{"rendered":"https:\/\/zlatyrakytnik.sk\/?post_type=product&#038;p=10278"},"modified":"2025-12-01T00:00:51","modified_gmt":"2025-11-30T23:00:51","slug":"bio-stava-aronia-sipka","status":"publish","type":"product","link":"https:\/\/zlatyrakytnik.sk\/hu\/termek\/bio-stava-aronia-sipka\/","title":{"rendered":"100% BIO \u0161\u0165ava ar\u00f3nia &#038; \u0161\u00edpka"},"content":{"rendered":"<p>Zlo\u017eenie: \u0161\u0165ava z&nbsp;plodov bio ar\u00f3nie 50% a&nbsp;\u0161\u00edpok 50%<\/p>\n<table width=\"294\">\n<tbody>\n<tr>\n<td colspan=\"5\" width=\"294\"><strong>V\u00fd\u017eivov\u00e9 hodnoty v 100ml:<\/strong><\/td>\n<\/tr>\n<tr>\n<td colspan=\"4\">Energetick\u00e1 hodnota<\/td>\n<td style=\"text-align: right;\">242,30 kJ \/ 57,10 kcal<\/td>\n<\/tr>\n<tr>\n<td colspan=\"4\">Tuky<\/td>\n<td style=\"text-align: right;\">0,13 g<\/td>\n<\/tr>\n<tr>\n<td colspan=\"4\">z toho nas\u00fdten\u00e9 mastn\u00e9 kyseliny<\/td>\n<td style=\"text-align: right;\">0,03 g<\/td>\n<\/tr>\n<tr>\n<td colspan=\"4\">Sacharidy<\/td>\n<td style=\"text-align: right;\">13,76 g<\/td>\n<\/tr>\n<tr>\n<td colspan=\"4\">z toho cukry<\/td>\n<td style=\"text-align: right;\">9,10 g<\/td>\n<\/tr>\n<tr>\n<td colspan=\"4\">Bielkoviny<\/td>\n<td style=\"text-align: right;\">0,21 g<\/td>\n<\/tr>\n<tr>\n<td colspan=\"4\">So\u013e<\/td>\n<td style=\"text-align: right;\">&lt; 0,003 g<\/td>\n<\/tr>\n<\/tbody>\n<\/table>","protected":false},"excerpt":{"rendered":"<p>Origin\u00e1l z\u00a0pr\u00edrody. V\u00fdnimo\u010dn\u00e1 kombin\u00e1cia \u0161\u0165avy z\u00a0plodov Bio ar\u00f3nie a\u00a0du\u017einy zo \u0161\u00edpok, dvoch super potrav\u00edn, bohat\u00fdch na vitam\u00edny, antioxidanty, miner\u00e1lne l\u00e1tky a\u00a0mnoh\u00e9 \u010fal\u0161ie zdraviu prospe\u0161n\u00e9 l\u00e1tky.<\/p>\n<p>Obsahom antioxidantov s\u00fa topkou v\u00a0pr\u00edrode. Ar\u00f3nia je kr\u00e1\u013eovnou antioxidantov a\u00a0\u0161\u00edpky topkou v\u00a0obsahu vitam\u00ednu C, l\u00e1tkami s\u00a0mnoh\u00fdmi zdraviu prospe\u0161n\u00fdmi \u00fa\u010dinkami. V\u00fdsledn\u00e1 chu\u0165 je pr\u00edjemn\u00e1, konzistencia kr\u00e9mov\u00e1, dosiahnut\u00e1 kombin\u00e1ciou v\u00fdrazne horkej trieslovinovej \u0161\u0165avy ar\u00f3nie a\u00a0chu\u0165ovo neutr\u00e1lnej du\u017einy \u0161\u00edpky. Na zdravie!<\/p>","protected":false},"featured_media":25763,"comment_status":"open","ping_status":"closed","template":"","meta":[],"product_brand":[277],"product_cat":[275,237,239,241],"product_tag":[191],"giftcard-category":[],"class_list":{"0":"post-10278","1":"product","2":"type-product","3":"status-publish","4":"has-post-thumbnail","6":"product_brand-tvrdosovske-zlato","7":"product_cat-tvrdosovske-zlato","8":"product_cat-bobulove-stavy","9":"product_cat-aronia-bobulove-stavy","10":"product_cat-sipka-bobulove-stavy","11":"product_tag-tvrdosovske-zlato","13":"first","14":"instock","15":"taxable","16":"shipping-taxable","17":"purchasable","18":"product-type-variable"},"_links":{"self":[{"href":"https:\/\/zlatyrakytnik.sk\/hu\/wp-json\/wp\/v2\/product\/10278","targetHints":{"allow":["GET"]}}],"collection":[{"href":"https:\/\/zlatyrakytnik.sk\/hu\/wp-json\/wp\/v2\/product"}],"about":[{"href":"https:\/\/zlatyrakytnik.sk\/hu\/wp-json\/wp\/v2\/types\/product"}],"replies":[{"embeddable":true,"href":"https:\/\/zlatyrakytnik.sk\/hu\/wp-json\/wp\/v2\/comments?post=10278"}],"wp:featuredmedia":[{"embeddable":true,"href":"https:\/\/zlatyrakytnik.sk\/hu\/wp-json\/wp\/v2\/media\/25763"}],"wp:attachment":[{"href":"https:\/\/zlatyrakytnik.sk\/hu\/wp-json\/wp\/v2\/media?parent=10278"}],"wp:term":[{"taxonomy":"product_brand","embeddable":true,"href":"https:\/\/zlatyrakytnik.sk\/hu\/wp-json\/wp\/v2\/product_brand?post=10278"},{"taxonomy":"product_cat","embeddable":true,"href":"https:\/\/zlatyrakytnik.sk\/hu\/wp-json\/wp\/v2\/product_cat?post=10278"},{"taxonomy":"product_tag","embeddable":true,"href":"https:\/\/zlatyrakytnik.sk\/hu\/wp-json\/wp\/v2\/product_tag?post=10278"},{"taxonomy":"giftcard-category","embeddable":true,"href":"https:\/\/zlatyrakytnik.sk\/hu\/wp-json\/wp\/v2\/giftcard-category?post=10278"}],"curies":[{"name":"wp","href":"https:\/\/api.w.org\/{rel}","templated":true}]}}