{"id":20020,"date":"2022-08-10T11:23:06","date_gmt":"2022-08-10T09:23:06","guid":{"rendered":"https:\/\/zlatyrakytnik.sk\/?post_type=product&#038;p=20020"},"modified":"2026-03-30T19:27:22","modified_gmt":"2026-03-30T17:27:22","slug":"detska-ovocna-tycinka","status":"publish","type":"product","link":"https:\/\/zlatyrakytnik.sk\/hu\/termek\/detska-ovocna-tycinka\/","title":{"rendered":"Detsk\u00e1 ovocn\u00e1 ty\u010dinka"},"content":{"rendered":"<p>Bez alerg\u00e9nov<\/p><p>Bez pridan\u00e9ho cukru<\/p>","protected":false},"excerpt":{"rendered":"<p>Bez alerg\u00e9nov Bez pridan\u00e9ho cukru<\/p>","protected":false},"featured_media":22454,"comment_status":"closed","ping_status":"closed","template":"","meta":[],"product_brand":[286],"product_cat":[263,259],"product_tag":[267],"giftcard-category":[],"class_list":{"0":"post-20020","1":"product","2":"type-product","3":"status-publish","4":"has-post-thumbnail","6":"product_brand-pink-onion","7":"product_cat-pre-deti","8":"product_cat-snacky-slane-sladke","9":"product_tag-pink-onion","11":"first","12":"instock","13":"taxable","14":"shipping-taxable","15":"purchasable","16":"product-type-variable"},"_links":{"self":[{"href":"https:\/\/zlatyrakytnik.sk\/hu\/wp-json\/wp\/v2\/product\/20020","targetHints":{"allow":["GET"]}}],"collection":[{"href":"https:\/\/zlatyrakytnik.sk\/hu\/wp-json\/wp\/v2\/product"}],"about":[{"href":"https:\/\/zlatyrakytnik.sk\/hu\/wp-json\/wp\/v2\/types\/product"}],"replies":[{"embeddable":true,"href":"https:\/\/zlatyrakytnik.sk\/hu\/wp-json\/wp\/v2\/comments?post=20020"}],"wp:featuredmedia":[{"embeddable":true,"href":"https:\/\/zlatyrakytnik.sk\/hu\/wp-json\/wp\/v2\/media\/22454"}],"wp:attachment":[{"href":"https:\/\/zlatyrakytnik.sk\/hu\/wp-json\/wp\/v2\/media?parent=20020"}],"wp:term":[{"taxonomy":"product_brand","embeddable":true,"href":"https:\/\/zlatyrakytnik.sk\/hu\/wp-json\/wp\/v2\/product_brand?post=20020"},{"taxonomy":"product_cat","embeddable":true,"href":"https:\/\/zlatyrakytnik.sk\/hu\/wp-json\/wp\/v2\/product_cat?post=20020"},{"taxonomy":"product_tag","embeddable":true,"href":"https:\/\/zlatyrakytnik.sk\/hu\/wp-json\/wp\/v2\/product_tag?post=20020"},{"taxonomy":"giftcard-category","embeddable":true,"href":"https:\/\/zlatyrakytnik.sk\/hu\/wp-json\/wp\/v2\/giftcard-category?post=20020"}],"curies":[{"name":"wp","href":"https:\/\/api.w.org\/{rel}","templated":true}]}}