{"id":20025,"date":"2022-08-10T11:37:27","date_gmt":"2022-08-10T09:37:27","guid":{"rendered":"https:\/\/zlatyrakytnik.sk\/?post_type=product&#038;p=20025"},"modified":"2026-01-26T15:24:17","modified_gmt":"2026-01-26T14:24:17","slug":"som","status":"publish","type":"product","link":"https:\/\/zlatyrakytnik.sk\/hu\/termek\/som\/","title":{"rendered":"#SOM"},"content":{"rendered":"<h2>Bez farb\u00edv, bez \u00e9\u010dok, bez mlieka i bez lepku.<\/h2>","protected":false},"excerpt":{"rendered":"<p>Bez farb\u00edv, bez \u00e9\u010dok, bez mlieka i bez lepku.<\/p>","protected":false},"featured_media":22459,"comment_status":"closed","ping_status":"closed","template":"","meta":[],"product_brand":[286],"product_cat":[263,259],"product_tag":[267],"giftcard-category":[],"class_list":{"0":"post-20025","1":"product","2":"type-product","3":"status-publish","4":"has-post-thumbnail","6":"product_brand-pink-onion","7":"product_cat-pre-deti","8":"product_cat-snacky-slane-sladke","9":"product_tag-pink-onion","11":"first","12":"instock","13":"taxable","14":"shipping-taxable","15":"purchasable","16":"product-type-variable"},"_links":{"self":[{"href":"https:\/\/zlatyrakytnik.sk\/hu\/wp-json\/wp\/v2\/product\/20025","targetHints":{"allow":["GET"]}}],"collection":[{"href":"https:\/\/zlatyrakytnik.sk\/hu\/wp-json\/wp\/v2\/product"}],"about":[{"href":"https:\/\/zlatyrakytnik.sk\/hu\/wp-json\/wp\/v2\/types\/product"}],"replies":[{"embeddable":true,"href":"https:\/\/zlatyrakytnik.sk\/hu\/wp-json\/wp\/v2\/comments?post=20025"}],"wp:featuredmedia":[{"embeddable":true,"href":"https:\/\/zlatyrakytnik.sk\/hu\/wp-json\/wp\/v2\/media\/22459"}],"wp:attachment":[{"href":"https:\/\/zlatyrakytnik.sk\/hu\/wp-json\/wp\/v2\/media?parent=20025"}],"wp:term":[{"taxonomy":"product_brand","embeddable":true,"href":"https:\/\/zlatyrakytnik.sk\/hu\/wp-json\/wp\/v2\/product_brand?post=20025"},{"taxonomy":"product_cat","embeddable":true,"href":"https:\/\/zlatyrakytnik.sk\/hu\/wp-json\/wp\/v2\/product_cat?post=20025"},{"taxonomy":"product_tag","embeddable":true,"href":"https:\/\/zlatyrakytnik.sk\/hu\/wp-json\/wp\/v2\/product_tag?post=20025"},{"taxonomy":"giftcard-category","embeddable":true,"href":"https:\/\/zlatyrakytnik.sk\/hu\/wp-json\/wp\/v2\/giftcard-category?post=20025"}],"curies":[{"name":"wp","href":"https:\/\/api.w.org\/{rel}","templated":true}]}}