{"id":20685,"date":"2022-09-06T14:19:44","date_gmt":"2022-09-06T12:19:44","guid":{"rendered":"https:\/\/zlatyrakytnik.sk\/?post_type=product&#038;p=20685"},"modified":"2025-12-01T00:00:51","modified_gmt":"2025-11-30T23:00:51","slug":"tvrdosovske-vinice","status":"publish","type":"product","link":"https:\/\/zlatyrakytnik.sk\/hu\/termek\/tvrdosovske-vinice\/","title":{"rendered":"Tvrdo\u0161ovsk\u00e9 vinice, 750 ml"},"content":{"rendered":"<p style=\"font-weight: 400;\">F\u013ea\u0161ovate\u013e: Vin\u00e1rske z\u00e1vody Topo\u013e\u010dianky, s.r.o.\u00a0 pre PD Tvrdo\u0161ovce, Szech\u00e9nyiho 10, 941 10 Tvrdo\u0161ovce. V\u00edno zo Slovenska.<\/p><p><\/p>","protected":false},"excerpt":{"rendered":"<p>F\u013ea\u0161ovate\u013e: Vin\u00e1rske z\u00e1vody Topo\u013e\u010dianky, s.r.o.\u00a0 pre PD Tvrdo\u0161ovce, Szech\u00e9nyiho 10, 941 10 Tvrdo\u0161ovce. V\u00edno zo Slovenska.<\/p>","protected":false},"featured_media":33725,"comment_status":"closed","ping_status":"closed","template":"","meta":[],"product_brand":[277],"product_cat":[266],"product_tag":[191],"giftcard-category":[],"class_list":{"0":"post-20685","1":"product","2":"type-product","3":"status-publish","4":"has-post-thumbnail","6":"product_brand-tvrdosovske-zlato","7":"product_cat-ovocne-napoje-destilaty-a-vina","8":"product_tag-tvrdosovske-zlato","10":"first","11":"instock","12":"taxable","13":"shipping-taxable","14":"purchasable","15":"product-type-variable"},"_links":{"self":[{"href":"https:\/\/zlatyrakytnik.sk\/hu\/wp-json\/wp\/v2\/product\/20685","targetHints":{"allow":["GET"]}}],"collection":[{"href":"https:\/\/zlatyrakytnik.sk\/hu\/wp-json\/wp\/v2\/product"}],"about":[{"href":"https:\/\/zlatyrakytnik.sk\/hu\/wp-json\/wp\/v2\/types\/product"}],"replies":[{"embeddable":true,"href":"https:\/\/zlatyrakytnik.sk\/hu\/wp-json\/wp\/v2\/comments?post=20685"}],"wp:featuredmedia":[{"embeddable":true,"href":"https:\/\/zlatyrakytnik.sk\/hu\/wp-json\/wp\/v2\/media\/33725"}],"wp:attachment":[{"href":"https:\/\/zlatyrakytnik.sk\/hu\/wp-json\/wp\/v2\/media?parent=20685"}],"wp:term":[{"taxonomy":"product_brand","embeddable":true,"href":"https:\/\/zlatyrakytnik.sk\/hu\/wp-json\/wp\/v2\/product_brand?post=20685"},{"taxonomy":"product_cat","embeddable":true,"href":"https:\/\/zlatyrakytnik.sk\/hu\/wp-json\/wp\/v2\/product_cat?post=20685"},{"taxonomy":"product_tag","embeddable":true,"href":"https:\/\/zlatyrakytnik.sk\/hu\/wp-json\/wp\/v2\/product_tag?post=20685"},{"taxonomy":"giftcard-category","embeddable":true,"href":"https:\/\/zlatyrakytnik.sk\/hu\/wp-json\/wp\/v2\/giftcard-category?post=20685"}],"curies":[{"name":"wp","href":"https:\/\/api.w.org\/{rel}","templated":true}]}}