{"id":21909,"date":"2022-10-06T09:15:30","date_gmt":"2022-10-06T07:15:30","guid":{"rendered":"https:\/\/zlatyrakytnik.sk\/?post_type=product&#038;p=21909"},"modified":"2026-04-14T12:17:51","modified_gmt":"2026-04-14T10:17:51","slug":"rusle-calamada-mierne-pikantne","status":"publish","type":"product","link":"https:\/\/zlatyrakytnik.sk\/hu\/termek\/rusle-calamada-mierne-pikantne\/","title":{"rendered":"RUSLE &#8211; \u010cALAM\u00c1DA, MIERNE PIKANTN\u00c9"},"content":{"rendered":"<p>Mierne pikantn\u00e1 \u010dalam\u00e1da je zmes sterilizovanej zeleniny a dokonale vyv\u00e1\u017een\u00e9ho pomeru pr\u00edrodn\u00fdch dochucovadiel a koren\u00edn, skvelo hod\u00ed k r\u00f4znym \u00fadenin\u00e1m, pe\u010den\u00e9mu m\u00e4su a in\u00fdm m\u00e4sov\u00fdm pokrmom. Rusle sa vyr\u00e1baj\u00fa ru\u010dne, pod\u013ea tradi\u010dnej recept\u00fary a\u00a0z\u00a0lok\u00e1lnych surov\u00edn, bez \u00e9\u010dok, bez konzervantov a\u00a0farb\u00edv.<\/p><p>Zlo\u017eenie: uhorky (57 %), pitn\u00e1 voda a zelenina v r\u00f4znom pomere (cibu\u013ea, mrkva, paprika zelen\u00e1, paprika \u2013 fefer\u00f3nky), kvasn\u00fd ocot liehov\u00fd, cukor, koreniny (so\u013e, hor\u010dica, koriander, bobkov\u00fd list, korenie \u010dierne, klin\u010deky, korenie nov\u00e9, chilli, z\u00e1zvor), jedl\u00e1 so\u013e. V\u00fdrobok m\u00f4\u017ee obsahova\u0165 glut\u00e9n, sezam a zeler.<br>Nutri\u010dn\u00e9 hodnoty: Energetick\u00e1 hodnota 205kJ\/48kcal, Tuky &lt;0,3g, Z toho nas\u00fdten\u00e9 &lt;0,1g, Sacharidy 9g, Z toho cukry 10g, Bielkoviny 0,8g, So\u013e 1,9g<\/p>","protected":false},"excerpt":{"rendered":"<p>Rusle sa vyr\u00e1baj\u00fa ru\u010dne, pod\u013ea tradi\u010dnej recept\u00fary a\u00a0z\u00a0lok\u00e1lnych surov\u00edn, bez \u00e9\u010dok, bez konzervantov a\u00a0farb\u00edv.<\/p>","protected":false},"featured_media":21910,"comment_status":"closed","ping_status":"closed","template":"","meta":[],"product_brand":[278],"product_cat":[253,254],"product_tag":[273],"giftcard-category":[],"class_list":{"0":"post-21909","1":"product","2":"type-product","3":"status-publish","4":"has-post-thumbnail","6":"product_brand-kukkonia","7":"product_cat-spajza","8":"product_cat-zavaraniny","9":"product_tag-kukkonia","11":"first","12":"instock","13":"taxable","14":"shipping-taxable","15":"purchasable","16":"product-type-simple"},"_links":{"self":[{"href":"https:\/\/zlatyrakytnik.sk\/hu\/wp-json\/wp\/v2\/product\/21909","targetHints":{"allow":["GET"]}}],"collection":[{"href":"https:\/\/zlatyrakytnik.sk\/hu\/wp-json\/wp\/v2\/product"}],"about":[{"href":"https:\/\/zlatyrakytnik.sk\/hu\/wp-json\/wp\/v2\/types\/product"}],"replies":[{"embeddable":true,"href":"https:\/\/zlatyrakytnik.sk\/hu\/wp-json\/wp\/v2\/comments?post=21909"}],"wp:featuredmedia":[{"embeddable":true,"href":"https:\/\/zlatyrakytnik.sk\/hu\/wp-json\/wp\/v2\/media\/21910"}],"wp:attachment":[{"href":"https:\/\/zlatyrakytnik.sk\/hu\/wp-json\/wp\/v2\/media?parent=21909"}],"wp:term":[{"taxonomy":"product_brand","embeddable":true,"href":"https:\/\/zlatyrakytnik.sk\/hu\/wp-json\/wp\/v2\/product_brand?post=21909"},{"taxonomy":"product_cat","embeddable":true,"href":"https:\/\/zlatyrakytnik.sk\/hu\/wp-json\/wp\/v2\/product_cat?post=21909"},{"taxonomy":"product_tag","embeddable":true,"href":"https:\/\/zlatyrakytnik.sk\/hu\/wp-json\/wp\/v2\/product_tag?post=21909"},{"taxonomy":"giftcard-category","embeddable":true,"href":"https:\/\/zlatyrakytnik.sk\/hu\/wp-json\/wp\/v2\/giftcard-category?post=21909"}],"curies":[{"name":"wp","href":"https:\/\/api.w.org\/{rel}","templated":true}]}}