{"id":22047,"date":"2022-10-12T15:48:59","date_gmt":"2022-10-12T13:48:59","guid":{"rendered":"https:\/\/zlatyrakytnik.sk\/?post_type=product&#038;p=22047"},"modified":"2026-02-23T09:10:49","modified_gmt":"2026-02-23T08:10:49","slug":"100-stava-granatove-jablko","status":"publish","type":"product","link":"https:\/\/zlatyrakytnik.sk\/hu\/termek\/100-stava-granatove-jablko\/","title":{"rendered":"100% \u0161\u0165ava gran\u00e1tov\u00e9 jablko"},"content":{"rendered":"<p>Ovocn\u00e1 \u0161\u0165ava je lisovan\u00e1 za studena zo semien stredomorsk\u00fdch plodov gran\u00e1tov\u00e9ho jablka.<\/p>\n<p>S\u00fa mimoriadne bohat\u00e9 na polyfenoly &#8211; siln\u00e9 antioxidanty, miner\u00e1lne l\u00e1tky sod\u00edka, drasl\u00edka, hor\u010d\u00edka a v\u00e1pnika a vitam\u00edn C. \u0160\u0165ava je ur\u010den\u00e1 na priamu spotrebu. Pred pou\u017eit\u00edm pretrepa\u0165. Odpor\u00fa\u010dan\u00e1 denn\u00e1 d\u00e1vka 40ml. Po otvoren\u00ed skladova\u0165 na chladnom mieste a spotrebova\u0165 do 14 dn\u00ed. Krajina p\u00f4vodu: krajiny E\u00da. Spracovan\u00e9 na Slovensku.<\/p>\n<p><b>V\u00fdrobca:<\/b> PD Tvrdo\u0161ovce, Sz\u00e9chenyiho 10,<br \/>\n941 10 Tvrdo\u0161ovce. Slovensko.<\/p>\n<table style=\"height: 416px;\" width=\"438\">\n<tbody>\n<tr>\n<td colspan=\"5\" width=\"294\"><strong>V\u00fd\u017eivov\u00e9 hodnoty v 100 ml:<\/strong><\/td>\n<\/tr>\n<tr>\n<td colspan=\"4\">Energetick\u00e1 hodnota<\/td>\n<td style=\"text-align: right;\">215,9&nbsp;kJ&nbsp;\/&nbsp;51,6&nbsp;kcal<\/td>\n<\/tr>\n<tr>\n<td colspan=\"4\">Tuky<\/td>\n<td style=\"text-align: right;\">0,0&nbsp;g<\/td>\n<\/tr>\n<tr>\n<td colspan=\"4\">z toho nas\u00fdten\u00e9 mastn\u00e9 kyseliny<\/td>\n<td style=\"text-align: right;\">0,0&nbsp;g<\/td>\n<\/tr>\n<tr>\n<td colspan=\"4\">Sacharidy<\/td>\n<td style=\"text-align: right;\">12,0 g<\/td>\n<\/tr>\n<tr>\n<td colspan=\"4\">z toho cukry<\/td>\n<td style=\"text-align: right;\">10,6 g<\/td>\n<\/tr>\n<tr>\n<td colspan=\"4\">Vl\u00e1knina<\/td>\n<td style=\"text-align: right;\">0,7 g<\/td>\n<\/tr>\n<tr>\n<td colspan=\"4\">Bielkoviny<\/td>\n<td style=\"text-align: right;\">0,6 g<\/td>\n<\/tr>\n<tr>\n<td colspan=\"4\">So\u013e<\/td>\n<td style=\"text-align: right;\">0,0 g<\/td>\n<\/tr>\n<\/tbody>\n<\/table>","protected":false},"excerpt":{"rendered":"<p>Gran\u00e1tov\u00e9 jablko vitam\u00ednov\u00e1 bomba zo stredomoria, je svoj\u00edm zlo\u017een\u00edm skvelou potravinou nielen prevegetari\u00e1nov. \u010cerven\u00e9 semienka, ktor\u00fdch je v plode 500 a\u017e 600, s\u00fa bohat\u00e9 na aminokyseliny, ktor\u00fdch obsahuj\u00fa viac ne\u017e \u010derven\u00e9 v\u00edno \u010di zelen\u00fd \u010daj. Obsahuje tie\u017e tan\u00edny, vitam\u00edny A, B, C a E, a miner\u00e1lne l\u00e1tky sod\u00edk, \u017eelezo, fosfor a mang\u00e1n.<span class=\"Apple-converted-space\">\u00a0<\/span><\/p>","protected":false},"featured_media":22052,"comment_status":"open","ping_status":"closed","template":"","meta":[],"product_brand":[277],"product_cat":[275,237,240],"product_tag":[191],"giftcard-category":[],"class_list":{"0":"post-22047","1":"product","2":"type-product","3":"status-publish","4":"has-post-thumbnail","6":"product_brand-tvrdosovske-zlato","7":"product_cat-tvrdosovske-zlato","8":"product_cat-bobulove-stavy","9":"product_cat-granat","10":"product_tag-tvrdosovske-zlato","12":"first","13":"instock","14":"taxable","15":"shipping-taxable","16":"purchasable","17":"product-type-variable"},"_links":{"self":[{"href":"https:\/\/zlatyrakytnik.sk\/hu\/wp-json\/wp\/v2\/product\/22047","targetHints":{"allow":["GET"]}}],"collection":[{"href":"https:\/\/zlatyrakytnik.sk\/hu\/wp-json\/wp\/v2\/product"}],"about":[{"href":"https:\/\/zlatyrakytnik.sk\/hu\/wp-json\/wp\/v2\/types\/product"}],"replies":[{"embeddable":true,"href":"https:\/\/zlatyrakytnik.sk\/hu\/wp-json\/wp\/v2\/comments?post=22047"}],"wp:featuredmedia":[{"embeddable":true,"href":"https:\/\/zlatyrakytnik.sk\/hu\/wp-json\/wp\/v2\/media\/22052"}],"wp:attachment":[{"href":"https:\/\/zlatyrakytnik.sk\/hu\/wp-json\/wp\/v2\/media?parent=22047"}],"wp:term":[{"taxonomy":"product_brand","embeddable":true,"href":"https:\/\/zlatyrakytnik.sk\/hu\/wp-json\/wp\/v2\/product_brand?post=22047"},{"taxonomy":"product_cat","embeddable":true,"href":"https:\/\/zlatyrakytnik.sk\/hu\/wp-json\/wp\/v2\/product_cat?post=22047"},{"taxonomy":"product_tag","embeddable":true,"href":"https:\/\/zlatyrakytnik.sk\/hu\/wp-json\/wp\/v2\/product_tag?post=22047"},{"taxonomy":"giftcard-category","embeddable":true,"href":"https:\/\/zlatyrakytnik.sk\/hu\/wp-json\/wp\/v2\/giftcard-category?post=22047"}],"curies":[{"name":"wp","href":"https:\/\/api.w.org\/{rel}","templated":true}]}}