{"id":22212,"date":"2022-10-20T11:15:00","date_gmt":"2022-10-20T09:15:00","guid":{"rendered":"https:\/\/zlatyrakytnik.sk\/?post_type=product&#038;p=22212"},"modified":"2025-12-01T00:00:51","modified_gmt":"2025-11-30T23:00:51","slug":"100-sipkova-stava","status":"publish","type":"product","link":"https:\/\/zlatyrakytnik.sk\/hu\/termek\/100-sipkova-stava\/","title":{"rendered":"100% \u0161\u00edpkov\u00e1 \u0161\u0165ava"},"content":{"rendered":"<p>\u0160\u0165ava s du\u017einou je lisovan\u00e1 za studena len z plodov ru\u017ee \u0161\u00edpovej. Plody ru\u017ee \u0161\u00edpovej s\u00fa bohat\u00e9 na vitam\u00edn C, miner\u00e1lne l\u00e1tky v\u00e1pnik, drasl\u00edk, \u017eelezo, tie\u017e betakarot\u00e9n a vl\u00e1kninu. Na zdravie! \u0160\u0165ava je ur\u010den\u00e1 na priamu spotrebu. Pred pit\u00edm pretrepa\u0165. Pr\u00edpadn\u00fd sediment je prirodzenou s\u00fa\u010das\u0165ou \u0161\u0165avy. Doporu\u010den\u00e1 denn\u00e1 d\u00e1vka vitam\u00ednu C je obsiahnut\u00e1 v 30 ml \u0161\u0165avy. Skladujte pri teplote do 24\u00b0C. Po otvoren\u00ed skladujte do 8\u00b0C a spotrebujte do 14 dn\u00ed.<\/p>\n<p><b>Spracovate\u013e:<\/b> PD Tvrdo\u0161ovce, Sz\u00e9chenyiho 10,<br \/>\n941 10 Tvrdo\u0161ovce. Vyroben\u00e9 na Slovensku.<\/p>\n<table style=\"height: 416px;\" width=\"438\">\n<tbody>\n<tr>\n<td colspan=\"5\" width=\"294\"><strong>V\u00fd\u017eivov\u00e9 hodnoty v 100 ml:<\/strong><\/td>\n<\/tr>\n<tr>\n<td colspan=\"4\">Energetick\u00e1 hodnota<\/td>\n<td style=\"text-align: right;\">328 kJ\u00a0\/\u00a077 kcal<\/td>\n<\/tr>\n<tr>\n<td colspan=\"4\">Tuky<\/td>\n<td style=\"text-align: right;\">0\u00a0g<\/td>\n<\/tr>\n<tr>\n<td colspan=\"4\">z toho nas\u00fdten\u00e9 mastn\u00e9 kyseliny<\/td>\n<td style=\"text-align: right;\">0\u00a0g<\/td>\n<\/tr>\n<tr>\n<td colspan=\"4\">Sacharidy<\/td>\n<td style=\"text-align: right;\">18 g<\/td>\n<\/tr>\n<tr>\n<td colspan=\"4\">z toho cukry<\/td>\n<td style=\"text-align: right;\">16 g<\/td>\n<\/tr>\n<tr>\n<td colspan=\"4\">Bielkoviny<\/td>\n<td style=\"text-align: right;\">0 g<\/td>\n<\/tr>\n<tr>\n<td colspan=\"4\">So\u013e<\/td>\n<td style=\"text-align: right;\">0 g<\/td>\n<\/tr>\n<tr>\n<td colspan=\"4\">Vitam\u00edn C<\/td>\n<td style=\"text-align: right;\">300 mg (375% DDD)*<\/td>\n<\/tr>\n<\/tbody>\n<\/table>\n<p>* % dennej doporu\u010denej d\u00e1vky na dospel\u00fa osobu<\/p>","protected":false},"excerpt":{"rendered":"<p>\u0160\u00edpky, s\u00fa po prv\u00fdch mrazoch, chutn\u00e9 jedl\u00e9 bobule. S\u00fa bohat\u00e9 na mnoh\u00e9 zdraviu prospe\u0161n\u00e9 l\u00e1tky, ako vitam\u00edn C, tie\u017e A, B, E, K. Obsahuj\u00fa aj triesloviny, sacharidy, pekt\u00edn, flavonoidy, mno\u017estvo miner\u00e1lnych l\u00e1tok ako fosfor, v\u00e1pnik, drasl\u00edk, hor\u010d\u00edk, sod\u00edk, zinok, me\u010f, mang\u00e1n a \u017eelezo, betakarot\u00e9n, lute\u00edn a vl\u00e1kninu.<\/p>","protected":false},"featured_media":22216,"comment_status":"open","ping_status":"closed","template":"","meta":[],"product_brand":[277],"product_cat":[275,237,241],"product_tag":[191],"giftcard-category":[],"class_list":{"0":"post-22212","1":"product","2":"type-product","3":"status-publish","4":"has-post-thumbnail","6":"product_brand-tvrdosovske-zlato","7":"product_cat-tvrdosovske-zlato","8":"product_cat-bobulove-stavy","9":"product_cat-sipka-bobulove-stavy","10":"product_tag-tvrdosovske-zlato","12":"first","13":"instock","14":"taxable","15":"shipping-taxable","16":"purchasable","17":"product-type-variable"},"_links":{"self":[{"href":"https:\/\/zlatyrakytnik.sk\/hu\/wp-json\/wp\/v2\/product\/22212","targetHints":{"allow":["GET"]}}],"collection":[{"href":"https:\/\/zlatyrakytnik.sk\/hu\/wp-json\/wp\/v2\/product"}],"about":[{"href":"https:\/\/zlatyrakytnik.sk\/hu\/wp-json\/wp\/v2\/types\/product"}],"replies":[{"embeddable":true,"href":"https:\/\/zlatyrakytnik.sk\/hu\/wp-json\/wp\/v2\/comments?post=22212"}],"wp:featuredmedia":[{"embeddable":true,"href":"https:\/\/zlatyrakytnik.sk\/hu\/wp-json\/wp\/v2\/media\/22216"}],"wp:attachment":[{"href":"https:\/\/zlatyrakytnik.sk\/hu\/wp-json\/wp\/v2\/media?parent=22212"}],"wp:term":[{"taxonomy":"product_brand","embeddable":true,"href":"https:\/\/zlatyrakytnik.sk\/hu\/wp-json\/wp\/v2\/product_brand?post=22212"},{"taxonomy":"product_cat","embeddable":true,"href":"https:\/\/zlatyrakytnik.sk\/hu\/wp-json\/wp\/v2\/product_cat?post=22212"},{"taxonomy":"product_tag","embeddable":true,"href":"https:\/\/zlatyrakytnik.sk\/hu\/wp-json\/wp\/v2\/product_tag?post=22212"},{"taxonomy":"giftcard-category","embeddable":true,"href":"https:\/\/zlatyrakytnik.sk\/hu\/wp-json\/wp\/v2\/giftcard-category?post=22212"}],"curies":[{"name":"wp","href":"https:\/\/api.w.org\/{rel}","templated":true}]}}