{"id":22972,"date":"2022-11-22T08:34:31","date_gmt":"2022-11-22T07:34:31","guid":{"rendered":"https:\/\/zlatyrakytnik.sk\/?post_type=product&#038;p=22972"},"modified":"2025-12-01T00:00:48","modified_gmt":"2025-11-30T23:00:48","slug":"imunitny-balik-s-prekvapenim","status":"publish","type":"product","link":"https:\/\/zlatyrakytnik.sk\/hu\/termek\/imunitny-balik-s-prekvapenim\/","title":{"rendered":"Imunitn\u00fd bal\u00edk s\u00a0prekvapen\u00edm\ufffc"},"content":{"rendered":"","protected":false},"excerpt":{"rendered":"<div>\n<div><b><span lang=\"SK\">Dar\u010dekov\u00e1 krabica<\/span><\/b><\/div>\n<\/div>\n<div><span lang=\"SK\">Rakytn\u00edk&amp;\u0160\u00edpka; Herb Shot a Mandala<\/span><\/div>","protected":false},"featured_media":22974,"comment_status":"closed","ping_status":"closed","template":"","meta":[],"product_brand":[277],"product_cat":[275,174],"product_tag":[191],"giftcard-category":[],"class_list":{"0":"post-22972","1":"product","2":"type-product","3":"status-publish","4":"has-post-thumbnail","6":"product_brand-tvrdosovske-zlato","7":"product_cat-tvrdosovske-zlato","8":"product_cat-darcekove-balenie","9":"product_tag-tvrdosovske-zlato","11":"first","12":"instock","13":"taxable","14":"shipping-taxable","15":"purchasable","16":"product-type-simple"},"_links":{"self":[{"href":"https:\/\/zlatyrakytnik.sk\/hu\/wp-json\/wp\/v2\/product\/22972","targetHints":{"allow":["GET"]}}],"collection":[{"href":"https:\/\/zlatyrakytnik.sk\/hu\/wp-json\/wp\/v2\/product"}],"about":[{"href":"https:\/\/zlatyrakytnik.sk\/hu\/wp-json\/wp\/v2\/types\/product"}],"replies":[{"embeddable":true,"href":"https:\/\/zlatyrakytnik.sk\/hu\/wp-json\/wp\/v2\/comments?post=22972"}],"wp:featuredmedia":[{"embeddable":true,"href":"https:\/\/zlatyrakytnik.sk\/hu\/wp-json\/wp\/v2\/media\/22974"}],"wp:attachment":[{"href":"https:\/\/zlatyrakytnik.sk\/hu\/wp-json\/wp\/v2\/media?parent=22972"}],"wp:term":[{"taxonomy":"product_brand","embeddable":true,"href":"https:\/\/zlatyrakytnik.sk\/hu\/wp-json\/wp\/v2\/product_brand?post=22972"},{"taxonomy":"product_cat","embeddable":true,"href":"https:\/\/zlatyrakytnik.sk\/hu\/wp-json\/wp\/v2\/product_cat?post=22972"},{"taxonomy":"product_tag","embeddable":true,"href":"https:\/\/zlatyrakytnik.sk\/hu\/wp-json\/wp\/v2\/product_tag?post=22972"},{"taxonomy":"giftcard-category","embeddable":true,"href":"https:\/\/zlatyrakytnik.sk\/hu\/wp-json\/wp\/v2\/giftcard-category?post=22972"}],"curies":[{"name":"wp","href":"https:\/\/api.w.org\/{rel}","templated":true}]}}