{"id":23059,"date":"2022-11-22T12:53:59","date_gmt":"2022-11-22T11:53:59","guid":{"rendered":"https:\/\/zlatyrakytnik.sk\/?post_type=product&#038;p=23059"},"modified":"2025-12-01T00:00:47","modified_gmt":"2025-11-30T23:00:47","slug":"duo-so-sipkou","status":"publish","type":"product","link":"https:\/\/zlatyrakytnik.sk\/hu\/termek\/duo-so-sipkou\/","title":{"rendered":"DUO so \u0161\u00edpkou\ufffc"},"content":{"rendered":"","protected":false},"excerpt":{"rendered":"<div>\n<div><b><span lang=\"SK\">Dar\u010dekov\u00e1 krabica<\/span><\/b><\/div>\n<\/div>\n<div><span lang=\"SK\"><span lang=\"SK\">100% BIO \u0161\u0165ava rakytn\u00edk &amp; \u0161\u00edpka; Sypan\u00fd \u010daj ovocn\u00fd so su\u0161en\u00fdmi plodmi BIO rakytn\u00edka<\/span><\/span><\/div>","protected":false},"featured_media":23148,"comment_status":"closed","ping_status":"closed","template":"","meta":[],"product_brand":[277],"product_cat":[275,174],"product_tag":[191],"giftcard-category":[],"class_list":{"0":"post-23059","1":"product","2":"type-product","3":"status-publish","4":"has-post-thumbnail","6":"product_brand-tvrdosovske-zlato","7":"product_cat-tvrdosovske-zlato","8":"product_cat-darcekove-balenie","9":"product_tag-tvrdosovske-zlato","11":"first","12":"instock","13":"taxable","14":"shipping-taxable","15":"purchasable","16":"product-type-simple"},"_links":{"self":[{"href":"https:\/\/zlatyrakytnik.sk\/hu\/wp-json\/wp\/v2\/product\/23059","targetHints":{"allow":["GET"]}}],"collection":[{"href":"https:\/\/zlatyrakytnik.sk\/hu\/wp-json\/wp\/v2\/product"}],"about":[{"href":"https:\/\/zlatyrakytnik.sk\/hu\/wp-json\/wp\/v2\/types\/product"}],"replies":[{"embeddable":true,"href":"https:\/\/zlatyrakytnik.sk\/hu\/wp-json\/wp\/v2\/comments?post=23059"}],"wp:featuredmedia":[{"embeddable":true,"href":"https:\/\/zlatyrakytnik.sk\/hu\/wp-json\/wp\/v2\/media\/23148"}],"wp:attachment":[{"href":"https:\/\/zlatyrakytnik.sk\/hu\/wp-json\/wp\/v2\/media?parent=23059"}],"wp:term":[{"taxonomy":"product_brand","embeddable":true,"href":"https:\/\/zlatyrakytnik.sk\/hu\/wp-json\/wp\/v2\/product_brand?post=23059"},{"taxonomy":"product_cat","embeddable":true,"href":"https:\/\/zlatyrakytnik.sk\/hu\/wp-json\/wp\/v2\/product_cat?post=23059"},{"taxonomy":"product_tag","embeddable":true,"href":"https:\/\/zlatyrakytnik.sk\/hu\/wp-json\/wp\/v2\/product_tag?post=23059"},{"taxonomy":"giftcard-category","embeddable":true,"href":"https:\/\/zlatyrakytnik.sk\/hu\/wp-json\/wp\/v2\/giftcard-category?post=23059"}],"curies":[{"name":"wp","href":"https:\/\/api.w.org\/{rel}","templated":true}]}}