{"id":24343,"date":"2022-12-15T11:27:28","date_gmt":"2022-12-15T10:27:28","guid":{"rendered":"https:\/\/zlatyrakytnik.sk\/?post_type=product&#038;p=24343"},"modified":"2026-01-05T15:20:59","modified_gmt":"2026-01-05T14:20:59","slug":"orechy-vlasske-350-g","status":"publish","type":"product","link":"https:\/\/zlatyrakytnik.sk\/hu\/termek\/orechy-vlasske-350-g\/","title":{"rendered":"Orechy vla\u0161sk\u00e9 350 g"},"content":{"rendered":"<p>Zlo\u017eenie: jadr\u00e1 vla\u0161sk\u00fdch orechov 100%, polky a&nbsp;\u0161tvrtiny, l\u00fapan\u00e9. Vla\u0161sk\u00e9 orechy s\u00fa bohat\u00e9 na omega 3 mastn\u00e9 kyseliny, vl\u00e1kninu, bielkoviny, vitam\u00edny a&nbsp;miner\u00e1lne l\u00e1tky. S\u00fa tie\u017e v\u00fdznamn\u00fdm zdrojom antioxidantov. N\u00edzky obsah sacharidov ocenia diabetici, vysok\u00fd pomer bielkov\u00edn a&nbsp;zdrav\u00fdch tukov \u0161portovci. Skladujte na suchom mieste. Chr\u00e1\u0148te pred priamym slne\u010dn\u00fdm \u017eiaren\u00edm.<\/p><p>V\u00fd\u017eivov\u00e9 hodnoty na 100g: Energetick\u00e1 hodnota 2.833 kJ\/686 kcal; tuky 65 g z&nbsp;toho nas\u00fdten\u00e9 mastn\u00e9 kyseliny 6,1 g; sacharidy 7,0 g z&nbsp;toho cukry 2,6 g; vl\u00e1knina 6,7 g; bielkoviny 15 g a&nbsp;so\u013e &lt; 0,01g.<\/p>","protected":false},"excerpt":{"rendered":"<p>Zlo\u017eenie: jadr\u00e1 vla\u0161sk\u00fdch orechov 100%, polky a&nbsp;\u0161tvrtiny, l\u00fapan\u00e9. Vla\u0161sk\u00e9 orechy s\u00fa bohat\u00e9 na omega 3 mastn\u00e9 kyseliny, vl\u00e1kninu, bielkoviny, vitam\u00edny a&nbsp;miner\u00e1lne l\u00e1tky. S\u00fa tie\u017e v\u00fdznamn\u00fdm zdrojom antioxidantov. N\u00edzky obsah sacharidov ocenia diabetici, vysok\u00fd pomer bielkov\u00edn a&nbsp;zdrav\u00fdch tukov \u0161portovci. Skladujte na suchom mieste. Chr\u00e1\u0148te pred priamym slne\u010dn\u00fdm \u017eiaren\u00edm. V\u00fd\u017eivov\u00e9 hodnoty na 100g: Energetick\u00e1 hodnota 2.833 kJ\/686 [&hellip;]<\/p>","protected":false},"featured_media":24347,"comment_status":"closed","ping_status":"closed","template":"","meta":[],"product_brand":[277],"product_cat":[275,253],"product_tag":[191],"giftcard-category":[],"class_list":{"0":"post-24343","1":"product","2":"type-product","3":"status-publish","4":"has-post-thumbnail","6":"product_brand-tvrdosovske-zlato","7":"product_cat-tvrdosovske-zlato","8":"product_cat-spajza","9":"product_tag-tvrdosovske-zlato","11":"first","12":"instock","13":"taxable","14":"shipping-taxable","15":"purchasable","16":"product-type-simple"},"_links":{"self":[{"href":"https:\/\/zlatyrakytnik.sk\/hu\/wp-json\/wp\/v2\/product\/24343","targetHints":{"allow":["GET"]}}],"collection":[{"href":"https:\/\/zlatyrakytnik.sk\/hu\/wp-json\/wp\/v2\/product"}],"about":[{"href":"https:\/\/zlatyrakytnik.sk\/hu\/wp-json\/wp\/v2\/types\/product"}],"replies":[{"embeddable":true,"href":"https:\/\/zlatyrakytnik.sk\/hu\/wp-json\/wp\/v2\/comments?post=24343"}],"wp:featuredmedia":[{"embeddable":true,"href":"https:\/\/zlatyrakytnik.sk\/hu\/wp-json\/wp\/v2\/media\/24347"}],"wp:attachment":[{"href":"https:\/\/zlatyrakytnik.sk\/hu\/wp-json\/wp\/v2\/media?parent=24343"}],"wp:term":[{"taxonomy":"product_brand","embeddable":true,"href":"https:\/\/zlatyrakytnik.sk\/hu\/wp-json\/wp\/v2\/product_brand?post=24343"},{"taxonomy":"product_cat","embeddable":true,"href":"https:\/\/zlatyrakytnik.sk\/hu\/wp-json\/wp\/v2\/product_cat?post=24343"},{"taxonomy":"product_tag","embeddable":true,"href":"https:\/\/zlatyrakytnik.sk\/hu\/wp-json\/wp\/v2\/product_tag?post=24343"},{"taxonomy":"giftcard-category","embeddable":true,"href":"https:\/\/zlatyrakytnik.sk\/hu\/wp-json\/wp\/v2\/giftcard-category?post=24343"}],"curies":[{"name":"wp","href":"https:\/\/api.w.org\/{rel}","templated":true}]}}