{"id":24350,"date":"2022-12-15T11:29:37","date_gmt":"2022-12-15T10:29:37","guid":{"rendered":"https:\/\/zlatyrakytnik.sk\/?post_type=product&#038;p=24350"},"modified":"2025-12-01T00:00:47","modified_gmt":"2025-11-30T23:00:47","slug":"mak-modry-500-g","status":"publish","type":"product","link":"https:\/\/zlatyrakytnik.sk\/hu\/termek\/mak-modry-500-g\/","title":{"rendered":"Mak modr\u00fd 500 g"},"content":{"rendered":"<p>Zlo\u017eenie: 100% mak modr\u00fd semen\u00e1. Mak modr\u00fd je bohat\u00fd na v\u00e1pnik, bielkoviny, \u017eelezo a zinok. Obsah v\u00e1pnika je jedn\u00fdm z&nbsp;najvy\u0161\u0161\u00edch zo v\u0161etk\u00fdch potrav\u00edn. Obsahuje ho desa\u0165n\u00e1sobne viac ako mlieko. Je skvelou surovinou nielen na pe\u010denie ale aj do zmrzl\u00edn, jogurtu a smoothie. Je neoddelite\u013enou s\u00fa\u010das\u0165ou slivkov\u00fdch a&nbsp;ovocn\u00fdch g\u00fa\u013e, \u0161\u00fa\u013eancov, \u010di tradi\u010dn\u00fdch makov\u00fdch rezancov. Skladujte na suchom mieste. Chr\u00e1\u0148te pred priamym slne\u010dn\u00fdm \u017eiaren\u00edm. Po otvoren\u00ed odpor\u00fa\u010dame spotrebova\u0165 do 30 dn\u00ed.<\/p><p>Krajina p\u00f4vodu: Slovensko<\/p>","protected":false},"excerpt":{"rendered":"<p>Zlo\u017eenie: 100% mak modr\u00fd semen\u00e1. Mak modr\u00fd je bohat\u00fd na v\u00e1pnik, bielkoviny, \u017eelezo a zinok. Obsah v\u00e1pnika je jedn\u00fdm z&nbsp;najvy\u0161\u0161\u00edch zo v\u0161etk\u00fdch potrav\u00edn. Obsahuje ho desa\u0165n\u00e1sobne viac ako mlieko. Je skvelou surovinou nielen na pe\u010denie ale aj do zmrzl\u00edn, jogurtu a smoothie. Je neoddelite\u013enou s\u00fa\u010das\u0165ou slivkov\u00fdch a&nbsp;ovocn\u00fdch g\u00fa\u013e, \u0161\u00fa\u013eancov, \u010di tradi\u010dn\u00fdch makov\u00fdch rezancov. Skladujte na [&hellip;]<\/p>","protected":false},"featured_media":24346,"comment_status":"closed","ping_status":"closed","template":"","meta":[],"product_brand":[277],"product_cat":[275,253],"product_tag":[191],"giftcard-category":[],"class_list":{"0":"post-24350","1":"product","2":"type-product","3":"status-publish","4":"has-post-thumbnail","6":"product_brand-tvrdosovske-zlato","7":"product_cat-tvrdosovske-zlato","8":"product_cat-spajza","9":"product_tag-tvrdosovske-zlato","11":"first","12":"instock","13":"taxable","14":"shipping-taxable","15":"purchasable","16":"product-type-simple"},"_links":{"self":[{"href":"https:\/\/zlatyrakytnik.sk\/hu\/wp-json\/wp\/v2\/product\/24350","targetHints":{"allow":["GET"]}}],"collection":[{"href":"https:\/\/zlatyrakytnik.sk\/hu\/wp-json\/wp\/v2\/product"}],"about":[{"href":"https:\/\/zlatyrakytnik.sk\/hu\/wp-json\/wp\/v2\/types\/product"}],"replies":[{"embeddable":true,"href":"https:\/\/zlatyrakytnik.sk\/hu\/wp-json\/wp\/v2\/comments?post=24350"}],"wp:featuredmedia":[{"embeddable":true,"href":"https:\/\/zlatyrakytnik.sk\/hu\/wp-json\/wp\/v2\/media\/24346"}],"wp:attachment":[{"href":"https:\/\/zlatyrakytnik.sk\/hu\/wp-json\/wp\/v2\/media?parent=24350"}],"wp:term":[{"taxonomy":"product_brand","embeddable":true,"href":"https:\/\/zlatyrakytnik.sk\/hu\/wp-json\/wp\/v2\/product_brand?post=24350"},{"taxonomy":"product_cat","embeddable":true,"href":"https:\/\/zlatyrakytnik.sk\/hu\/wp-json\/wp\/v2\/product_cat?post=24350"},{"taxonomy":"product_tag","embeddable":true,"href":"https:\/\/zlatyrakytnik.sk\/hu\/wp-json\/wp\/v2\/product_tag?post=24350"},{"taxonomy":"giftcard-category","embeddable":true,"href":"https:\/\/zlatyrakytnik.sk\/hu\/wp-json\/wp\/v2\/giftcard-category?post=24350"}],"curies":[{"name":"wp","href":"https:\/\/api.w.org\/{rel}","templated":true}]}}