{"id":25344,"date":"2023-02-08T15:07:29","date_gmt":"2023-02-08T14:07:29","guid":{"rendered":"https:\/\/zlatyrakytnik.sk\/?post_type=product&#038;p=25344"},"modified":"2025-12-01T00:00:47","modified_gmt":"2025-11-30T23:00:47","slug":"sladky-imunity-balik","status":"publish","type":"product","link":"https:\/\/zlatyrakytnik.sk\/hu\/termek\/sladky-imunity-balik\/","title":{"rendered":"Sladk\u00fd imunity bal\u00edk"},"content":{"rendered":"<p>Mix zdrav\u00fdch v\u00fdrobkov s&nbsp;papierovou ta\u0161ti\u010dkou.<\/p><div class=\"wp-block-group is-vertical is-layout-flex wp-container-core-group-is-layout-1 wp-block-group-is-layout-flex\"><ul class=\"wp-block-list\"><li>Ar\u00f3nia \u0161\u0165ava bio 185ml<\/li>\n\n<li>Gran\u00e1tov\u00e9 jablko \u0161\u0165ava 185ml<\/li>\n\n<li>Med kvetov\u00fd 250g<\/li>\n\n<li>Jahodov\u00e1 ty\u010dinka vegan 45g<\/li><\/ul><\/div>","protected":false},"excerpt":{"rendered":"<p>Bal\u00edk chutn\u00fdch v\u00fdrobkov pln\u00fdch vitam\u00ednov pre posilnenie imunity. \u017diadne pridan\u00e9 p\u00edsmenk\u00e1, len ovocie. S\u00a0l\u00e1skou z\u00a0pr\u00edrody!<\/p>","protected":false},"featured_media":26215,"comment_status":"closed","ping_status":"closed","template":"","meta":[],"product_brand":[277],"product_cat":[275,174],"product_tag":[191],"giftcard-category":[],"class_list":{"0":"post-25344","1":"product","2":"type-product","3":"status-publish","4":"has-post-thumbnail","6":"product_brand-tvrdosovske-zlato","7":"product_cat-tvrdosovske-zlato","8":"product_cat-darcekove-balenie","9":"product_tag-tvrdosovske-zlato","11":"first","12":"instock","13":"taxable","14":"shipping-taxable","15":"purchasable","16":"product-type-simple"},"_links":{"self":[{"href":"https:\/\/zlatyrakytnik.sk\/hu\/wp-json\/wp\/v2\/product\/25344","targetHints":{"allow":["GET"]}}],"collection":[{"href":"https:\/\/zlatyrakytnik.sk\/hu\/wp-json\/wp\/v2\/product"}],"about":[{"href":"https:\/\/zlatyrakytnik.sk\/hu\/wp-json\/wp\/v2\/types\/product"}],"replies":[{"embeddable":true,"href":"https:\/\/zlatyrakytnik.sk\/hu\/wp-json\/wp\/v2\/comments?post=25344"}],"wp:featuredmedia":[{"embeddable":true,"href":"https:\/\/zlatyrakytnik.sk\/hu\/wp-json\/wp\/v2\/media\/26215"}],"wp:attachment":[{"href":"https:\/\/zlatyrakytnik.sk\/hu\/wp-json\/wp\/v2\/media?parent=25344"}],"wp:term":[{"taxonomy":"product_brand","embeddable":true,"href":"https:\/\/zlatyrakytnik.sk\/hu\/wp-json\/wp\/v2\/product_brand?post=25344"},{"taxonomy":"product_cat","embeddable":true,"href":"https:\/\/zlatyrakytnik.sk\/hu\/wp-json\/wp\/v2\/product_cat?post=25344"},{"taxonomy":"product_tag","embeddable":true,"href":"https:\/\/zlatyrakytnik.sk\/hu\/wp-json\/wp\/v2\/product_tag?post=25344"},{"taxonomy":"giftcard-category","embeddable":true,"href":"https:\/\/zlatyrakytnik.sk\/hu\/wp-json\/wp\/v2\/giftcard-category?post=25344"}],"curies":[{"name":"wp","href":"https:\/\/api.w.org\/{rel}","templated":true}]}}