{"id":25346,"date":"2023-02-08T15:22:44","date_gmt":"2023-02-08T14:22:44","guid":{"rendered":"https:\/\/zlatyrakytnik.sk\/?post_type=product&#038;p=25346"},"modified":"2025-12-01T00:00:47","modified_gmt":"2025-11-30T23:00:47","slug":"vitaminovy-balik","status":"publish","type":"product","link":"https:\/\/zlatyrakytnik.sk\/hu\/termek\/vitaminovy-balik\/","title":{"rendered":"Vitam\u00ednov\u00fd bal\u00edk"},"content":{"rendered":"<div class=\"wp-block-group is-vertical is-layout-flex wp-container-core-group-is-layout-1 wp-block-group-is-layout-flex\"><ul class=\"wp-block-list\"><li>Mix zdrav\u00fdch v\u00fdrobkov s&nbsp;papierovou ta\u0161ti\u010dkou.<\/li>\n\n<li>Rakytn\u00edk a&nbsp;\u0161\u00edpka \u0161\u0165ava 185ml<\/li>\n\n<li>Gran\u00e1tov\u00e9 jablko \u0161\u0165ava 185ml<\/li>\n\n<li>Su\u0161en\u00e9 jablkov\u00e9 kr\u00fa\u017eky 75g<\/li>\n\n<li>Z\u00e1zvorov\u00fd Immunity Shot<\/li><\/ul><\/div>","protected":false},"excerpt":{"rendered":"<p>Bal\u00edk nabit\u00fd vitam\u00ednmi a\u00a0chu\u0165ou nielen pre posilnenie imunity. \u017diadne pridan\u00e9 p\u00edsmenk\u00e1, len ovocie. Sila z\u00a0pr\u00edrody!<\/p>","protected":false},"featured_media":32668,"comment_status":"closed","ping_status":"closed","template":"","meta":[],"product_brand":[277],"product_cat":[275,174],"product_tag":[191],"giftcard-category":[],"class_list":{"0":"post-25346","1":"product","2":"type-product","3":"status-publish","4":"has-post-thumbnail","6":"product_brand-tvrdosovske-zlato","7":"product_cat-tvrdosovske-zlato","8":"product_cat-darcekove-balenie","9":"product_tag-tvrdosovske-zlato","11":"first","12":"instock","13":"taxable","14":"shipping-taxable","15":"purchasable","16":"product-type-simple"},"_links":{"self":[{"href":"https:\/\/zlatyrakytnik.sk\/hu\/wp-json\/wp\/v2\/product\/25346","targetHints":{"allow":["GET"]}}],"collection":[{"href":"https:\/\/zlatyrakytnik.sk\/hu\/wp-json\/wp\/v2\/product"}],"about":[{"href":"https:\/\/zlatyrakytnik.sk\/hu\/wp-json\/wp\/v2\/types\/product"}],"replies":[{"embeddable":true,"href":"https:\/\/zlatyrakytnik.sk\/hu\/wp-json\/wp\/v2\/comments?post=25346"}],"wp:featuredmedia":[{"embeddable":true,"href":"https:\/\/zlatyrakytnik.sk\/hu\/wp-json\/wp\/v2\/media\/32668"}],"wp:attachment":[{"href":"https:\/\/zlatyrakytnik.sk\/hu\/wp-json\/wp\/v2\/media?parent=25346"}],"wp:term":[{"taxonomy":"product_brand","embeddable":true,"href":"https:\/\/zlatyrakytnik.sk\/hu\/wp-json\/wp\/v2\/product_brand?post=25346"},{"taxonomy":"product_cat","embeddable":true,"href":"https:\/\/zlatyrakytnik.sk\/hu\/wp-json\/wp\/v2\/product_cat?post=25346"},{"taxonomy":"product_tag","embeddable":true,"href":"https:\/\/zlatyrakytnik.sk\/hu\/wp-json\/wp\/v2\/product_tag?post=25346"},{"taxonomy":"giftcard-category","embeddable":true,"href":"https:\/\/zlatyrakytnik.sk\/hu\/wp-json\/wp\/v2\/giftcard-category?post=25346"}],"curies":[{"name":"wp","href":"https:\/\/api.w.org\/{rel}","templated":true}]}}