{"id":25472,"date":"2023-02-14T10:56:58","date_gmt":"2023-02-14T09:56:58","guid":{"rendered":"https:\/\/zlatyrakytnik.sk\/?post_type=product&#038;p=25472"},"modified":"2025-12-01T00:00:50","modified_gmt":"2025-11-30T23:00:50","slug":"bio-hrozno-aronia-stava","status":"publish","type":"product","link":"https:\/\/zlatyrakytnik.sk\/hu\/termek\/bio-hrozno-aronia-stava\/","title":{"rendered":"BIO hrozno-ar\u00f3nia \u0161\u0165ava"},"content":{"rendered":"<p>Zlo\u017eenie: Bio hroznov\u00e1 \u0161\u0165ava&nbsp;80%, Bio ar\u00f3nia \u0161\u0165ava 20%.<\/p><figure class=\"wp-block-table is-style-stripes has-medium-font-size\"><table class=\"has-fixed-layout\"><thead><tr><th><strong>V\u00fd\u017eivov\u00e9 hodnoty v 100ml:<\/strong><\/th><\/tr><\/thead><tbody><tr><td>Energetick\u00e1 hodnota<\/td><td class=\"has-text-align-right\" data-align=\"right\">352 kJ \/ 84 kcal<\/td><\/tr><tr><td>Tuky<\/td><td class=\"has-text-align-right\" data-align=\"right\">0,50 g<\/td><\/tr><tr><td>z toho nas\u00fdten\u00e9 mastn\u00e9 kyseliny<\/td><td class=\"has-text-align-right\" data-align=\"right\">0,10 g<\/td><\/tr><tr><td>Sacharidy<\/td><td class=\"has-text-align-right\" data-align=\"right\">20,50 g<\/td><\/tr><tr><td>z toho cukry<\/td><td class=\"has-text-align-right\" data-align=\"right\">20,00 g<\/td><\/tr><tr><td>Bielkoviny<\/td><td class=\"has-text-align-right\" data-align=\"right\">0,50 g<\/td><\/tr><tr><td>So\u013e<\/td><td class=\"has-text-align-right\" data-align=\"right\">&lt; 0,01 g<\/td><\/tr><\/tbody><\/table><\/figure>","protected":false},"excerpt":{"rendered":"<p>100%-n\u00fd BIO hroznov\u00e1 \u0161\u0165ava s BIO rakytn\u00edkom, bez pridan\u00fdch konzerva\u010dn\u00fdch l\u00e1tok a sladidiel. Nerieden\u00e9, pasterizovan\u00e9.<\/p>","protected":false},"featured_media":25505,"comment_status":"open","ping_status":"closed","template":"","meta":[],"product_brand":[277],"product_cat":[275,243,246,247],"product_tag":[191],"giftcard-category":[],"class_list":{"0":"post-25472","1":"product","2":"type-product","3":"status-publish","4":"has-post-thumbnail","6":"product_brand-tvrdosovske-zlato","7":"product_cat-tvrdosovske-zlato","8":"product_cat-prirodne-ovocne-stavy","9":"product_cat-aronia-ovocne-stavy-2","10":"product_cat-hrozno","11":"product_tag-tvrdosovske-zlato","13":"first","14":"instock","15":"taxable","16":"shipping-taxable","17":"purchasable","18":"product-type-variable"},"_links":{"self":[{"href":"https:\/\/zlatyrakytnik.sk\/hu\/wp-json\/wp\/v2\/product\/25472","targetHints":{"allow":["GET"]}}],"collection":[{"href":"https:\/\/zlatyrakytnik.sk\/hu\/wp-json\/wp\/v2\/product"}],"about":[{"href":"https:\/\/zlatyrakytnik.sk\/hu\/wp-json\/wp\/v2\/types\/product"}],"replies":[{"embeddable":true,"href":"https:\/\/zlatyrakytnik.sk\/hu\/wp-json\/wp\/v2\/comments?post=25472"}],"wp:featuredmedia":[{"embeddable":true,"href":"https:\/\/zlatyrakytnik.sk\/hu\/wp-json\/wp\/v2\/media\/25505"}],"wp:attachment":[{"href":"https:\/\/zlatyrakytnik.sk\/hu\/wp-json\/wp\/v2\/media?parent=25472"}],"wp:term":[{"taxonomy":"product_brand","embeddable":true,"href":"https:\/\/zlatyrakytnik.sk\/hu\/wp-json\/wp\/v2\/product_brand?post=25472"},{"taxonomy":"product_cat","embeddable":true,"href":"https:\/\/zlatyrakytnik.sk\/hu\/wp-json\/wp\/v2\/product_cat?post=25472"},{"taxonomy":"product_tag","embeddable":true,"href":"https:\/\/zlatyrakytnik.sk\/hu\/wp-json\/wp\/v2\/product_tag?post=25472"},{"taxonomy":"giftcard-category","embeddable":true,"href":"https:\/\/zlatyrakytnik.sk\/hu\/wp-json\/wp\/v2\/giftcard-category?post=25472"}],"curies":[{"name":"wp","href":"https:\/\/api.w.org\/{rel}","templated":true}]}}