{"id":25496,"date":"2023-02-14T13:02:50","date_gmt":"2023-02-14T12:02:50","guid":{"rendered":"https:\/\/zlatyrakytnik.sk\/?post_type=product&#038;p=25496"},"modified":"2025-04-30T16:21:58","modified_gmt":"2025-04-30T14:21:58","slug":"kecup-jemny-palivy-dvory-250g","status":"publish","type":"product","link":"https:\/\/zlatyrakytnik.sk\/hu\/termek\/kecup-jemny-palivy-dvory-250g\/","title":{"rendered":"Ke\u010dup jemn\u00fd \/ p\u00e1liv\u00fd Dvory 250g"},"content":{"rendered":"<div class=\"wp-block-group has-global-padding is-layout-constrained wp-block-group-is-layout-constrained\"><div class=\"wp-block-group has-global-padding is-layout-constrained wp-block-group-is-layout-constrained\"><figure class=\"wp-block-table is-style-stripes has-medium-font-size\"><table><thead><tr><th class=\"has-text-align-left\" data-align=\"left\">Priemern\u00e9 v\u00fd\u017eivov\u00e9 hodnoty v&nbsp;100g:&nbsp;<\/th><th class=\"has-text-align-right\" data-align=\"right\"><\/th><\/tr><\/thead><tbody><tr><td class=\"has-text-align-left\" data-align=\"left\">Energetick\u00e1 hodnota<\/td><td class=\"has-text-align-right\" data-align=\"right\">376 kJ \/ 90 kcal<\/td><\/tr><tr><td class=\"has-text-align-left\" data-align=\"left\">Tuky<\/td><td class=\"has-text-align-right\" data-align=\"right\">0,5 g<\/td><\/tr><tr><td class=\"has-text-align-left\" data-align=\"left\">z&nbsp;toho nas\u00fdten\u00e9 mastn\u00e9 kyseliny<\/td><td class=\"has-text-align-right\" data-align=\"right\">&lt; 0,1 g<\/td><\/tr><tr><td class=\"has-text-align-left\" data-align=\"left\">Sacharidy<\/td><td class=\"has-text-align-right\" data-align=\"right\">&nbsp;19 g<\/td><\/tr><tr><td class=\"has-text-align-left\" data-align=\"left\">z&nbsp;toho cukry<\/td><td class=\"has-text-align-right\" data-align=\"right\">18 g<\/td><\/tr><tr><td class=\"has-text-align-left\" data-align=\"left\">Bielkoviny<\/td><td class=\"has-text-align-right\" data-align=\"right\">2,6 g<\/td><\/tr><tr><td class=\"has-text-align-left\" data-align=\"left\">So\u013e<\/td><td class=\"has-text-align-right\" data-align=\"right\">&lt; 0,7 g<\/td><\/tr><\/tbody><\/table><\/figure><\/div><\/div><p>Skladovanie: Skladujte v\u00a0suchu a\u00a0chr\u00e1\u0148te pred priamym slne\u010dn\u00fdm \u017eiaren\u00edm. Po otvoren\u00ed skladujte v\u00a0chladni\u010dke a\u00a0spotrebujte do 30 dn\u00ed.<\/p>","protected":false},"excerpt":{"rendered":"<p>Priemern\u00e9 v\u00fd\u017eivov\u00e9 hodnoty v&nbsp;100g:&nbsp; Energetick\u00e1 hodnota 376 kJ \/ 90 kcal Tuky 0,5 g z&nbsp;toho nas\u00fdten\u00e9 mastn\u00e9 kyseliny &lt; 0,1 g Sacharidy &nbsp;19 g z&nbsp;toho cukry 18 g Bielkoviny 2,6 g So\u013e &lt; 0,7 g Skladovanie: Skladujte v\u00a0suchu a\u00a0chr\u00e1\u0148te pred priamym slne\u010dn\u00fdm \u017eiaren\u00edm. Po otvoren\u00ed skladujte v\u00a0chladni\u010dke a\u00a0spotrebujte do 30 dn\u00ed.<\/p>","protected":false},"featured_media":25502,"comment_status":"closed","ping_status":"closed","template":"","meta":[],"product_brand":[282],"product_cat":[253,254],"product_tag":[257],"giftcard-category":[],"class_list":{"0":"post-25496","1":"product","2":"type-product","3":"status-publish","4":"has-post-thumbnail","6":"product_brand-dvory","7":"product_cat-spajza","8":"product_cat-zavaraniny","9":"product_tag-dvory","11":"first","12":"instock","13":"taxable","14":"shipping-taxable","15":"purchasable","16":"product-type-variable"},"_links":{"self":[{"href":"https:\/\/zlatyrakytnik.sk\/hu\/wp-json\/wp\/v2\/product\/25496","targetHints":{"allow":["GET"]}}],"collection":[{"href":"https:\/\/zlatyrakytnik.sk\/hu\/wp-json\/wp\/v2\/product"}],"about":[{"href":"https:\/\/zlatyrakytnik.sk\/hu\/wp-json\/wp\/v2\/types\/product"}],"replies":[{"embeddable":true,"href":"https:\/\/zlatyrakytnik.sk\/hu\/wp-json\/wp\/v2\/comments?post=25496"}],"wp:featuredmedia":[{"embeddable":true,"href":"https:\/\/zlatyrakytnik.sk\/hu\/wp-json\/wp\/v2\/media\/25502"}],"wp:attachment":[{"href":"https:\/\/zlatyrakytnik.sk\/hu\/wp-json\/wp\/v2\/media?parent=25496"}],"wp:term":[{"taxonomy":"product_brand","embeddable":true,"href":"https:\/\/zlatyrakytnik.sk\/hu\/wp-json\/wp\/v2\/product_brand?post=25496"},{"taxonomy":"product_cat","embeddable":true,"href":"https:\/\/zlatyrakytnik.sk\/hu\/wp-json\/wp\/v2\/product_cat?post=25496"},{"taxonomy":"product_tag","embeddable":true,"href":"https:\/\/zlatyrakytnik.sk\/hu\/wp-json\/wp\/v2\/product_tag?post=25496"},{"taxonomy":"giftcard-category","embeddable":true,"href":"https:\/\/zlatyrakytnik.sk\/hu\/wp-json\/wp\/v2\/giftcard-category?post=25496"}],"curies":[{"name":"wp","href":"https:\/\/api.w.org\/{rel}","templated":true}]}}