{"id":25953,"date":"2023-03-07T16:11:56","date_gmt":"2023-03-07T15:11:56","guid":{"rendered":"https:\/\/zlatyrakytnik.sk\/?post_type=product&#038;p=25953"},"modified":"2025-04-30T16:21:34","modified_gmt":"2025-04-30T14:21:34","slug":"ja-som-sajder-55-2","status":"publish","type":"product","link":"https:\/\/zlatyrakytnik.sk\/hu\/termek\/ja-som-sajder-55-2\/","title":{"rendered":"Ja som Sajder 5,5%"},"content":{"rendered":"<p>Svie\u017ei, jemne s\u00fdten\u00fd jablkov\u00fd n\u00e1poj s n\u00edzkym obsahom alkoholu ozna\u010dovan\u00fd aj ako mlad\u00e9 \u0161umiv\u00e9 jablkov\u00e9 v\u00edno. Dvojn\u00e1sobn\u00fd laure\u00e1t prest\u00ed\u017enej Great Awards v Lond\u00fdne. Neobsahuje pridan\u00fd cukor, umel\u00e9 konzervanty ani farbiv\u00e1. Zlo\u017eenie: fermentovan\u00e1 jablkov\u00e1 \u0161\u0165ava, jablkov\u00e1 \u0161\u0165ava (40%), oxid uhli\u010dit\u00fd. Obsahuje siri\u010ditany. \u0160etrne pasterizovan\u00e9. Pod\u00e1vajte chladen\u00e9.<\/p><p><\/p>","protected":false},"excerpt":{"rendered":"<p>Svie\u017ei, jemne s\u00fdten\u00fd jablkov\u00fd n\u00e1poj s n\u00edzkym obsahom alkoholu ozna\u010dovan\u00fd aj ako mlad\u00e9 \u0161umiv\u00e9 jablkov\u00e9 v\u00edno. Dvojn\u00e1sobn\u00fd laure\u00e1t prest\u00ed\u017enej Great Awards v Lond\u00fdne. Neobsahuje pridan\u00fd cukor, umel\u00e9 konzervanty ani farbiv\u00e1. Zlo\u017eenie: fermentovan\u00e1 jablkov\u00e1 \u0161\u0165ava, jablkov\u00e1 \u0161\u0165ava (40%), oxid uhli\u010dit\u00fd. Obsahuje siri\u010ditany. \u0160etrne pasterizovan\u00e9. Pod\u00e1vajte chladen\u00e9.<\/p>","protected":false},"featured_media":25954,"comment_status":"closed","ping_status":"closed","template":"","meta":[],"product_brand":[284],"product_cat":[266],"product_tag":[258],"giftcard-category":[],"class_list":{"0":"post-25953","1":"product","2":"type-product","3":"status-publish","4":"has-post-thumbnail","6":"product_brand-jablcno","7":"product_cat-ovocne-napoje-destilaty-a-vina","8":"product_tag-jablcno","10":"first","11":"instock","12":"taxable","13":"shipping-taxable","14":"purchasable","15":"product-type-simple"},"_links":{"self":[{"href":"https:\/\/zlatyrakytnik.sk\/hu\/wp-json\/wp\/v2\/product\/25953","targetHints":{"allow":["GET"]}}],"collection":[{"href":"https:\/\/zlatyrakytnik.sk\/hu\/wp-json\/wp\/v2\/product"}],"about":[{"href":"https:\/\/zlatyrakytnik.sk\/hu\/wp-json\/wp\/v2\/types\/product"}],"replies":[{"embeddable":true,"href":"https:\/\/zlatyrakytnik.sk\/hu\/wp-json\/wp\/v2\/comments?post=25953"}],"wp:featuredmedia":[{"embeddable":true,"href":"https:\/\/zlatyrakytnik.sk\/hu\/wp-json\/wp\/v2\/media\/25954"}],"wp:attachment":[{"href":"https:\/\/zlatyrakytnik.sk\/hu\/wp-json\/wp\/v2\/media?parent=25953"}],"wp:term":[{"taxonomy":"product_brand","embeddable":true,"href":"https:\/\/zlatyrakytnik.sk\/hu\/wp-json\/wp\/v2\/product_brand?post=25953"},{"taxonomy":"product_cat","embeddable":true,"href":"https:\/\/zlatyrakytnik.sk\/hu\/wp-json\/wp\/v2\/product_cat?post=25953"},{"taxonomy":"product_tag","embeddable":true,"href":"https:\/\/zlatyrakytnik.sk\/hu\/wp-json\/wp\/v2\/product_tag?post=25953"},{"taxonomy":"giftcard-category","embeddable":true,"href":"https:\/\/zlatyrakytnik.sk\/hu\/wp-json\/wp\/v2\/giftcard-category?post=25953"}],"curies":[{"name":"wp","href":"https:\/\/api.w.org\/{rel}","templated":true}]}}