{"id":31931,"date":"2024-02-07T14:31:22","date_gmt":"2024-02-07T13:31:22","guid":{"rendered":"https:\/\/zlatyrakytnik.sk\/?post_type=product&#038;p=31931"},"modified":"2025-04-30T16:21:58","modified_gmt":"2025-04-30T14:21:58","slug":"dvory-jahodka-detsky-kecup-s-jahodami","status":"publish","type":"product","link":"https:\/\/zlatyrakytnik.sk\/hu\/termek\/dvory-jahodka-detsky-kecup-s-jahodami\/","title":{"rendered":"DVORY Jah\u00f4dka \u2013 Detsk\u00fd ke\u010dup s\u00a0jahodami"},"content":{"rendered":"<p>Paradajkov\u00fd ke\u010dup jemn\u00fd s&nbsp;jahodov\u00fdm pyr\u00e9. Spracovan\u00e1 zelenina.<\/p><p>Hust\u00fd paradajkov\u00fd ke\u010dup, pasterizovan\u00fd, vyroben\u00fd z&nbsp;paradajok vypestovan\u00fdch na ju\u017enom Slovensku. Bez pridan\u00fdch \u201ep\u00edsmeniek\u201c.<\/p><p>Zlo\u017eenie: paradajkov\u00fd pretlak, trstinov\u00fd cukor, jahodov\u00e9 pyr\u00e9, so\u013e, \u010derven\u00e9 korenie, mu\u0161k\u00e1tov\u00fd orech, jabl\u010dn\u00fd ocot.<\/p><p>Skladovanie: Skladujte v\u00a0suchu a\u00a0chr\u00e1\u0148te pred priamym slnkom. Po otvoren\u00ed uchov\u00e1vajte v\u00a0chlade a\u00a0spotrebujte do 30 dn\u00ed.<\/p><figure class=\"wp-block-table\"><table><tbody><tr><td>Priemern\u00e9 v\u00fd\u017eivov\u00e9 hodnoty v\u00a0100 g:<\/td><td class=\"has-text-align-right\" data-align=\"right\"><\/td><\/tr><tr><td>Energetick\u00e1 hodnota\u00a0<\/td><td class=\"has-text-align-right\" data-align=\"right\">453 kJ \/ 108 kcal<\/td><\/tr><tr><td>Tuky<\/td><td class=\"has-text-align-right\" data-align=\"right\">&lt; 0,5 g<\/td><\/tr><tr><td>z\u00a0toho nas\u00fdten\u00e9 mastn\u00e9 kyseliny\u00a0<\/td><td class=\"has-text-align-right\" data-align=\"right\">&lt; 0,1 g<\/td><\/tr><tr><td>Sacharidy\u00a0\u00a0<\/td><td class=\"has-text-align-right\" data-align=\"right\">\u00a023 g<\/td><\/tr><tr><td>z\u00a0toho cukry\u00a0\u00a0\u00a0<\/td><td class=\"has-text-align-right\" data-align=\"right\">21 g<\/td><\/tr><tr><td>Bielkoviny<\/td><td class=\"has-text-align-right\" data-align=\"right\">2,3 g<\/td><\/tr><tr><td>So\u013e<\/td><td class=\"has-text-align-right\" data-align=\"right\">0,5 g<\/td><\/tr><\/tbody><\/table><\/figure>","protected":false},"excerpt":{"rendered":"<p style=\"font-weight: 400;\">Paradajkov\u00fd ke\u010dup jemn\u00fd s\u00a0jahodov\u00fdm pyr\u00e9. Spracovan\u00e1 zelenina.<\/p>","protected":false},"featured_media":31932,"comment_status":"closed","ping_status":"closed","template":"","meta":[],"product_brand":[282],"product_cat":[253,254],"product_tag":[257],"giftcard-category":[],"class_list":{"0":"post-31931","1":"product","2":"type-product","3":"status-publish","4":"has-post-thumbnail","6":"product_brand-dvory","7":"product_cat-spajza","8":"product_cat-zavaraniny","9":"product_tag-dvory","11":"first","12":"instock","13":"taxable","14":"shipping-taxable","15":"purchasable","16":"product-type-simple"},"_links":{"self":[{"href":"https:\/\/zlatyrakytnik.sk\/hu\/wp-json\/wp\/v2\/product\/31931","targetHints":{"allow":["GET"]}}],"collection":[{"href":"https:\/\/zlatyrakytnik.sk\/hu\/wp-json\/wp\/v2\/product"}],"about":[{"href":"https:\/\/zlatyrakytnik.sk\/hu\/wp-json\/wp\/v2\/types\/product"}],"replies":[{"embeddable":true,"href":"https:\/\/zlatyrakytnik.sk\/hu\/wp-json\/wp\/v2\/comments?post=31931"}],"wp:featuredmedia":[{"embeddable":true,"href":"https:\/\/zlatyrakytnik.sk\/hu\/wp-json\/wp\/v2\/media\/31932"}],"wp:attachment":[{"href":"https:\/\/zlatyrakytnik.sk\/hu\/wp-json\/wp\/v2\/media?parent=31931"}],"wp:term":[{"taxonomy":"product_brand","embeddable":true,"href":"https:\/\/zlatyrakytnik.sk\/hu\/wp-json\/wp\/v2\/product_brand?post=31931"},{"taxonomy":"product_cat","embeddable":true,"href":"https:\/\/zlatyrakytnik.sk\/hu\/wp-json\/wp\/v2\/product_cat?post=31931"},{"taxonomy":"product_tag","embeddable":true,"href":"https:\/\/zlatyrakytnik.sk\/hu\/wp-json\/wp\/v2\/product_tag?post=31931"},{"taxonomy":"giftcard-category","embeddable":true,"href":"https:\/\/zlatyrakytnik.sk\/hu\/wp-json\/wp\/v2\/giftcard-category?post=31931"}],"curies":[{"name":"wp","href":"https:\/\/api.w.org\/{rel}","templated":true}]}}