{"id":32316,"date":"2024-04-12T11:41:55","date_gmt":"2024-04-12T09:41:55","guid":{"rendered":"https:\/\/zlatyrakytnik.sk\/?post_type=product&#038;p=32316"},"modified":"2025-12-01T00:00:47","modified_gmt":"2025-11-30T23:00:47","slug":"100-stava-jablko-cvikla","status":"publish","type":"product","link":"https:\/\/zlatyrakytnik.sk\/hu\/termek\/100-stava-jablko-cvikla\/","title":{"rendered":"100% \u0161\u0165ava jablko cvikla"},"content":{"rendered":"<p>Osvie\u017euj\u00faca \u010dist\u00e1 jabl\u010dno &#8211; cviklov\u00e1 \u0161\u0165ava z&nbsp;plodov zo slovensk\u00fdch z\u00e1hrad. 100% pr\u00edrodn\u00e1. Bez pr\u00edsad, nerieden\u00e1. Pasterizovan\u00e1. Na zdravie!<\/p><p>Zlo\u017eenie: jablkov\u00e1 \u0161\u0165ava, cviklov\u00e1 \u0161\u0165ava min. 10%.<\/p><p>Minim\u00e1lna trvanlivos\u0165: 9 mesiacov.<\/p><p>Skladujte na suchom mieste pri teplote do 24\u00b0C. Po otvoren\u00ed skladujte pri teplote do 7\u00b0C a&nbsp;spotrebujte do 14 dn\u00ed.<\/p><div class=\"wp-block-group has-global-padding is-layout-constrained wp-block-group-is-layout-constrained\"><figure class=\"wp-block-table\"><table><tbody><tr><td colspan=\"2\"><strong>V\u00fd\u017eivov\u00e9 hodnoty v&nbsp;100ml:<\/strong><\/td><\/tr><tr><td>Energetick\u00e1 hodnota&nbsp;&nbsp;&nbsp;<\/td><td class=\"has-text-align-right\" data-align=\"right\">190 kJ\/45 kcal<\/td><\/tr><tr><td>Tuky<\/td><td class=\"has-text-align-right\" data-align=\"right\">0,2 g<\/td><\/tr><tr><td>z&nbsp;toho nas\u00fdten\u00e9<\/td><td class=\"has-text-align-right\" data-align=\"right\">0,03 g<\/td><\/tr><tr><td>Sacharidy<\/td><td class=\"has-text-align-right\" data-align=\"right\">&nbsp;10 g<\/td><\/tr><tr><td>z&nbsp;toho cukry<\/td><td class=\"has-text-align-right\" data-align=\"right\">9,5 g<\/td><\/tr><tr><td>Vl\u00e1knina&nbsp;&nbsp;<\/td><td class=\"has-text-align-right\" data-align=\"right\">0,5 g<\/td><\/tr><tr><td>Bielkoviny<\/td><td class=\"has-text-align-right\" data-align=\"right\">0,5 g<\/td><\/tr><tr><td>So\u013e<\/td><td class=\"has-text-align-right\" data-align=\"right\">0 g<\/td><\/tr><\/tbody><\/table><\/figure><\/div>","protected":false},"excerpt":{"rendered":"<p>Spojili sme na\u0161e jab\u013a\u010dka so slovenskou cviklou a\u00a0podarilo sa n\u00e1m zamie\u0161a\u0165 skvel\u00fa jablko-cviklov\u00fa \u0161\u0165avu. Vo\u0148av\u00e1 po jablk\u00e1ch, sladk\u00e1 po cvikle. Dlho sme ladili pomer tak, aby bola \u0161\u0165ava bohat\u0161ia o\u00a0cviklov\u00e9 vitam\u00edny z\u00e1rove\u0148 v\u0161ak osvie\u017euj\u00faca a\u00a0chutn\u00e1 na pitie. Vysk\u00fa\u0161ajte. N\u00e1m v\u00a0Trdo\u0161ovciach, ako aj na\u0161im de\u0165om chutila.<\/p>","protected":false},"featured_media":32318,"comment_status":"closed","ping_status":"closed","template":"","meta":[],"product_brand":[277],"product_cat":[275,243,244,249],"product_tag":[191],"giftcard-category":[],"class_list":{"0":"post-32316","1":"product","2":"type-product","3":"status-publish","4":"has-post-thumbnail","6":"product_brand-tvrdosovske-zlato","7":"product_cat-tvrdosovske-zlato","8":"product_cat-prirodne-ovocne-stavy","9":"product_cat-jablko","10":"product_cat-cvikla","11":"product_tag-tvrdosovske-zlato","13":"first","14":"instock","15":"taxable","16":"shipping-taxable","17":"purchasable","18":"product-type-simple"},"_links":{"self":[{"href":"https:\/\/zlatyrakytnik.sk\/hu\/wp-json\/wp\/v2\/product\/32316","targetHints":{"allow":["GET"]}}],"collection":[{"href":"https:\/\/zlatyrakytnik.sk\/hu\/wp-json\/wp\/v2\/product"}],"about":[{"href":"https:\/\/zlatyrakytnik.sk\/hu\/wp-json\/wp\/v2\/types\/product"}],"replies":[{"embeddable":true,"href":"https:\/\/zlatyrakytnik.sk\/hu\/wp-json\/wp\/v2\/comments?post=32316"}],"wp:featuredmedia":[{"embeddable":true,"href":"https:\/\/zlatyrakytnik.sk\/hu\/wp-json\/wp\/v2\/media\/32318"}],"wp:attachment":[{"href":"https:\/\/zlatyrakytnik.sk\/hu\/wp-json\/wp\/v2\/media?parent=32316"}],"wp:term":[{"taxonomy":"product_brand","embeddable":true,"href":"https:\/\/zlatyrakytnik.sk\/hu\/wp-json\/wp\/v2\/product_brand?post=32316"},{"taxonomy":"product_cat","embeddable":true,"href":"https:\/\/zlatyrakytnik.sk\/hu\/wp-json\/wp\/v2\/product_cat?post=32316"},{"taxonomy":"product_tag","embeddable":true,"href":"https:\/\/zlatyrakytnik.sk\/hu\/wp-json\/wp\/v2\/product_tag?post=32316"},{"taxonomy":"giftcard-category","embeddable":true,"href":"https:\/\/zlatyrakytnik.sk\/hu\/wp-json\/wp\/v2\/giftcard-category?post=32316"}],"curies":[{"name":"wp","href":"https:\/\/api.w.org\/{rel}","templated":true}]}}