{"id":32469,"date":"2024-06-14T08:13:27","date_gmt":"2024-06-14T06:13:27","guid":{"rendered":"https:\/\/zlatyrakytnik.sk\/?post_type=product&#038;p=32469"},"modified":"2025-12-01T00:00:50","modified_gmt":"2025-11-30T23:00:50","slug":"just-applesherbs","status":"publish","type":"product","link":"https:\/\/zlatyrakytnik.sk\/hu\/termek\/just-applesherbs\/","title":{"rendered":"JUST APPLES&amp;HERBS"},"content":{"rendered":"<p><strong>JUST APPLES&amp;HERBS<br>Jablko Ar\u00f3nia Levandu\u013ea a\u00a0m\u00e4ta<\/strong><\/p><p>Pr\u00edrodn\u00e1 osvie\u017euj\u00faca \u0161\u0165ava v\u00fdlu\u010dne z&nbsp;plodov ovocia a&nbsp;macerovan\u00fdch byliniek v&nbsp;jablkovej \u0161\u0165ave. Nes\u00fdten\u00e1.<\/p><p>\u017diadna voda. \u017diadny cukor. Bez pr\u00eddavn\u00fdch l\u00e1tok. Len ovocie a&nbsp;bylinky. Najlep\u0161ie chut\u00ed chladen\u00e1. Na zdravie!<\/p><p>Zlo\u017eenie: jablkov\u00e1 \u0161\u0165ava, bio ar\u00f3nia \u0161\u0165ava 20%, kvety levandule, m\u00e4ta.<\/p><p>Ovocn\u00e1 du\u017eina je prirodzenou s\u00fa\u010das\u0165ou ovocnej \u0161\u0165avy. Pred otvoren\u00edm potraste.<\/p><figure class=\"wp-block-table\"><table><tbody><tr><td colspan=\"5\"><strong>V\u00fd\u017eivov\u00e9 hodnoty v 100ml:<\/strong><\/td><\/tr><tr><td colspan=\"4\">Energetick\u00e1 hodnota<\/td><td>257 kJ \/ 60 kcal<\/td><\/tr><tr><td colspan=\"4\">Tuky<\/td><td>0,42 g<\/td><\/tr><tr><td colspan=\"4\">z toho nas\u00fdten\u00e9 mastn\u00e9 kyseliny<\/td><td>0,15 g<\/td><\/tr><tr><td colspan=\"4\">Sacharidy<\/td><td>14,25 g<\/td><\/tr><tr><td colspan=\"4\">z toho cukry<\/td><td>13,6 g<\/td><\/tr><tr><td colspan=\"4\">Vl\u00e1knina<\/td><td>0,40 g<\/td><\/tr><tr><td colspan=\"4\">Bielkoviny<\/td><td>0,19 g<\/td><\/tr><tr><td colspan=\"4\">So\u013e<\/td><td>0,0 g<\/td><\/tr><\/tbody><\/table><\/figure><p><strong>JUST APPLES&amp;HERBS<br>Jablko Bazalka Matcha a\u00a0citr\u00f3nov\u00e1 tr\u00e1va<\/strong><\/p><p>Pr\u00edrodn\u00e1 osvie\u017euj\u00faca \u0161\u0165ava v\u00fdlu\u010dne z&nbsp;plodov ovocia a&nbsp;macerovan\u00fdch byliniek v&nbsp;jablkovej \u0161\u0165ave. Nes\u00fdten\u00e1.<\/p><p>\u017diadna voda. \u017diadny cukor. Bez pr\u00eddavn\u00fdch l\u00e1tok. Len ovocie, bylinky a&nbsp;matcha. Najlep\u0161ie chut\u00ed chladen\u00e1. Na zdravie!<\/p><p>Zlo\u017eenie: jablkov\u00e1 \u0161\u0165ava, bio matcha, bazalka, citr\u00f3nov\u00e1 tr\u00e1va.<\/p><p>Ovocn\u00e1 du\u017eina je prirodzenou s\u00fa\u010das\u0165ou ovocnej \u0161\u0165avy. Pred otvoren\u00edm potraste.<\/p><figure class=\"wp-block-table\"><table><tbody><tr><td colspan=\"5\"><strong>V\u00fd\u017eivov\u00e9 hodnoty v 100ml:<\/strong><\/td><\/tr><tr><td colspan=\"4\">Energetick\u00e1 hodnota<\/td><td>191 kJ \/ 46 kcal<\/td><\/tr><tr><td colspan=\"4\">Tuky<\/td><td>0,1 g<\/td><\/tr><tr><td colspan=\"4\">z toho nas\u00fdten\u00e9 mastn\u00e9 kyseliny<\/td><td>0,0 g<\/td><\/tr><tr><td colspan=\"4\">Sacharidy<\/td><td>10 g<\/td><\/tr><tr><td colspan=\"4\">z toho cukry<\/td><td>9,6 g<\/td><\/tr><tr><td colspan=\"4\">Vl\u00e1knina<\/td><td>0,40 g<\/td><\/tr><tr><td colspan=\"4\">Bielkoviny<\/td><td>0,2 g<\/td><\/tr><tr><td colspan=\"4\">So\u013e<\/td><td>0,0 g<\/td><\/tr><\/tbody><\/table><\/figure><p><strong>JUST APPLES&amp;HERBS<br>Jablko Gran\u00e1tov\u00e9 jablko a\u00a0Ibi\u0161tek kvety<\/strong><\/p><p>Pr\u00edrodn\u00e1 osvie\u017euj\u00faca \u0161\u0165ava v\u00fdlu\u010dne z&nbsp;plodov ovocia a&nbsp;macerovan\u00fdch byliniek v&nbsp;jablkovej \u0161\u0165ave. Nes\u00fdten\u00e1.<\/p><p>\u017diadna voda. \u017diadny cukor. Bez pr\u00eddavn\u00fdch l\u00e1tok. Len ovocie a bylinky. Najlep\u0161ie chut\u00ed chladen\u00e1. Na zdravie!<\/p><p>Zlo\u017eenie: jablkov\u00e1 \u0161\u0165ava z&nbsp;mixu zelen\u00fdch a&nbsp;\u010derven\u00fdch jab\u013ak, gran\u00e1tov\u00e9 jablko 25%, ibi\u0161tek kvet.<\/p><p>Ovocn\u00e1 du\u017eina je prirodzenou s\u00fa\u010das\u0165ou ovocnej \u0161\u0165avy. Pred otvoren\u00edm potraste.<\/p><figure class=\"wp-block-table\"><table><tbody><tr><td colspan=\"5\"><strong>V\u00fd\u017eivov\u00e9 hodnoty v 100ml:<\/strong><\/td><\/tr><tr><td colspan=\"4\">Energetick\u00e1 hodnota<\/td><td>209 kJ \/ 50 kcal<\/td><\/tr><tr><td colspan=\"4\">Tuky<\/td><td>0,12 g<\/td><\/tr><tr><td colspan=\"4\">z toho nas\u00fdten\u00e9 mastn\u00e9 kyseliny<\/td><td>0,1 g<\/td><\/tr><tr><td colspan=\"4\">Sacharidy<\/td><td>12 g<\/td><\/tr><tr><td colspan=\"4\">z toho cukry<\/td><td>10,6 g<\/td><\/tr><tr><td colspan=\"4\">Vl\u00e1knina<\/td><td>0,40 g<\/td><\/tr><tr><td colspan=\"4\">Bielkoviny<\/td><td>0,18 g<\/td><\/tr><tr><td colspan=\"4\">So\u013e<\/td><td>0,01 g<\/td><\/tr><\/tbody><\/table><\/figure>","protected":false},"excerpt":{"rendered":"<p>Pr\u00edrodn\u00e1 osvie\u017euj\u00faca \u0161\u0165ava v\u00fdlu\u010dne z ovocia a byliniek. Nes\u00fdten\u00e1. Osvie\u017euj\u00faca chu\u0165 pln\u00e1 ovocia a byliniek. \u017diadna voda. \u017diadny cukor. Bez pr\u00eddavn\u00fdch l\u00e1tok. LEN OVOCIE A BYLINKY!!!<\/p>","protected":false},"featured_media":32473,"comment_status":"closed","ping_status":"closed","template":"","meta":[],"product_brand":[277],"product_cat":[236,275,243,244,280],"product_tag":[191],"giftcard-category":[],"class_list":{"0":"post-32469","1":"product","2":"type-product","3":"status-publish","4":"has-post-thumbnail","6":"product_brand-tvrdosovske-zlato","7":"product_cat-topky","8":"product_cat-tvrdosovske-zlato","9":"product_cat-prirodne-ovocne-stavy","10":"product_cat-jablko","11":"product_cat-just","12":"product_tag-tvrdosovske-zlato","14":"first","15":"instock","16":"taxable","17":"shipping-taxable","18":"purchasable","19":"product-type-variable"},"_links":{"self":[{"href":"https:\/\/zlatyrakytnik.sk\/hu\/wp-json\/wp\/v2\/product\/32469","targetHints":{"allow":["GET"]}}],"collection":[{"href":"https:\/\/zlatyrakytnik.sk\/hu\/wp-json\/wp\/v2\/product"}],"about":[{"href":"https:\/\/zlatyrakytnik.sk\/hu\/wp-json\/wp\/v2\/types\/product"}],"replies":[{"embeddable":true,"href":"https:\/\/zlatyrakytnik.sk\/hu\/wp-json\/wp\/v2\/comments?post=32469"}],"wp:featuredmedia":[{"embeddable":true,"href":"https:\/\/zlatyrakytnik.sk\/hu\/wp-json\/wp\/v2\/media\/32473"}],"wp:attachment":[{"href":"https:\/\/zlatyrakytnik.sk\/hu\/wp-json\/wp\/v2\/media?parent=32469"}],"wp:term":[{"taxonomy":"product_brand","embeddable":true,"href":"https:\/\/zlatyrakytnik.sk\/hu\/wp-json\/wp\/v2\/product_brand?post=32469"},{"taxonomy":"product_cat","embeddable":true,"href":"https:\/\/zlatyrakytnik.sk\/hu\/wp-json\/wp\/v2\/product_cat?post=32469"},{"taxonomy":"product_tag","embeddable":true,"href":"https:\/\/zlatyrakytnik.sk\/hu\/wp-json\/wp\/v2\/product_tag?post=32469"},{"taxonomy":"giftcard-category","embeddable":true,"href":"https:\/\/zlatyrakytnik.sk\/hu\/wp-json\/wp\/v2\/giftcard-category?post=32469"}],"curies":[{"name":"wp","href":"https:\/\/api.w.org\/{rel}","templated":true}]}}