{"id":33172,"date":"2024-11-12T15:50:13","date_gmt":"2024-11-12T14:50:13","guid":{"rendered":"https:\/\/zlatyrakytnik.sk\/?post_type=product&#038;p=33172"},"modified":"2025-12-01T00:00:51","modified_gmt":"2025-11-30T23:00:51","slug":"jablkova-stava-so-zazvorom","status":"publish","type":"product","link":"https:\/\/zlatyrakytnik.sk\/hu\/termek\/jablkova-stava-so-zazvorom\/","title":{"rendered":"Jablkov\u00e1 \u0161\u0165ava so z\u00e1zvorom"},"content":{"rendered":"","protected":false},"excerpt":{"rendered":"<p>Jablko z\u00e1zvorov\u00e1 \u0161\u0165ava je skvelou kombin\u00e1ciou nefiltrovanej jablkovej \u0161\u0165avy bohatej na vl\u00e1kninu a\u00a0z\u00e1zvoru, ktor\u00fd zahreje telo a\u00a0posiln\u00ed imunitu v\u00a0boji proti jesenn\u00fdm ochoreniam. Z\u00e1zvor, alebo \u010eumbier lek\u00e1rsky, sa pova\u017euje za jednu z\u00a0najzdrav\u0161\u00edch a\u00a0najchutnej\u0161\u00edch rastl\u00edn. Z\u00e1zvor sa od nepam\u00e4ti pou\u017e\u00edva ako pr\u00edrodn\u00fd liek na chr\u00edpku, \u010di prechladnutie, pom\u00e1ha pri bru\u0161n\u00fdch probl\u00e9moch a\u00a0posil\u0148uje imunitu. Hlavne v\u0161ak m\u00e1 vynikaj\u00facu chu\u0165 a\u00a0v\u00f4\u0148u. Jablko z\u00e1zvor skvele chut\u00ed vychladen\u00fd ale aj ako hor\u00faci ovocn\u00fd n\u00e1poj. Na zdravie!<\/p>","protected":false},"featured_media":34026,"comment_status":"closed","ping_status":"closed","template":"","meta":[],"product_brand":[277],"product_cat":[275,243,244,251],"product_tag":[191],"giftcard-category":[],"class_list":{"0":"post-33172","1":"product","2":"type-product","3":"status-publish","4":"has-post-thumbnail","6":"product_brand-tvrdosovske-zlato","7":"product_cat-tvrdosovske-zlato","8":"product_cat-prirodne-ovocne-stavy","9":"product_cat-jablko","10":"product_cat-zazvor","11":"product_tag-tvrdosovske-zlato","13":"first","14":"instock","15":"taxable","16":"shipping-taxable","17":"purchasable","18":"product-type-variable"},"_links":{"self":[{"href":"https:\/\/zlatyrakytnik.sk\/hu\/wp-json\/wp\/v2\/product\/33172","targetHints":{"allow":["GET"]}}],"collection":[{"href":"https:\/\/zlatyrakytnik.sk\/hu\/wp-json\/wp\/v2\/product"}],"about":[{"href":"https:\/\/zlatyrakytnik.sk\/hu\/wp-json\/wp\/v2\/types\/product"}],"replies":[{"embeddable":true,"href":"https:\/\/zlatyrakytnik.sk\/hu\/wp-json\/wp\/v2\/comments?post=33172"}],"wp:featuredmedia":[{"embeddable":true,"href":"https:\/\/zlatyrakytnik.sk\/hu\/wp-json\/wp\/v2\/media\/34026"}],"wp:attachment":[{"href":"https:\/\/zlatyrakytnik.sk\/hu\/wp-json\/wp\/v2\/media?parent=33172"}],"wp:term":[{"taxonomy":"product_brand","embeddable":true,"href":"https:\/\/zlatyrakytnik.sk\/hu\/wp-json\/wp\/v2\/product_brand?post=33172"},{"taxonomy":"product_cat","embeddable":true,"href":"https:\/\/zlatyrakytnik.sk\/hu\/wp-json\/wp\/v2\/product_cat?post=33172"},{"taxonomy":"product_tag","embeddable":true,"href":"https:\/\/zlatyrakytnik.sk\/hu\/wp-json\/wp\/v2\/product_tag?post=33172"},{"taxonomy":"giftcard-category","embeddable":true,"href":"https:\/\/zlatyrakytnik.sk\/hu\/wp-json\/wp\/v2\/giftcard-category?post=33172"}],"curies":[{"name":"wp","href":"https:\/\/api.w.org\/{rel}","templated":true}]}}