{"id":33987,"date":"2025-04-09T16:30:58","date_gmt":"2025-04-09T14:30:58","guid":{"rendered":"https:\/\/zlatyrakytnik.sk\/?post_type=product&#038;p=33987"},"modified":"2025-12-01T00:00:47","modified_gmt":"2025-11-30T23:00:47","slug":"jablkova-stava-s-bio-citronom","status":"publish","type":"product","link":"https:\/\/zlatyrakytnik.sk\/hu\/termek\/jablkova-stava-s-bio-citronom\/","title":{"rendered":"Jablkov\u00e1 \u0161\u0165ava s\u00a0Bio citr\u00f3nom"},"content":{"rendered":"<p>Zlo\u017eenie: jablkov\u00e1 \u0161\u0165ava 94%, bio citr\u00f3nov\u00e1 \u0161\u0165ava 6%<\/p><p>NFC \u2013 Nie je z\u00a0koncentr\u00e1tu. Bez vody. Bez cukru. Bez adit\u00edv. Len ovocn\u00e1 \u0161\u0165ava z\u00a0\u010derstv\u00e9ho ovocia.<\/p><p><\/p>","protected":false},"excerpt":{"rendered":"<p>100% ovocn\u00e1 \u0161\u0165ava z\u00a0\u010derstv\u00fdch jab\u013ak doplnen\u00e1 obohaten\u00fa o\u00a0bio citr\u00f3nov\u00fa \u0161\u0165avu bohat\u00fa na vitam\u00edn C, ktor\u00e1 osvie\u017ei a posiln\u00ed imunitu. Citr\u00f3n okrem posilnenia imunity je n\u00e1pomocn\u00fd pri prirodzenej tvorbe kolag\u00e9nu a\u00a0m\u00e1 antioxida\u010dn\u00e9 \u00fa\u010dinky. Ako citr\u00f3n, tak aj jablko stimuluj\u00fa tvorbu \u017eal\u00fado\u010dn\u00fdch \u0161tiav a\u00a0podporuj\u00fa tr\u00e1venie. Ide\u00e1lna na be\u017en\u00e9 pitie, mie\u0161an\u00e9 n\u00e1poje, na ra\u0148ajky \u010di na oslavy. Vhodn\u00e1 pre deti aj dospel\u00fdch. V\u00a0praktickom BiB balen\u00ed s\u00a0koh\u00fatikom. Po otvoren\u00ed v\u00e1m vydr\u017e\u00ed \u010derstv\u00e1 viac ako 2 t\u00fd\u017edne. Na zdravie!<\/p>","protected":false},"featured_media":33988,"comment_status":"closed","ping_status":"closed","template":"","meta":[],"product_brand":[277],"product_cat":[236,275,243,244,250],"product_tag":[191],"giftcard-category":[],"class_list":{"0":"post-33987","1":"product","2":"type-product","3":"status-publish","4":"has-post-thumbnail","6":"product_brand-tvrdosovske-zlato","7":"product_cat-topky","8":"product_cat-tvrdosovske-zlato","9":"product_cat-prirodne-ovocne-stavy","10":"product_cat-jablko","11":"product_cat-citron","12":"product_tag-tvrdosovske-zlato","14":"first","15":"instock","16":"taxable","17":"shipping-taxable","18":"purchasable","19":"product-type-simple"},"_links":{"self":[{"href":"https:\/\/zlatyrakytnik.sk\/hu\/wp-json\/wp\/v2\/product\/33987","targetHints":{"allow":["GET"]}}],"collection":[{"href":"https:\/\/zlatyrakytnik.sk\/hu\/wp-json\/wp\/v2\/product"}],"about":[{"href":"https:\/\/zlatyrakytnik.sk\/hu\/wp-json\/wp\/v2\/types\/product"}],"replies":[{"embeddable":true,"href":"https:\/\/zlatyrakytnik.sk\/hu\/wp-json\/wp\/v2\/comments?post=33987"}],"wp:featuredmedia":[{"embeddable":true,"href":"https:\/\/zlatyrakytnik.sk\/hu\/wp-json\/wp\/v2\/media\/33988"}],"wp:attachment":[{"href":"https:\/\/zlatyrakytnik.sk\/hu\/wp-json\/wp\/v2\/media?parent=33987"}],"wp:term":[{"taxonomy":"product_brand","embeddable":true,"href":"https:\/\/zlatyrakytnik.sk\/hu\/wp-json\/wp\/v2\/product_brand?post=33987"},{"taxonomy":"product_cat","embeddable":true,"href":"https:\/\/zlatyrakytnik.sk\/hu\/wp-json\/wp\/v2\/product_cat?post=33987"},{"taxonomy":"product_tag","embeddable":true,"href":"https:\/\/zlatyrakytnik.sk\/hu\/wp-json\/wp\/v2\/product_tag?post=33987"},{"taxonomy":"giftcard-category","embeddable":true,"href":"https:\/\/zlatyrakytnik.sk\/hu\/wp-json\/wp\/v2\/giftcard-category?post=33987"}],"curies":[{"name":"wp","href":"https:\/\/api.w.org\/{rel}","templated":true}]}}