{"id":34083,"date":"2025-05-05T16:49:39","date_gmt":"2025-05-05T14:49:39","guid":{"rendered":"https:\/\/zlatyrakytnik.sk\/?post_type=product&#038;p=34083"},"modified":"2025-11-17T11:20:59","modified_gmt":"2025-11-17T10:20:59","slug":"cornito-bezlepkove-cestoviny","status":"publish","type":"product","link":"https:\/\/zlatyrakytnik.sk\/hu\/termek\/cornito-bezlepkove-cestoviny\/","title":{"rendered":"CORNITO bezlepkov\u00e9 cestoviny, 200 g"},"content":{"rendered":"<p><strong>Cornito je rodinn\u00e1 firma, ktor\u00e1 vznikla u\u017e v roku 1988.<\/strong>\u00a0Samotn\u00fd n\u00e1zov tejto firmy je odvoden\u00fd od jej \u0161pecializ\u00e1cie. Cornito sa toti\u017e sna\u017e\u00ed vynech\u00e1va\u0165 lepok pri v\u00fdrobe jednotliv\u00fdch potrav\u00edn.\u00a0<strong>Produkty s\u00fa vyr\u00e1ban\u00e9 z\u00a0kukuri\u010dnej m\u00faky, v\u010faka \u010domu s\u00fa vhodn\u00e9 aj pre celiatikov.<\/strong>\u00a0Navy\u0161e s\u00fa v\u0161etky pou\u017eit\u00e9 suroviny pr\u00edrodn\u00e9 a\u00a0neobsahuj\u00fa \u017eiadne konzervanty, ani farbiv\u00e1.<\/p>","protected":false},"excerpt":{"rendered":"<p>Cornito je rodinn\u00e1 firma, ktor\u00e1 vznikla u\u017e v roku 1988.\u00a0Samotn\u00fd n\u00e1zov tejto firmy je odvoden\u00fd od jej \u0161pecializ\u00e1cie. Cornito sa toti\u017e sna\u017e\u00ed vynech\u00e1va\u0165 lepok pri v\u00fdrobe jednotliv\u00fdch potrav\u00edn.\u00a0Produkty s\u00fa vyr\u00e1ban\u00e9 z\u00a0kukuri\u010dnej m\u00faky, v\u010faka \u010domu s\u00fa vhodn\u00e9 aj pre celiatikov.\u00a0Navy\u0161e s\u00fa v\u0161etky pou\u017eit\u00e9 suroviny pr\u00edrodn\u00e9 a\u00a0neobsahuj\u00fa \u017eiadne konzervanty, ani farbiv\u00e1.<\/p>","protected":false},"featured_media":34538,"comment_status":"closed","ping_status":"closed","template":"","meta":[],"product_brand":[],"product_cat":[253,255,276],"product_tag":[],"giftcard-category":[],"class_list":{"0":"post-34083","1":"product","2":"type-product","3":"status-publish","4":"has-post-thumbnail","6":"product_cat-spajza","7":"product_cat-cestoviny","8":"product_cat-bez-lepku-alergenov","10":"first","11":"instock","12":"taxable","13":"shipping-taxable","14":"purchasable","15":"product-type-variable"},"_links":{"self":[{"href":"https:\/\/zlatyrakytnik.sk\/hu\/wp-json\/wp\/v2\/product\/34083","targetHints":{"allow":["GET"]}}],"collection":[{"href":"https:\/\/zlatyrakytnik.sk\/hu\/wp-json\/wp\/v2\/product"}],"about":[{"href":"https:\/\/zlatyrakytnik.sk\/hu\/wp-json\/wp\/v2\/types\/product"}],"replies":[{"embeddable":true,"href":"https:\/\/zlatyrakytnik.sk\/hu\/wp-json\/wp\/v2\/comments?post=34083"}],"wp:featuredmedia":[{"embeddable":true,"href":"https:\/\/zlatyrakytnik.sk\/hu\/wp-json\/wp\/v2\/media\/34538"}],"wp:attachment":[{"href":"https:\/\/zlatyrakytnik.sk\/hu\/wp-json\/wp\/v2\/media?parent=34083"}],"wp:term":[{"taxonomy":"product_brand","embeddable":true,"href":"https:\/\/zlatyrakytnik.sk\/hu\/wp-json\/wp\/v2\/product_brand?post=34083"},{"taxonomy":"product_cat","embeddable":true,"href":"https:\/\/zlatyrakytnik.sk\/hu\/wp-json\/wp\/v2\/product_cat?post=34083"},{"taxonomy":"product_tag","embeddable":true,"href":"https:\/\/zlatyrakytnik.sk\/hu\/wp-json\/wp\/v2\/product_tag?post=34083"},{"taxonomy":"giftcard-category","embeddable":true,"href":"https:\/\/zlatyrakytnik.sk\/hu\/wp-json\/wp\/v2\/giftcard-category?post=34083"}],"curies":[{"name":"wp","href":"https:\/\/api.w.org\/{rel}","templated":true}]}}