{"id":34118,"date":"2025-05-05T18:25:59","date_gmt":"2025-05-05T16:25:59","guid":{"rendered":"https:\/\/zlatyrakytnik.sk\/?post_type=product&#038;p=34118"},"modified":"2025-05-05T18:35:39","modified_gmt":"2025-05-05T16:35:39","slug":"struhanka-bezgl-panko-extrudo-200g","status":"publish","type":"product","link":"https:\/\/zlatyrakytnik.sk\/hu\/termek\/struhanka-bezgl-panko-extrudo-200g\/","title":{"rendered":"Str\u00fahanka bezgl. Panko Extrudo 200g"},"content":{"rendered":"<p>Vyu\u017eitie:<\/p><ul class=\"wp-block-list\"><li>oba\u013eovanie \u2013 so str\u00fahankou m\u00f4\u017eete obali\u0165 takmer v\u0161etko, od h\u00fab cez syry a\u017e po zeleninu<\/li>\n\n<li>zemiakov\u00e9 cesto \u2013 pridajte trochu str\u00fahanky do klasick\u00e9ho zemiakov\u00e9ho cesta na knedle, cesto t\u00fdm kr\u00e1sne od\u013eah\u010d\u00edte<\/li>\n\n<li>fa\u0161\u00edrky, sekan\u00e1 \u2013 namiesto p\u0161eni\u010dnej str\u00fahanky m\u00f4\u017eete pri pr\u00edprave placiek alebo sekanej pou\u017ei\u0165 bezlepkov\u00fa<\/li><\/ul><p>Spolo\u010dnos\u0165&nbsp;<strong>Extrudo Be\u010dice s. r. o.<\/strong>&nbsp;sa zameriava predov\u0161etk\u00fdm na produkty bez lakt\u00f3zy, lepku, biopotraviny a kosher v\u00fdrobky. Firma funguje u\u017e od roku 1991. Je aj dr\u017eite\u013eom certifik\u00e1tu kvality BRC. Taktie\u017e sa anga\u017euje v boji proti detskej obezite a v snahe zavies\u0165 do \u0161k\u00f4l zdrav\u00fa v\u00fd\u017eivu a bioprodukty.<\/p><p><strong>Zlo\u017eenie<\/strong><br>Kukurica 61 %, ry\u017eov\u00e1 m\u00faka, c\u00edcer, trstinov\u00fd cukor, so\u013e.<\/p><p><strong>Skladovanie<\/strong><br>Skladujte v suchu.<\/p>","protected":false},"excerpt":{"rendered":"<p>Bezlepkov\u00e1 str\u00fahanka japonsk\u00e9ho \u0161t\u00fdlu je \u013eahk\u00e1 a chrumkav\u00e1. Od \u010desk\u00e9ho v\u00fdrobcu. Neobsahuje lepok, p\u0161enicu ani s\u00f3ju. Vhodn\u00e1 aj pre celiatikov a veg\u00e1nov.<\/p>","protected":false},"featured_media":34119,"comment_status":"closed","ping_status":"closed","template":"","meta":[],"product_brand":[],"product_cat":[276],"product_tag":[],"giftcard-category":[],"class_list":{"0":"post-34118","1":"product","2":"type-product","3":"status-publish","4":"has-post-thumbnail","6":"product_cat-bez-lepku-alergenov","8":"first","9":"instock","10":"taxable","11":"shipping-taxable","12":"purchasable","13":"product-type-simple"},"_links":{"self":[{"href":"https:\/\/zlatyrakytnik.sk\/hu\/wp-json\/wp\/v2\/product\/34118","targetHints":{"allow":["GET"]}}],"collection":[{"href":"https:\/\/zlatyrakytnik.sk\/hu\/wp-json\/wp\/v2\/product"}],"about":[{"href":"https:\/\/zlatyrakytnik.sk\/hu\/wp-json\/wp\/v2\/types\/product"}],"replies":[{"embeddable":true,"href":"https:\/\/zlatyrakytnik.sk\/hu\/wp-json\/wp\/v2\/comments?post=34118"}],"wp:featuredmedia":[{"embeddable":true,"href":"https:\/\/zlatyrakytnik.sk\/hu\/wp-json\/wp\/v2\/media\/34119"}],"wp:attachment":[{"href":"https:\/\/zlatyrakytnik.sk\/hu\/wp-json\/wp\/v2\/media?parent=34118"}],"wp:term":[{"taxonomy":"product_brand","embeddable":true,"href":"https:\/\/zlatyrakytnik.sk\/hu\/wp-json\/wp\/v2\/product_brand?post=34118"},{"taxonomy":"product_cat","embeddable":true,"href":"https:\/\/zlatyrakytnik.sk\/hu\/wp-json\/wp\/v2\/product_cat?post=34118"},{"taxonomy":"product_tag","embeddable":true,"href":"https:\/\/zlatyrakytnik.sk\/hu\/wp-json\/wp\/v2\/product_tag?post=34118"},{"taxonomy":"giftcard-category","embeddable":true,"href":"https:\/\/zlatyrakytnik.sk\/hu\/wp-json\/wp\/v2\/giftcard-category?post=34118"}],"curies":[{"name":"wp","href":"https:\/\/api.w.org\/{rel}","templated":true}]}}