{"id":34120,"date":"2025-05-05T18:35:10","date_gmt":"2025-05-05T16:35:10","guid":{"rendered":"https:\/\/zlatyrakytnik.sk\/?post_type=product&#038;p=34120"},"modified":"2025-05-05T18:40:25","modified_gmt":"2025-05-05T16:40:25","slug":"schar-mix-it-universal-muka-1000-g","status":"publish","type":"product","link":"https:\/\/zlatyrakytnik.sk\/hu\/termek\/schar-mix-it-universal-muka-1000-g\/","title":{"rendered":"Sch\u00e4r MIX IT Universal m\u00faka 1000 g"},"content":{"rendered":"<h5 class=\"wp-block-heading\">Ingrediencie<\/h5><p>Kukuri\u010dn\u00fd \u0161krob,&nbsp;ry\u017eov\u00e1 m\u00faka,&nbsp;cirokov\u00e1 m\u00faka,&nbsp;ry\u017eov\u00fd \u0161krob,&nbsp;hroznov\u00fd cukor (gluk\u00f3za),&nbsp;rastlinn\u00e1 vl\u00e1knina (psyllium),&nbsp;hrachov\u00e1 bielkovina,&nbsp;zahus\u0165ovadlo: hydroxypropylmetylcelul\u00f3za;&nbsp;jedl\u00e1 so\u013e.&nbsp;<strong>M\u00f4\u017ee obsahova\u0165 s\u00f3ju.<\/strong><\/p><h5 class=\"wp-block-heading\">Anal\u00fdza na 100 g<\/h5><figure class=\"wp-block-table\"><table class=\"has-fixed-layout\"><tbody><tr><th class=\"has-text-align-left\" data-align=\"left\">energetick\u00e1 hodnota<\/th><td class=\"has-text-align-right\" data-align=\"right\">1491kj \/ 351kcal<\/td><\/tr><tr><th class=\"has-text-align-left\" data-align=\"left\">tuky<\/th><td class=\"has-text-align-right\" data-align=\"right\">0.9g<\/td><\/tr><tr><th class=\"has-text-align-left\" data-align=\"left\">z toho nas\u00fdten\u00e9 mastn\u00e9 kyseliny<\/th><td class=\"has-text-align-right\" data-align=\"right\">0.3g<\/td><\/tr><tr><th class=\"has-text-align-left\" data-align=\"left\">sacharidy<\/th><td class=\"has-text-align-right\" data-align=\"right\">82g<\/td><\/tr><tr><th class=\"has-text-align-left\" data-align=\"left\">z toho cukry<\/th><td class=\"has-text-align-right\" data-align=\"right\">3g<\/td><\/tr><tr><th class=\"has-text-align-left\" data-align=\"left\">vl\u00e1knina<\/th><td class=\"has-text-align-right\" data-align=\"right\">1.6g<\/td><\/tr><tr><th class=\"has-text-align-left\" data-align=\"left\">bielkoviny<\/th><td class=\"has-text-align-right\" data-align=\"right\">3.5g<\/td><\/tr><tr><th class=\"has-text-align-left\" data-align=\"left\">so\u013e<\/th><td class=\"has-text-align-right\" data-align=\"right\">0.82g<\/td><\/tr><\/tbody><\/table><\/figure>","protected":false},"excerpt":{"rendered":"<p>Sypk\u00e1 bezlepkov\u00e1 zmes Mix it Universal m\u00e1 v\u0161estrann\u00e9 vyu\u017eitie.<\/p>\n<p>Hod\u00ed sa napr\u00edklad aj na pe\u010denie chleba.<\/p>\n<p>Neobsahuje lepok, p\u0161enicu, lakt\u00f3zu, mlieko a vajcia.<\/p>","protected":false},"featured_media":34121,"comment_status":"closed","ping_status":"closed","template":"","meta":[],"product_brand":[],"product_cat":[276],"product_tag":[],"giftcard-category":[],"class_list":{"0":"post-34120","1":"product","2":"type-product","3":"status-publish","4":"has-post-thumbnail","6":"product_cat-bez-lepku-alergenov","8":"first","9":"instock","10":"taxable","11":"shipping-taxable","12":"purchasable","13":"product-type-simple"},"_links":{"self":[{"href":"https:\/\/zlatyrakytnik.sk\/hu\/wp-json\/wp\/v2\/product\/34120","targetHints":{"allow":["GET"]}}],"collection":[{"href":"https:\/\/zlatyrakytnik.sk\/hu\/wp-json\/wp\/v2\/product"}],"about":[{"href":"https:\/\/zlatyrakytnik.sk\/hu\/wp-json\/wp\/v2\/types\/product"}],"replies":[{"embeddable":true,"href":"https:\/\/zlatyrakytnik.sk\/hu\/wp-json\/wp\/v2\/comments?post=34120"}],"wp:featuredmedia":[{"embeddable":true,"href":"https:\/\/zlatyrakytnik.sk\/hu\/wp-json\/wp\/v2\/media\/34121"}],"wp:attachment":[{"href":"https:\/\/zlatyrakytnik.sk\/hu\/wp-json\/wp\/v2\/media?parent=34120"}],"wp:term":[{"taxonomy":"product_brand","embeddable":true,"href":"https:\/\/zlatyrakytnik.sk\/hu\/wp-json\/wp\/v2\/product_brand?post=34120"},{"taxonomy":"product_cat","embeddable":true,"href":"https:\/\/zlatyrakytnik.sk\/hu\/wp-json\/wp\/v2\/product_cat?post=34120"},{"taxonomy":"product_tag","embeddable":true,"href":"https:\/\/zlatyrakytnik.sk\/hu\/wp-json\/wp\/v2\/product_tag?post=34120"},{"taxonomy":"giftcard-category","embeddable":true,"href":"https:\/\/zlatyrakytnik.sk\/hu\/wp-json\/wp\/v2\/giftcard-category?post=34120"}],"curies":[{"name":"wp","href":"https:\/\/api.w.org\/{rel}","templated":true}]}}