{"id":34124,"date":"2025-05-05T18:45:24","date_gmt":"2025-05-05T16:45:24","guid":{"rendered":"https:\/\/zlatyrakytnik.sk\/?post_type=product&#038;p=34124"},"modified":"2025-07-21T11:39:08","modified_gmt":"2025-07-21T09:39:08","slug":"mandlova-muka-200g-zp","status":"publish","type":"product","link":"https:\/\/zlatyrakytnik.sk\/hu\/termek\/mandlova-muka-200g-zp\/","title":{"rendered":"Mand\u013eov\u00e1 m\u00faka 200g ZP"},"content":{"rendered":"<p>Mandle s\u00fa zn\u00e1me svoj\u00edm vysok\u00fdm obsahom vitam\u00ednu E. Obsahuj\u00fa aj \u010fal\u0161ie vitam\u00edny a miner\u00e1ly, ako s\u00fa hor\u010d\u00edk, v\u00e1pnik, drasl\u00edk, \u017eelezo a zinok, ako aj ve\u013ek\u00e9 mno\u017estvo antioxidantov.<\/p><p><strong>Zlo\u017eenie:<\/strong><br>Jadr\u00e1 mandl\u00ed<\/p><p><strong>Pou\u017eitie:<\/strong><br>Mand\u013eov\u00e1 m\u00faka je v\u00fd\u017eivnou alternat\u00edvou k obilninov\u00fdm m\u00fakam. M\u00e1 vysok\u00fd obsah vl\u00e1kniny, bielkov\u00edn a zdrav\u00fdch tukov. Je bohat\u00fdm zdrojom miner\u00e1lov (v\u00e1pnik, fosfor, hor\u010d\u00edk, drasl\u00edk) a m\u00e1 v\u0161estrann\u00e9 vyu\u017eitie. D\u00e1 sa pou\u017ei\u0165 rovnako ako p\u0161eni\u010dn\u00e1 m\u00faka \u2013 na pe\u010denie chleba, sladk\u00e9ho aj slan\u00e9ho pe\u010diva. Vhodn\u00e1 je aj na zahus\u0165ovanie polievok a om\u00e1\u010dok, oba\u013eovanie a vypr\u00e1\u017eanie. M\u00f4\u017eete ju prida\u0165 do ka\u0161\u00ed, \u0161al\u00e1tov \u010di detsk\u00fdch v\u00fd\u017eiv. Je ve\u013emi ob\u013e\u00faben\u00e1 aj pri pr\u00edprave raw jed\u00e1l.<\/p><p><strong>Alerg\u00e9ny:<\/strong><br>V\u00fdrobok m\u00f4\u017ee obsahova\u0165 lepok, \u0161krupinov\u00e9 plody, ara\u0161idy, s\u00f3ju a sezam z d\u00f4vodu spracovania potrav\u00edn met\u00f3dou kr\u00ed\u017eovej kontamin\u00e1cie.<\/p><p><strong>Skladovanie:<\/strong><br>Skladujte na suchom, tmavom a chladnom mieste.<\/p>","protected":false},"excerpt":{"rendered":"<p><strong>Mand\u013eov\u00e1 m\u00faka<\/strong>\u00a0je v\u00fdbornou a ve\u013emi v\u00fd\u017eivnou alternat\u00edvou k obilninov\u00fdm m\u00fakam. M\u00e1 vysok\u00fd obsah vl\u00e1kniny, bielkov\u00edn a prospe\u0161n\u00fdch zdrav\u00fdch tukov. Je zdrojom miner\u00e1lov, ako s\u00fa v\u00e1pnik, fosfor, hor\u010d\u00edk a drasl\u00edk. M\u00e1 \u0161irok\u00e9 vyu\u017eitie v teplej aj studenej kuchyni.<\/p>","protected":false},"featured_media":34125,"comment_status":"closed","ping_status":"closed","template":"","meta":[],"product_brand":[],"product_cat":[253],"product_tag":[],"giftcard-category":[],"class_list":{"0":"post-34124","1":"product","2":"type-product","3":"status-publish","4":"has-post-thumbnail","6":"product_cat-spajza","8":"first","9":"outofstock","10":"taxable","11":"shipping-taxable","12":"purchasable","13":"product-type-simple"},"_links":{"self":[{"href":"https:\/\/zlatyrakytnik.sk\/hu\/wp-json\/wp\/v2\/product\/34124","targetHints":{"allow":["GET"]}}],"collection":[{"href":"https:\/\/zlatyrakytnik.sk\/hu\/wp-json\/wp\/v2\/product"}],"about":[{"href":"https:\/\/zlatyrakytnik.sk\/hu\/wp-json\/wp\/v2\/types\/product"}],"replies":[{"embeddable":true,"href":"https:\/\/zlatyrakytnik.sk\/hu\/wp-json\/wp\/v2\/comments?post=34124"}],"wp:featuredmedia":[{"embeddable":true,"href":"https:\/\/zlatyrakytnik.sk\/hu\/wp-json\/wp\/v2\/media\/34125"}],"wp:attachment":[{"href":"https:\/\/zlatyrakytnik.sk\/hu\/wp-json\/wp\/v2\/media?parent=34124"}],"wp:term":[{"taxonomy":"product_brand","embeddable":true,"href":"https:\/\/zlatyrakytnik.sk\/hu\/wp-json\/wp\/v2\/product_brand?post=34124"},{"taxonomy":"product_cat","embeddable":true,"href":"https:\/\/zlatyrakytnik.sk\/hu\/wp-json\/wp\/v2\/product_cat?post=34124"},{"taxonomy":"product_tag","embeddable":true,"href":"https:\/\/zlatyrakytnik.sk\/hu\/wp-json\/wp\/v2\/product_tag?post=34124"},{"taxonomy":"giftcard-category","embeddable":true,"href":"https:\/\/zlatyrakytnik.sk\/hu\/wp-json\/wp\/v2\/giftcard-category?post=34124"}],"curies":[{"name":"wp","href":"https:\/\/api.w.org\/{rel}","templated":true}]}}