{"id":34126,"date":"2025-05-05T18:51:12","date_gmt":"2025-05-05T16:51:12","guid":{"rendered":"https:\/\/zlatyrakytnik.sk\/?post_type=product&#038;p=34126"},"modified":"2025-05-05T18:51:13","modified_gmt":"2025-05-05T16:51:13","slug":"muka-kukuricna-hladka-500g-zp","status":"publish","type":"product","link":"https:\/\/zlatyrakytnik.sk\/hu\/termek\/muka-kukuricna-hladka-500g-zp\/","title":{"rendered":"M\u00faka kukuri\u010dn\u00e1 hladk\u00e1 500g ZP"},"content":{"rendered":"<p>Kukurica je prirodzene bezlepkov\u00e1 a v\u00fd\u017eivovo ve\u013emi bohat\u00e1 potravina. M\u00e1 vysok\u00fd obsah vitam\u00ednov skupiny B a obsahuje aj miner\u00e1lne l\u00e1tky ako \u017eelezo, hor\u010d\u00edk, zinok, mang\u00e1n a sel\u00e9n.<\/p><p><strong>Zlo\u017eenie:<\/strong><br>Kukurica<br><strong>PRIRODZENE BEZLEPKOV\u00c1 SUROVINA<\/strong><\/p><p><strong>Pou\u017eitie:<\/strong><br>Kukuri\u010dn\u00e1 m\u00faka m\u00e1 o nie\u010do ni\u017e\u0161iu v\u00e4zbov\u00fa schopnos\u0165 ne\u017e p\u0161eni\u010dn\u00e1 m\u00faka, preto je vhodn\u00e9 ju v niektor\u00fdch receptoch kombinova\u0165 s in\u00fdmi druhmi m\u00faky, napr\u00edklad ry\u017eovou \u010di kokosovou. Najlep\u0161ie sa hod\u00ed na recepty, ktor\u00e9 nevy\u017eaduj\u00fa vysok\u00fa v\u00e4zbovos\u0165, ako s\u00fa kol\u00e1\u010de, placky, palacinky a in\u00e9 podobn\u00e9 poch\u00fa\u0165ky.<br>Rovnako dobre ju m\u00f4\u017eete pou\u017ei\u0165 aj na zahus\u0165ovanie polievok a om\u00e1\u010dok.<\/p><p>Okrem 500g balenia hladkej kukuri\u010dnej m\u00faky m\u00e1me pre v\u00e1s aj v\u00e4\u010d\u0161ie, kilov\u00e9 balenie jemnej m\u00faky. Vysk\u00fa\u0161a\u0165 m\u00f4\u017eete aj na\u0161u polohrub\u00fa kukuri\u010dn\u00fa m\u00faku.<\/p><p><strong>Skladovanie:<\/strong><br>Skladujte na suchom, tmavom a chladnom mieste.<\/p>","protected":false},"excerpt":{"rendered":"<p><strong data-start=\"75\" data-end=\"111\">Hladk\u00e1 bezlepkov\u00e1 kukuri\u010dn\u00e1 m\u00faka<\/strong> od zna\u010dky <strong data-start=\"122\" data-end=\"143\">Zdravie z pr\u00edrody<\/strong> je skvel\u00fdm pomocn\u00edkom pri ka\u017edom pe\u010den\u00ed. Je vyroben\u00e1 z mlet\u00fdch kukuri\u010dn\u00fdch z\u0155n a je bohat\u00e1 na vitam\u00edny a miner\u00e1ly. Jednou z ve\u013ek\u00fdch v\u00fdhod tejto m\u00faky je aj vysok\u00fd obsah vl\u00e1kniny. V\u010faka svojej jemnej sladkastej chuti sa v\u00fdborne hod\u00ed na pe\u010denie sladk\u00fdch aj slan\u00fdch jed\u00e1l. Konzistenciou sa podob\u00e1 klasickej p\u0161eni\u010dnej m\u00fake, ktor\u00fa vo v\u00e4\u010d\u0161ine receptov jednoducho nahrad\u00edte touto bezlepkovou alternat\u00edvou.<\/p>","protected":false},"featured_media":34127,"comment_status":"closed","ping_status":"closed","template":"","meta":[],"product_brand":[],"product_cat":[276],"product_tag":[],"giftcard-category":[],"class_list":{"0":"post-34126","1":"product","2":"type-product","3":"status-publish","4":"has-post-thumbnail","6":"product_cat-bez-lepku-alergenov","8":"first","9":"instock","10":"taxable","11":"shipping-taxable","12":"purchasable","13":"product-type-simple"},"_links":{"self":[{"href":"https:\/\/zlatyrakytnik.sk\/hu\/wp-json\/wp\/v2\/product\/34126","targetHints":{"allow":["GET"]}}],"collection":[{"href":"https:\/\/zlatyrakytnik.sk\/hu\/wp-json\/wp\/v2\/product"}],"about":[{"href":"https:\/\/zlatyrakytnik.sk\/hu\/wp-json\/wp\/v2\/types\/product"}],"replies":[{"embeddable":true,"href":"https:\/\/zlatyrakytnik.sk\/hu\/wp-json\/wp\/v2\/comments?post=34126"}],"wp:featuredmedia":[{"embeddable":true,"href":"https:\/\/zlatyrakytnik.sk\/hu\/wp-json\/wp\/v2\/media\/34127"}],"wp:attachment":[{"href":"https:\/\/zlatyrakytnik.sk\/hu\/wp-json\/wp\/v2\/media?parent=34126"}],"wp:term":[{"taxonomy":"product_brand","embeddable":true,"href":"https:\/\/zlatyrakytnik.sk\/hu\/wp-json\/wp\/v2\/product_brand?post=34126"},{"taxonomy":"product_cat","embeddable":true,"href":"https:\/\/zlatyrakytnik.sk\/hu\/wp-json\/wp\/v2\/product_cat?post=34126"},{"taxonomy":"product_tag","embeddable":true,"href":"https:\/\/zlatyrakytnik.sk\/hu\/wp-json\/wp\/v2\/product_tag?post=34126"},{"taxonomy":"giftcard-category","embeddable":true,"href":"https:\/\/zlatyrakytnik.sk\/hu\/wp-json\/wp\/v2\/giftcard-category?post=34126"}],"curies":[{"name":"wp","href":"https:\/\/api.w.org\/{rel}","templated":true}]}}