{"id":34128,"date":"2025-05-05T18:54:53","date_gmt":"2025-05-05T16:54:53","guid":{"rendered":"https:\/\/zlatyrakytnik.sk\/?post_type=product&#038;p=34128"},"modified":"2025-05-05T18:55:35","modified_gmt":"2025-05-05T16:55:35","slug":"muka-ryzova-hladka-500g","status":"publish","type":"product","link":"https:\/\/zlatyrakytnik.sk\/hu\/termek\/muka-ryzova-hladka-500g\/","title":{"rendered":"M\u00faka ry\u017eov\u00e1 hladk\u00e1 500g"},"content":{"rendered":"<p><strong>Zlo\u017eenie:<\/strong><br>Biela ry\u017ea<br><strong>PRIRODZENE BEZLEPKOV\u00c1 SUROVINA<\/strong><\/p><p><strong>Pou\u017eitie:<\/strong><br>Bezlepkov\u00fa ry\u017eov\u00fa m\u00faku mo\u017eno pou\u017ei\u0165 do ak\u00e9hoko\u013evek cesta. V\u00fdborne sa hod\u00ed na lievance, palacinky, torty, su\u0161ienky a kol\u00e1\u010de. Skvelo zahus\u0165uje a v\u00fdborne sa kombinuje s in\u00fdmi bezlepkov\u00fdmi m\u00fakami. Odpor\u00fa\u010da sa kombinova\u0165 ju s inou m\u00fakou \u2013 napr\u00edklad kukuri\u010dnou alebo poh\u00e1nkovou, preto\u017ee samostatne nedr\u017e\u00ed cesto v po\u017eadovanej konzistencii. V kombin\u00e1cii v\u0161ak zvy\u0161uje v\u00e4zbovos\u0165 a objem cesta. Konzistenciou sa podob\u00e1 p\u0161eni\u010dnej m\u00fake a je rovnako pevn\u00e1.<\/p><p>Okrem hladkej ry\u017eovej m\u00faky m\u00f4\u017eete vysk\u00fa\u0161a\u0165 aj celozrnn\u00fa hladk\u00fa alebo polohrub\u00fa ry\u017eov\u00fa m\u00faku. Z na\u0161ej ponuky bezlepkov\u00fdch m\u00fak m\u00f4\u017eete okrem ry\u017eov\u00fdch vysk\u00fa\u0161a\u0165 aj amarantov\u00fa, c\u00edcerov\u00fa, p\u0161eno m\u00faku, kukuri\u010dn\u00fa, poh\u00e1nkov\u00fa, \u0161o\u0161ovicov\u00fa, hrachov\u00fa, fazu\u013eov\u00fa, ovsen\u00fa \u010di cirokov\u00fa m\u00faku.<\/p><p><strong>Skladovanie:<\/strong><br>Skladujte na suchom, tmavom a chladnom mieste.<\/p>","protected":false},"excerpt":{"rendered":"<p><strong data-start=\"72\" data-end=\"105\">Hladk\u00e1 bezlepkov\u00e1 ry\u017eov\u00e1 m\u00faka<\/strong> m\u00e1 zo v\u0161etk\u00fdch bezlepkov\u00fdch druhov m\u00fak pravdepodobne naj\u0161ir\u0161ie vyu\u017eitie. M\u00e1 ve\u013emi jemn\u00fa chu\u0165 a je \u013eahko str\u00e1vite\u013en\u00e1. Dobre sa kombinuje s in\u00fdmi bezlepkov\u00fdmi m\u00fakami. Hlavnou \u017eivinou v ry\u017eovom zrne s\u00fa sacharidy (pribli\u017ene 80 %), takmer v\u00fdhradne vo forme komplexn\u00fdch polysacharidov. Ry\u017eov\u00e1 m\u00faka je teda v\u00fdborn\u00fdm a \u013eahko str\u00e1vite\u013en\u00fdm zdrojom energie. Obsahuje kvalitn\u00e9 bielkoviny, najm\u00e4 vysok\u00fd podiel argin\u00ednu, a aminokyseliny d\u00f4le\u017eit\u00e9 pre rast svalov, ako aj vitam\u00edny (najm\u00e4 skupiny B) a miner\u00e1lne l\u00e1tky prospe\u0161n\u00e9 pre organizmus<\/p>","protected":false},"featured_media":34130,"comment_status":"closed","ping_status":"closed","template":"","meta":[],"product_brand":[],"product_cat":[276],"product_tag":[],"giftcard-category":[],"class_list":{"0":"post-34128","1":"product","2":"type-product","3":"status-publish","4":"has-post-thumbnail","6":"product_cat-bez-lepku-alergenov","8":"first","9":"instock","10":"taxable","11":"shipping-taxable","12":"purchasable","13":"product-type-simple"},"_links":{"self":[{"href":"https:\/\/zlatyrakytnik.sk\/hu\/wp-json\/wp\/v2\/product\/34128","targetHints":{"allow":["GET"]}}],"collection":[{"href":"https:\/\/zlatyrakytnik.sk\/hu\/wp-json\/wp\/v2\/product"}],"about":[{"href":"https:\/\/zlatyrakytnik.sk\/hu\/wp-json\/wp\/v2\/types\/product"}],"replies":[{"embeddable":true,"href":"https:\/\/zlatyrakytnik.sk\/hu\/wp-json\/wp\/v2\/comments?post=34128"}],"wp:featuredmedia":[{"embeddable":true,"href":"https:\/\/zlatyrakytnik.sk\/hu\/wp-json\/wp\/v2\/media\/34130"}],"wp:attachment":[{"href":"https:\/\/zlatyrakytnik.sk\/hu\/wp-json\/wp\/v2\/media?parent=34128"}],"wp:term":[{"taxonomy":"product_brand","embeddable":true,"href":"https:\/\/zlatyrakytnik.sk\/hu\/wp-json\/wp\/v2\/product_brand?post=34128"},{"taxonomy":"product_cat","embeddable":true,"href":"https:\/\/zlatyrakytnik.sk\/hu\/wp-json\/wp\/v2\/product_cat?post=34128"},{"taxonomy":"product_tag","embeddable":true,"href":"https:\/\/zlatyrakytnik.sk\/hu\/wp-json\/wp\/v2\/product_tag?post=34128"},{"taxonomy":"giftcard-category","embeddable":true,"href":"https:\/\/zlatyrakytnik.sk\/hu\/wp-json\/wp\/v2\/giftcard-category?post=34128"}],"curies":[{"name":"wp","href":"https:\/\/api.w.org\/{rel}","templated":true}]}}