{"id":34132,"date":"2025-05-06T08:14:36","date_gmt":"2025-05-06T06:14:36","guid":{"rendered":"https:\/\/zlatyrakytnik.sk\/?post_type=product&#038;p=34132"},"modified":"2025-05-06T08:22:36","modified_gmt":"2025-05-06T06:22:36","slug":"ovocne-platky-20g","status":"publish","type":"product","link":"https:\/\/zlatyrakytnik.sk\/hu\/termek\/ovocne-platky-20g\/","title":{"rendered":"Ovocn\u00e9 pl\u00e1tky 20g"},"content":{"rendered":"<p>Na ka\u017ed\u00e9 20 gramov\u00e9 balenie pl\u00e1tkov pou\u017eijeme 170 gramov \u010derstv\u00e9ho ovocia, ktor\u00e9 sme si vypestovali vo vlastn\u00fdch sadoch alebo ho nak\u00fapili od preveren\u00fdch pestovate\u013eov z n\u00e1\u0161ho okolia.\u00a0<\/p><p>Ovocie podrv\u00edme a za n\u00edzkej teploty (maxim\u00e1lne 42 \u00b0C) cel\u00fdch 30 hod\u00edn su\u0161\u00edme. Behom su\u0161enia pr\u00edde o takmer v\u0161etku&nbsp; vodu, jeho chu\u0165 sa tak ale e\u0161te zv\u00fdrazn\u00ed.&nbsp;<\/p><p>V\u010faka su\u0161eniu pri n\u00edzkej teplote si&nbsp; pl\u00e1tky zachov\u00e1vaj\u00fa ve\u013ea vitam\u00ednov a obsahuj\u00fa i v\u00fddatn\u00e9 mno\u017estvo vl\u00e1kniny.<\/p>","protected":false},"excerpt":{"rendered":"<p>Na ka\u017ed\u00e9 20 gramov\u00e9 balenie pl\u00e1tkov pou\u017eijeme 170 gramov \u010derstv\u00e9ho ovocia, ktor\u00e9 sme si vypestovali vo vlastn\u00fdch sadoch alebo ho nak\u00fapili od preveren\u00fdch pestovate\u013eov z n\u00e1\u0161ho okolia.\u00a0 Ovocie podrv\u00edme a za n\u00edzkej teploty (maxim\u00e1lne 42 \u00b0C) cel\u00fdch 30 hod\u00edn su\u0161\u00edme. Behom su\u0161enia pr\u00edde o takmer v\u0161etku&nbsp; vodu, jeho chu\u0165 sa tak ale e\u0161te zv\u00fdrazn\u00ed.&nbsp; V\u010faka [&hellip;]<\/p>","protected":false},"featured_media":34133,"comment_status":"closed","ping_status":"closed","template":"","meta":[],"product_brand":[],"product_cat":[263,259,260],"product_tag":[],"giftcard-category":[],"class_list":{"0":"post-34132","1":"product","2":"type-product","3":"status-publish","4":"has-post-thumbnail","6":"product_cat-pre-deti","7":"product_cat-snacky-slane-sladke","8":"product_cat-susene-ovocie","10":"first","11":"instock","12":"taxable","13":"shipping-taxable","14":"purchasable","15":"product-type-variable"},"_links":{"self":[{"href":"https:\/\/zlatyrakytnik.sk\/hu\/wp-json\/wp\/v2\/product\/34132","targetHints":{"allow":["GET"]}}],"collection":[{"href":"https:\/\/zlatyrakytnik.sk\/hu\/wp-json\/wp\/v2\/product"}],"about":[{"href":"https:\/\/zlatyrakytnik.sk\/hu\/wp-json\/wp\/v2\/types\/product"}],"replies":[{"embeddable":true,"href":"https:\/\/zlatyrakytnik.sk\/hu\/wp-json\/wp\/v2\/comments?post=34132"}],"wp:featuredmedia":[{"embeddable":true,"href":"https:\/\/zlatyrakytnik.sk\/hu\/wp-json\/wp\/v2\/media\/34133"}],"wp:attachment":[{"href":"https:\/\/zlatyrakytnik.sk\/hu\/wp-json\/wp\/v2\/media?parent=34132"}],"wp:term":[{"taxonomy":"product_brand","embeddable":true,"href":"https:\/\/zlatyrakytnik.sk\/hu\/wp-json\/wp\/v2\/product_brand?post=34132"},{"taxonomy":"product_cat","embeddable":true,"href":"https:\/\/zlatyrakytnik.sk\/hu\/wp-json\/wp\/v2\/product_cat?post=34132"},{"taxonomy":"product_tag","embeddable":true,"href":"https:\/\/zlatyrakytnik.sk\/hu\/wp-json\/wp\/v2\/product_tag?post=34132"},{"taxonomy":"giftcard-category","embeddable":true,"href":"https:\/\/zlatyrakytnik.sk\/hu\/wp-json\/wp\/v2\/giftcard-category?post=34132"}],"curies":[{"name":"wp","href":"https:\/\/api.w.org\/{rel}","templated":true}]}}