{"id":34150,"date":"2025-05-06T08:20:40","date_gmt":"2025-05-06T06:20:40","guid":{"rendered":"https:\/\/zlatyrakytnik.sk\/?post_type=product&#038;p=34150"},"modified":"2026-01-26T15:25:41","modified_gmt":"2026-01-26T14:25:41","slug":"raw-ovocne-kocky-130g","status":"publish","type":"product","link":"https:\/\/zlatyrakytnik.sk\/hu\/termek\/raw-ovocne-kocky-130g\/","title":{"rendered":"Raw ovocn\u00e9 kocky 130g"},"content":{"rendered":"<p>Ovocn\u00e9 kocky s\u00fa novou verziou ovocn\u00fdch pl\u00e1tkov v praktickom vrecku so zipsom, ktor\u00e9 si jednoducho hod\u00edte do batohu alebo kabelky a m\u00f4\u017eete ich opakovane otv\u00e1ra\u0165 a zatv\u00e1ra\u0165 pod\u013ea potreby. Preto\u017ee vieme, \u017ee pl\u00e1tky mizn\u00fa ako para nad hrncom, pripravili sme t\u00fato poriadnu z\u00e1sobu. \ud83d\ude42<\/p><p>Na jeden 13g pl\u00e1tok pou\u017eijeme minim\u00e1lne 85 g \u010derstv\u00e9ho ovocia. Rovnako ako na\u0161e pl\u00e1tky, ani tieto neobsahuj\u00fa pridan\u00fd cukor, konzervanty, farbiv\u00e1 ani ar\u00f3my, a pr\u00e1ve preto s\u00fa neuverite\u013ene chutn\u00e9.<\/p><p>A aby sa v\u00e1m nezunovali, balenie obsahuje rovno 5 pr\u00edchut\u00ed. Celkovo sa teda v 130-gramovom vrecku skr\u00fdva \u0161es\u0165 druhov ovocia a na jeho v\u00fdrobu sme spotrebovali viac ako 850 gramov \u010derstv\u00e9ho ovocia.<\/p>","protected":false},"excerpt":{"rendered":"<p class=\"\" data-start=\"0\" data-end=\"77\"><strong data-start=\"0\" data-end=\"13\">Zlo\u017eenie:<\/strong> ovocn\u00e9 pl\u00e1tky 10\u00d713 g (hru\u0161ka, jahoda, malina, marhu\u013ea, slivka)<\/p>\n<ul data-start=\"79\" data-end=\"523\">\n<li class=\"\" data-start=\"79\" data-end=\"141\">\n<p class=\"\" data-start=\"81\" data-end=\"141\">2\u00d7 ovocn\u00e9 pl\u00e1tky hru\u0161ka: 80 % jabl\u010dn\u00e1 a 20 % hru\u0161kov\u00e1 dre\u0148<\/p>\n<\/li>\n<li class=\"\" data-start=\"142\" data-end=\"204\">\n<p class=\"\" data-start=\"144\" data-end=\"204\">2\u00d7 ovocn\u00e9 pl\u00e1tky jahoda: 80 % jabl\u010dn\u00e1 a 20 % jahodov\u00e1 dre\u0148<\/p>\n<\/li>\n<li class=\"\" data-start=\"205\" data-end=\"267\">\n<p class=\"\" data-start=\"207\" data-end=\"267\">2\u00d7 ovocn\u00e9 pl\u00e1tky malina: 80 % jabl\u010dn\u00e1 a 20 % malinov\u00e1 dre\u0148<\/p>\n<\/li>\n<li class=\"\" data-start=\"268\" data-end=\"332\">\n<p class=\"\" data-start=\"270\" data-end=\"332\">2\u00d7 ovocn\u00e9 pl\u00e1tky marhu\u013ea: 80 % jabl\u010dn\u00e1 a 20 % marhu\u013eov\u00e1 dre\u0148<\/p>\n<\/li>\n<li class=\"\" data-start=\"333\" data-end=\"395\">\n<p class=\"\" data-start=\"335\" data-end=\"395\">2\u00d7 ovocn\u00e9 pl\u00e1tky slivka: 80 % jabl\u010dn\u00e1 a 20 % slivkov\u00e1 dre\u0148<\/p>\n<\/li>\n<li class=\"\" data-start=\"397\" data-end=\"443\">\n<p class=\"\" data-start=\"399\" data-end=\"443\">poriadne balenie ovocn\u00fdch pl\u00e1tkov na cesty<\/p>\n<\/li>\n<li class=\"\" data-start=\"444\" data-end=\"498\">\n<p class=\"\" data-start=\"446\" data-end=\"498\">praktick\u00e9 vrecko so zipsom na op\u00e4tovn\u00e9 uzatv\u00e1ranie<\/p>\n<\/li>\n<li class=\"\" data-start=\"499\" data-end=\"523\">\n<p class=\"\" data-start=\"501\" data-end=\"523\">mix piatich pr\u00edchut\u00ed<\/p>\n<\/li>\n<\/ul>","protected":false},"featured_media":34151,"comment_status":"closed","ping_status":"closed","template":"","meta":[],"product_brand":[],"product_cat":[263,259,260],"product_tag":[],"giftcard-category":[],"class_list":{"0":"post-34150","1":"product","2":"type-product","3":"status-publish","4":"has-post-thumbnail","6":"product_cat-pre-deti","7":"product_cat-snacky-slane-sladke","8":"product_cat-susene-ovocie","10":"first","11":"instock","12":"taxable","13":"shipping-taxable","14":"purchasable","15":"product-type-simple"},"_links":{"self":[{"href":"https:\/\/zlatyrakytnik.sk\/hu\/wp-json\/wp\/v2\/product\/34150","targetHints":{"allow":["GET"]}}],"collection":[{"href":"https:\/\/zlatyrakytnik.sk\/hu\/wp-json\/wp\/v2\/product"}],"about":[{"href":"https:\/\/zlatyrakytnik.sk\/hu\/wp-json\/wp\/v2\/types\/product"}],"replies":[{"embeddable":true,"href":"https:\/\/zlatyrakytnik.sk\/hu\/wp-json\/wp\/v2\/comments?post=34150"}],"wp:featuredmedia":[{"embeddable":true,"href":"https:\/\/zlatyrakytnik.sk\/hu\/wp-json\/wp\/v2\/media\/34151"}],"wp:attachment":[{"href":"https:\/\/zlatyrakytnik.sk\/hu\/wp-json\/wp\/v2\/media?parent=34150"}],"wp:term":[{"taxonomy":"product_brand","embeddable":true,"href":"https:\/\/zlatyrakytnik.sk\/hu\/wp-json\/wp\/v2\/product_brand?post=34150"},{"taxonomy":"product_cat","embeddable":true,"href":"https:\/\/zlatyrakytnik.sk\/hu\/wp-json\/wp\/v2\/product_cat?post=34150"},{"taxonomy":"product_tag","embeddable":true,"href":"https:\/\/zlatyrakytnik.sk\/hu\/wp-json\/wp\/v2\/product_tag?post=34150"},{"taxonomy":"giftcard-category","embeddable":true,"href":"https:\/\/zlatyrakytnik.sk\/hu\/wp-json\/wp\/v2\/giftcard-category?post=34150"}],"curies":[{"name":"wp","href":"https:\/\/api.w.org\/{rel}","templated":true}]}}