{"id":34153,"date":"2025-05-06T08:33:16","date_gmt":"2025-05-06T06:33:16","guid":{"rendered":"https:\/\/zlatyrakytnik.sk\/?post_type=product&#038;p=34153"},"modified":"2026-01-26T15:25:41","modified_gmt":"2026-01-26T14:25:41","slug":"ovocny-puf","status":"publish","type":"product","link":"https:\/\/zlatyrakytnik.sk\/hu\/termek\/ovocny-puf\/","title":{"rendered":"Ovocn\u00fd PUF\u00a0"},"content":{"rendered":"<p>Vol\u00e1me ich Ovocn\u00e9 pufy a v rodine Ovoc\u0148\u00e1kov s\u00fa novinkou. Vznikli tak, \u017ee sme ovocn\u00fa dre\u0148 zasypali extrudovanou (pufovanou) ry\u017eou a pl\u00e1tky spolo\u010dne su\u0161ili pri n\u00edzkych teplot\u00e1ch. V\u010faka tomu si aj pufy zachov\u00e1vaj\u00fa v\u00e4\u010d\u0161inu v\u00fd\u017eivn\u00fdch l\u00e1tok, ktor\u00e9 obsahuje \u010derstv\u00e9 ovocie. Vrstva ry\u017eov\u00fdch puf\u00edkov im okrem chrumkavosti zabezpe\u010duje aj to, \u017ee sa daj\u00fa \u013eahko vzia\u0165 do ruky \u2013 nelepia sa. A to najlep\u0161ie na z\u00e1ver: chrumkav\u00e9 s\u00fa jednoducho z\u00e1bavn\u00e9, preto\u017ee deti aj dospel\u00ed proste radi chrum\u00fa!<\/p><p>Rovnako ako pl\u00e1tky s\u00fa s\u00fdtou a energeticky bohatou desiatou, ktor\u00e1 sa nerozte\u010die ani nezlisuje \u2013 ide\u00e1lna na v\u00fdlety alebo do \u0161kolskej ta\u0161ky.<\/p><p>Kombin\u00e1cia hru\u0161ka-jablko je pre klasikov. Maslov\u00fa, super sladk\u00fa hru\u0161ku kombinujeme s kyselkav\u00fdmi, svie\u017eimi jablkami, aby bol Ovocn\u00fd puf chu\u0165ovo vyv\u00e1\u017een\u00fd \u2013 sladk\u00fd aj kysl\u00fd z\u00e1rove\u0148. Hru\u0161ky obsahuj\u00fa vitam\u00edny C, E a skupiny B, ako aj d\u00f4le\u017eit\u00e9 miner\u00e1ly: drasl\u00edk, hor\u010d\u00edk a \u017eelezo. S\u00fa taktie\u017e dobr\u00fdm zdrojom stopov\u00fdch prvkov, ako je me\u010f, mang\u00e1n a v men\u0161ej miere aj zinok. Zo sacharidov v nich prevl\u00e1da frukt\u00f3za, v\u010faka \u010domu s\u00fa pl\u00e1tky ide\u00e1lne na doplnenie energie po \u0161porte alebo po\u010das dlh\u00e9ho v\u00fdletu.<\/p>","protected":false},"excerpt":{"rendered":"<p>Vol\u00e1me ich Ovocn\u00e9 pufy a v rodine Ovoc\u0148\u00e1kov s\u00fa novinkou. Vznikli tak, \u017ee sme ovocn\u00fa dre\u0148 zasypali extrudovanou (pufovanou) ry\u017eou a pl\u00e1tky spolo\u010dne su\u0161ili pri n\u00edzkych teplot\u00e1ch. V\u010faka tomu si aj pufy zachov\u00e1vaj\u00fa v\u00e4\u010d\u0161inu v\u00fd\u017eivn\u00fdch l\u00e1tok, ktor\u00e9 obsahuje \u010derstv\u00e9 ovocie. Vrstva ry\u017eov\u00fdch puf\u00edkov im okrem chrumkavosti zabezpe\u010duje aj to, \u017ee sa daj\u00fa \u013eahko vzia\u0165 do [&hellip;]<\/p>","protected":false},"featured_media":34539,"comment_status":"closed","ping_status":"closed","template":"","meta":[],"product_brand":[],"product_cat":[263,259],"product_tag":[],"giftcard-category":[],"class_list":{"0":"post-34153","1":"product","2":"type-product","3":"status-publish","4":"has-post-thumbnail","6":"product_cat-pre-deti","7":"product_cat-snacky-slane-sladke","9":"first","10":"instock","11":"taxable","12":"shipping-taxable","13":"purchasable","14":"product-type-variable"},"_links":{"self":[{"href":"https:\/\/zlatyrakytnik.sk\/hu\/wp-json\/wp\/v2\/product\/34153","targetHints":{"allow":["GET"]}}],"collection":[{"href":"https:\/\/zlatyrakytnik.sk\/hu\/wp-json\/wp\/v2\/product"}],"about":[{"href":"https:\/\/zlatyrakytnik.sk\/hu\/wp-json\/wp\/v2\/types\/product"}],"replies":[{"embeddable":true,"href":"https:\/\/zlatyrakytnik.sk\/hu\/wp-json\/wp\/v2\/comments?post=34153"}],"wp:featuredmedia":[{"embeddable":true,"href":"https:\/\/zlatyrakytnik.sk\/hu\/wp-json\/wp\/v2\/media\/34539"}],"wp:attachment":[{"href":"https:\/\/zlatyrakytnik.sk\/hu\/wp-json\/wp\/v2\/media?parent=34153"}],"wp:term":[{"taxonomy":"product_brand","embeddable":true,"href":"https:\/\/zlatyrakytnik.sk\/hu\/wp-json\/wp\/v2\/product_brand?post=34153"},{"taxonomy":"product_cat","embeddable":true,"href":"https:\/\/zlatyrakytnik.sk\/hu\/wp-json\/wp\/v2\/product_cat?post=34153"},{"taxonomy":"product_tag","embeddable":true,"href":"https:\/\/zlatyrakytnik.sk\/hu\/wp-json\/wp\/v2\/product_tag?post=34153"},{"taxonomy":"giftcard-category","embeddable":true,"href":"https:\/\/zlatyrakytnik.sk\/hu\/wp-json\/wp\/v2\/giftcard-category?post=34153"}],"curies":[{"name":"wp","href":"https:\/\/api.w.org\/{rel}","templated":true}]}}