{"id":34159,"date":"2025-05-06T09:38:35","date_gmt":"2025-05-06T07:38:35","guid":{"rendered":"https:\/\/zlatyrakytnik.sk\/?post_type=product&#038;p=34159"},"modified":"2025-11-17T11:21:17","modified_gmt":"2025-11-17T10:21:17","slug":"cestoviny-kukkonia","status":"publish","type":"product","link":"https:\/\/zlatyrakytnik.sk\/hu\/termek\/cestoviny-kukkonia\/","title":{"rendered":"Cestoviny Kukkonia, 400 g"},"content":{"rendered":"<p>Z\u00a0dobrej \u00farody vznikaj\u00fa dobr\u00e9 cestoviny. Ochutnajte na\u0161e p\u00e4\u0165vaje\u010dn\u00e9 vreten\u00e1 bez konzervantov a\u00a0umel\u00fdch farb\u00edv. Hotov\u00e9 s\u00fa za chv\u00ed\u013eku a do v\u00e1\u0161ho jed\u00e1lni\u010dka prines\u00fa ve\u013ea skvel\u00fdch chut\u00ed.<\/p>","protected":false},"excerpt":{"rendered":"<p>Z\u00a0dobrej \u00farody vznikaj\u00fa dobr\u00e9 cestoviny. Ochutnajte na\u0161e p\u00e4\u0165vaje\u010dn\u00e9 vreten\u00e1 bez konzervantov a\u00a0umel\u00fdch farb\u00edv. Hotov\u00e9 s\u00fa za chv\u00ed\u013eku a do v\u00e1\u0161ho jed\u00e1lni\u010dka prines\u00fa ve\u013ea skvel\u00fdch chut\u00ed.<\/p>","protected":false},"featured_media":34537,"comment_status":"closed","ping_status":"closed","template":"","meta":[],"product_brand":[278],"product_cat":[253,255],"product_tag":[],"giftcard-category":[],"class_list":{"0":"post-34159","1":"product","2":"type-product","3":"status-publish","4":"has-post-thumbnail","6":"product_brand-kukkonia","7":"product_cat-spajza","8":"product_cat-cestoviny","10":"first","11":"instock","12":"taxable","13":"shipping-taxable","14":"purchasable","15":"product-type-variable"},"_links":{"self":[{"href":"https:\/\/zlatyrakytnik.sk\/hu\/wp-json\/wp\/v2\/product\/34159","targetHints":{"allow":["GET"]}}],"collection":[{"href":"https:\/\/zlatyrakytnik.sk\/hu\/wp-json\/wp\/v2\/product"}],"about":[{"href":"https:\/\/zlatyrakytnik.sk\/hu\/wp-json\/wp\/v2\/types\/product"}],"replies":[{"embeddable":true,"href":"https:\/\/zlatyrakytnik.sk\/hu\/wp-json\/wp\/v2\/comments?post=34159"}],"wp:featuredmedia":[{"embeddable":true,"href":"https:\/\/zlatyrakytnik.sk\/hu\/wp-json\/wp\/v2\/media\/34537"}],"wp:attachment":[{"href":"https:\/\/zlatyrakytnik.sk\/hu\/wp-json\/wp\/v2\/media?parent=34159"}],"wp:term":[{"taxonomy":"product_brand","embeddable":true,"href":"https:\/\/zlatyrakytnik.sk\/hu\/wp-json\/wp\/v2\/product_brand?post=34159"},{"taxonomy":"product_cat","embeddable":true,"href":"https:\/\/zlatyrakytnik.sk\/hu\/wp-json\/wp\/v2\/product_cat?post=34159"},{"taxonomy":"product_tag","embeddable":true,"href":"https:\/\/zlatyrakytnik.sk\/hu\/wp-json\/wp\/v2\/product_tag?post=34159"},{"taxonomy":"giftcard-category","embeddable":true,"href":"https:\/\/zlatyrakytnik.sk\/hu\/wp-json\/wp\/v2\/giftcard-category?post=34159"}],"curies":[{"name":"wp","href":"https:\/\/api.w.org\/{rel}","templated":true}]}}