{"id":34171,"date":"2025-05-06T09:50:18","date_gmt":"2025-05-06T07:50:18","guid":{"rendered":"https:\/\/zlatyrakytnik.sk\/?post_type=product&#038;p=34171"},"modified":"2026-01-26T15:24:16","modified_gmt":"2026-01-26T14:24:16","slug":"arasidy-prazene-solene-450g","status":"publish","type":"product","link":"https:\/\/zlatyrakytnik.sk\/hu\/termek\/arasidy-prazene-solene-450g\/","title":{"rendered":"EMMAN \u2013 Ara\u0161idy pra\u017een\u00e9 solen\u00e9 450g\u00a0"},"content":{"rendered":"<p><strong>Priemern\u00e1 v\u00fd\u017eivov\u00e1 hodnota na 100g v\u00fdrobku:<\/strong> Enargetick\u00e1 hodnota: 627\u00a0kcal \/ 2623\u00a0kJ Tuky: 49.2g -z toho nas\u00fdten\u00e9 mastn\u00e9 kyseliny: 6.8g Sacharidy: 16.1g -z toho cukry: 3.9g Bielkoviny: 25.8g So\u013e: &lt;0,1<\/p><p>Ara\u0161idy so \u0161upkou obalen\u00e9 jemnou vrstvou chrumkav\u00e9ho karamelu.<\/p><p>Remesln\u00e1 v\u00fdroba.<\/p>","protected":false},"excerpt":{"rendered":"<p>Ara\u0161idy pra\u017een\u00e9 solen\u00e9 450g d\u00f3za<\/p>\n<p><strong>Zlo\u017eenie:<\/strong> Ara\u0161idy solen\u00e9 l\u00fapan\u00e9, slne\u010dnicov\u00fd olej, so\u013e<\/p>\n<p><strong>Krajina p\u020fvodu:<\/strong> Braz\u00edlia<\/p>","protected":false},"featured_media":34172,"comment_status":"closed","ping_status":"closed","template":"","meta":[],"product_brand":[447],"product_cat":[449,259],"product_tag":[],"giftcard-category":[],"class_list":{"0":"post-34171","1":"product","2":"type-product","3":"status-publish","4":"has-post-thumbnail","6":"product_brand-delicias","7":"product_cat-emman","8":"product_cat-snacky-slane-sladke","10":"first","11":"instock","12":"taxable","13":"shipping-taxable","14":"purchasable","15":"product-type-simple"},"_links":{"self":[{"href":"https:\/\/zlatyrakytnik.sk\/hu\/wp-json\/wp\/v2\/product\/34171","targetHints":{"allow":["GET"]}}],"collection":[{"href":"https:\/\/zlatyrakytnik.sk\/hu\/wp-json\/wp\/v2\/product"}],"about":[{"href":"https:\/\/zlatyrakytnik.sk\/hu\/wp-json\/wp\/v2\/types\/product"}],"replies":[{"embeddable":true,"href":"https:\/\/zlatyrakytnik.sk\/hu\/wp-json\/wp\/v2\/comments?post=34171"}],"wp:featuredmedia":[{"embeddable":true,"href":"https:\/\/zlatyrakytnik.sk\/hu\/wp-json\/wp\/v2\/media\/34172"}],"wp:attachment":[{"href":"https:\/\/zlatyrakytnik.sk\/hu\/wp-json\/wp\/v2\/media?parent=34171"}],"wp:term":[{"taxonomy":"product_brand","embeddable":true,"href":"https:\/\/zlatyrakytnik.sk\/hu\/wp-json\/wp\/v2\/product_brand?post=34171"},{"taxonomy":"product_cat","embeddable":true,"href":"https:\/\/zlatyrakytnik.sk\/hu\/wp-json\/wp\/v2\/product_cat?post=34171"},{"taxonomy":"product_tag","embeddable":true,"href":"https:\/\/zlatyrakytnik.sk\/hu\/wp-json\/wp\/v2\/product_tag?post=34171"},{"taxonomy":"giftcard-category","embeddable":true,"href":"https:\/\/zlatyrakytnik.sk\/hu\/wp-json\/wp\/v2\/giftcard-category?post=34171"}],"curies":[{"name":"wp","href":"https:\/\/api.w.org\/{rel}","templated":true}]}}