{"id":34173,"date":"2025-05-06T09:53:38","date_gmt":"2025-05-06T07:53:38","guid":{"rendered":"https:\/\/zlatyrakytnik.sk\/?post_type=product&#038;p=34173"},"modified":"2026-01-26T15:24:16","modified_gmt":"2026-01-26T14:24:16","slug":"orechovy-mix-peceny-370g-emman","status":"publish","type":"product","link":"https:\/\/zlatyrakytnik.sk\/hu\/termek\/orechovy-mix-peceny-370g-emman\/","title":{"rendered":"EMMAN \u2013 Orechov\u00fd mix pe\u010den\u00fd 370g Emman"},"content":{"rendered":"<p>Zlo\u017eenie: Ara\u0161idy extra (53%), Mandle (15%), Kukurica extra (10%), Pist\u00e1cie (7%), C\u00edcer (7%), Lieskovce (3%), Hrozienka (2%), Makadamsk\u00e9 orechy (2%),\u00a0cukor, \u0161krob, ry\u017eov\u00e1 m\u00faka, so\u013e.<\/p><p>Krajina p\u020fvodu: Peru, \u0160panielsko, \u010c\u00edna, Ir\u00e1n, Turecko, \u010cile<\/p><p>Priemern\u00e1 v\u00fd\u017eivov\u00e1 hodnota na 100g v\u00fdrobku: Energetick\u00e1 hodnota: 612 kcal \/ 2560,61 kJ Tuky: 45g -z toho nas\u00fdten\u00e9 mastn\u00e9 kyseliny: 9g,\u00a0Sacharidy: 29g -z toho cukry: 8g, Bielkoviny: 21g So\u013e: &lt;0,1g<\/p><p>V\u00fdberov\u00fd\u00a0mix extrape\u010den\u00fd\u00a0pre milovn\u00edkov orechov, chrumkav\u00fd, pln\u00fd chuti, v\u00fdborn\u00fd ako pochutinka na posedenie k v\u00ednku, alebo len tak na podelenie s priatelmi&#8230;ak sa neviete rozhodn\u00fa\u0165 ktor\u00e9 orechy od n\u00e1s ochutna\u0165, zvolte tieto!!!<\/p>","protected":false},"excerpt":{"rendered":"<p>V\u00fdberov\u00fd mix extrape\u010den\u00fd pre milovn\u00edkov orechov, chrumkav\u00fd, pln\u00fd chuti, v\u00fdborn\u00fd ako pochutinka na posedenie k v\u00ednku, alebo len tak na podelenie s priatelmi&#8230;ak sa neviete rozhodn\u00fa\u0165 ktor\u00e9 orechy od n\u00e1s ochutna\u0165, zvolte tieto!<\/p>","protected":false},"featured_media":34174,"comment_status":"closed","ping_status":"closed","template":"","meta":[],"product_brand":[447],"product_cat":[449,259],"product_tag":[],"giftcard-category":[],"class_list":{"0":"post-34173","1":"product","2":"type-product","3":"status-publish","4":"has-post-thumbnail","6":"product_brand-delicias","7":"product_cat-emman","8":"product_cat-snacky-slane-sladke","10":"first","11":"instock","12":"taxable","13":"shipping-taxable","14":"purchasable","15":"product-type-simple"},"_links":{"self":[{"href":"https:\/\/zlatyrakytnik.sk\/hu\/wp-json\/wp\/v2\/product\/34173","targetHints":{"allow":["GET"]}}],"collection":[{"href":"https:\/\/zlatyrakytnik.sk\/hu\/wp-json\/wp\/v2\/product"}],"about":[{"href":"https:\/\/zlatyrakytnik.sk\/hu\/wp-json\/wp\/v2\/types\/product"}],"replies":[{"embeddable":true,"href":"https:\/\/zlatyrakytnik.sk\/hu\/wp-json\/wp\/v2\/comments?post=34173"}],"wp:featuredmedia":[{"embeddable":true,"href":"https:\/\/zlatyrakytnik.sk\/hu\/wp-json\/wp\/v2\/media\/34174"}],"wp:attachment":[{"href":"https:\/\/zlatyrakytnik.sk\/hu\/wp-json\/wp\/v2\/media?parent=34173"}],"wp:term":[{"taxonomy":"product_brand","embeddable":true,"href":"https:\/\/zlatyrakytnik.sk\/hu\/wp-json\/wp\/v2\/product_brand?post=34173"},{"taxonomy":"product_cat","embeddable":true,"href":"https:\/\/zlatyrakytnik.sk\/hu\/wp-json\/wp\/v2\/product_cat?post=34173"},{"taxonomy":"product_tag","embeddable":true,"href":"https:\/\/zlatyrakytnik.sk\/hu\/wp-json\/wp\/v2\/product_tag?post=34173"},{"taxonomy":"giftcard-category","embeddable":true,"href":"https:\/\/zlatyrakytnik.sk\/hu\/wp-json\/wp\/v2\/giftcard-category?post=34173"}],"curies":[{"name":"wp","href":"https:\/\/api.w.org\/{rel}","templated":true}]}}