{"id":34177,"date":"2025-05-06T09:58:33","date_gmt":"2025-05-06T07:58:33","guid":{"rendered":"https:\/\/zlatyrakytnik.sk\/?post_type=product&#038;p=34177"},"modified":"2026-01-26T15:24:16","modified_gmt":"2026-01-26T14:24:16","slug":"pistacie-pecene-solene-300g-doza","status":"publish","type":"product","link":"https:\/\/zlatyrakytnik.sk\/hu\/termek\/pistacie-pecene-solene-300g-doza\/","title":{"rendered":"EMMAN \u2013 Pist\u00e1cie pe\u010den\u00e9 solen\u00e9 300g d\u00f3za"},"content":{"rendered":"<p><strong>Zlo\u017eenie<\/strong>: pist\u00e1cie, so\u013e<\/p><p><strong>Krajina p\u00f4vodu:<\/strong>&nbsp;Ir\u00e1n, USA<\/p><p><strong>Krajina balenia<\/strong>: \u0160panielsko<\/p><p><strong>V\u00fd\u017eivov\u00e9 hodnoty na 100g&nbsp;v\u00fdrobku:&nbsp;<\/strong>energetick\u00e1 hodnota 2729KJ (652Kcal), tuky 53,19g &#8211; z toho nasyten\u00e9&nbsp;mastn\u00e9 kyseliny 6,09g, sacharidy 20,66g &#8211; z toho cukry 6,56g, bielkoviny 22,59g, so\u013e 0,133g<\/p>","protected":false},"excerpt":{"rendered":"<p><strong>Zlo\u017eenie<\/strong>: pist\u00e1cie, so\u013e<\/p>","protected":false},"featured_media":34179,"comment_status":"closed","ping_status":"closed","template":"","meta":[],"product_brand":[447],"product_cat":[449,259],"product_tag":[],"giftcard-category":[],"class_list":{"0":"post-34177","1":"product","2":"type-product","3":"status-publish","4":"has-post-thumbnail","6":"product_brand-delicias","7":"product_cat-emman","8":"product_cat-snacky-slane-sladke","10":"first","11":"instock","12":"taxable","13":"shipping-taxable","14":"purchasable","15":"product-type-simple"},"_links":{"self":[{"href":"https:\/\/zlatyrakytnik.sk\/hu\/wp-json\/wp\/v2\/product\/34177","targetHints":{"allow":["GET"]}}],"collection":[{"href":"https:\/\/zlatyrakytnik.sk\/hu\/wp-json\/wp\/v2\/product"}],"about":[{"href":"https:\/\/zlatyrakytnik.sk\/hu\/wp-json\/wp\/v2\/types\/product"}],"replies":[{"embeddable":true,"href":"https:\/\/zlatyrakytnik.sk\/hu\/wp-json\/wp\/v2\/comments?post=34177"}],"wp:featuredmedia":[{"embeddable":true,"href":"https:\/\/zlatyrakytnik.sk\/hu\/wp-json\/wp\/v2\/media\/34179"}],"wp:attachment":[{"href":"https:\/\/zlatyrakytnik.sk\/hu\/wp-json\/wp\/v2\/media?parent=34177"}],"wp:term":[{"taxonomy":"product_brand","embeddable":true,"href":"https:\/\/zlatyrakytnik.sk\/hu\/wp-json\/wp\/v2\/product_brand?post=34177"},{"taxonomy":"product_cat","embeddable":true,"href":"https:\/\/zlatyrakytnik.sk\/hu\/wp-json\/wp\/v2\/product_cat?post=34177"},{"taxonomy":"product_tag","embeddable":true,"href":"https:\/\/zlatyrakytnik.sk\/hu\/wp-json\/wp\/v2\/product_tag?post=34177"},{"taxonomy":"giftcard-category","embeddable":true,"href":"https:\/\/zlatyrakytnik.sk\/hu\/wp-json\/wp\/v2\/giftcard-category?post=34177"}],"curies":[{"name":"wp","href":"https:\/\/api.w.org\/{rel}","templated":true}]}}