{"id":34180,"date":"2025-05-06T10:00:38","date_gmt":"2025-05-06T08:00:38","guid":{"rendered":"https:\/\/zlatyrakytnik.sk\/?post_type=product&#038;p=34180"},"modified":"2026-01-26T15:24:16","modified_gmt":"2026-01-26T14:24:16","slug":"arasidy-v-karameli-400g","status":"publish","type":"product","link":"https:\/\/zlatyrakytnik.sk\/hu\/termek\/arasidy-v-karameli-400g\/","title":{"rendered":"EMMAN \u2013 Ara\u0161idy v karameli 400g"},"content":{"rendered":"<p><strong>V\u00fd\u017eivov\u00e9 hodnoty<\/strong>:&nbsp;energetick\u00e1 hodnota 2139KJ (511Kcal), tuky 24,43g &#8211; z toho nasyten\u00e9&nbsp;mastn\u00e9 kyseliny 4,02g, sacharidy 67,63g &#8211; z toho cukry 59,01g, bielkoviny 13,73g, so\u013e 0,035g<\/p><p><strong>Krajina balenia<\/strong>: \u0160panielsko<\/p>","protected":false},"excerpt":{"rendered":"<p><!-- wp:paragraph --><\/p>\n<p>Pra\u017een\u00e9 ara\u0161idy obalen\u00e9 sladkou vrstvou karamelu, 400g<\/p>\n<p><!-- \/wp:paragraph --><\/p>\n<p><!-- wp:paragraph --><\/p>\n<p><strong>Zlo\u017eenie<\/strong>:\u00a0ara\u0161idy, cukor, voda<\/p>\n<p><strong>Krajina p\u00f4vodu\u00a0ara\u0161idov:\u00a0<\/strong>USA<\/p>\n<p><!-- \/wp:paragraph --><\/p>","protected":false},"featured_media":34181,"comment_status":"closed","ping_status":"closed","template":"","meta":[],"product_brand":[447],"product_cat":[449,259],"product_tag":[],"giftcard-category":[],"class_list":{"0":"post-34180","1":"product","2":"type-product","3":"status-publish","4":"has-post-thumbnail","6":"product_brand-delicias","7":"product_cat-emman","8":"product_cat-snacky-slane-sladke","10":"first","11":"instock","12":"taxable","13":"shipping-taxable","14":"purchasable","15":"product-type-simple"},"_links":{"self":[{"href":"https:\/\/zlatyrakytnik.sk\/hu\/wp-json\/wp\/v2\/product\/34180","targetHints":{"allow":["GET"]}}],"collection":[{"href":"https:\/\/zlatyrakytnik.sk\/hu\/wp-json\/wp\/v2\/product"}],"about":[{"href":"https:\/\/zlatyrakytnik.sk\/hu\/wp-json\/wp\/v2\/types\/product"}],"replies":[{"embeddable":true,"href":"https:\/\/zlatyrakytnik.sk\/hu\/wp-json\/wp\/v2\/comments?post=34180"}],"wp:featuredmedia":[{"embeddable":true,"href":"https:\/\/zlatyrakytnik.sk\/hu\/wp-json\/wp\/v2\/media\/34181"}],"wp:attachment":[{"href":"https:\/\/zlatyrakytnik.sk\/hu\/wp-json\/wp\/v2\/media?parent=34180"}],"wp:term":[{"taxonomy":"product_brand","embeddable":true,"href":"https:\/\/zlatyrakytnik.sk\/hu\/wp-json\/wp\/v2\/product_brand?post=34180"},{"taxonomy":"product_cat","embeddable":true,"href":"https:\/\/zlatyrakytnik.sk\/hu\/wp-json\/wp\/v2\/product_cat?post=34180"},{"taxonomy":"product_tag","embeddable":true,"href":"https:\/\/zlatyrakytnik.sk\/hu\/wp-json\/wp\/v2\/product_tag?post=34180"},{"taxonomy":"giftcard-category","embeddable":true,"href":"https:\/\/zlatyrakytnik.sk\/hu\/wp-json\/wp\/v2\/giftcard-category?post=34180"}],"curies":[{"name":"wp","href":"https:\/\/api.w.org\/{rel}","templated":true}]}}