{"id":34182,"date":"2025-05-06T10:03:41","date_gmt":"2025-05-06T08:03:41","guid":{"rendered":"https:\/\/zlatyrakytnik.sk\/?post_type=product&#038;p=34182"},"modified":"2026-01-26T15:24:16","modified_gmt":"2026-01-26T14:24:16","slug":"mandle-v-karameli-380g-doza","status":"publish","type":"product","link":"https:\/\/zlatyrakytnik.sk\/hu\/termek\/mandle-v-karameli-380g-doza\/","title":{"rendered":"EMMAN \u2013 Mandle v karameli, 380g d\u00f3za"},"content":{"rendered":"<p><strong>Vynikaj\u00face \u0161panielske mandle obalen\u00e9 karamelom, 500g<\/strong><\/p><p><strong>Zlo\u017eenie<\/strong>: mandle largueta, cukor, voda<\/p><p><strong>V\u00fd\u017eivov\u00e9 hodnoty na 100g&nbsp;v\u00fdrobku:&nbsp;<\/strong>energetick\u00e1 hodnota 2187KJ (522Kcal), tuky 26,35g &#8211; z toho nasyten\u00e9&nbsp;mastn\u00e9 kyseliny 2,51g, sacharidy 60,09g &#8211; z toho cukry 59,37g,&nbsp;bielkoviny&nbsp;11,23g, so\u013e 0,015g<\/p><p><strong>Krajina p\u00f4vodu:&nbsp;<\/strong>\u0160panielsko<\/p><p><strong>Krajina balenia<\/strong>: \u0160panielsko<\/p><p><strong>Zauj\u00edmavosti<\/strong>:&nbsp;Mandle sa pr\u00e1vom naz\u00fdvaj\u00fa kr\u00e1\u013eovnou orechov, preto\u017ee obsahuj\u00fa najvy\u0161\u0161\u00ed podiel cenn\u00fdch \u017eiv\u00edn spomedzi v\u0161etk\u00fdch orechov. Obsah vitam\u00ednu E je tak\u00fd vysok\u00fd, \u017ee len m\u00e1lo potrav\u00edn sveta sa im vyrovn\u00e1.<\/p><p>Mandle obsahuj\u00fa kolo 50% tuku, 20-25% bielkov\u00edn (viac ako m\u00e4so) a asi 10% sacharidov. Ide o plod s najv\u00e4t\u0161\u00edm obsahom v\u00e1pnika (270mg), \u010do je d\u00f4le\u017eit\u00e9 pre lud\u00ed, ktor\u00ed maj\u00fa probl\u00e9my s lakt\u00f3zou \u010di maj\u00fa po\u017eiadavky na vy\u0161\u0161\u00ed pr\u00edjem v\u00e1pnika. Obsahuj\u00fa i ve\u013ea hor\u010d\u00edku (m\u00e1 pri pravidelnom u\u017e\u00edvan\u00ed uk\u013eud\u0148uj\u00faci \u00fa\u010dinok), vitam\u00ednu E (antioxidant), zinku (d\u00f4le\u017eit\u00fd pre imunitu) a maj\u00fa vysok\u00fd obsah vl\u00e1kniny.&nbsp;<\/p><p>Zop\u00e1r \u010fal\u0161\u00edch d\u00f4vodov, pre\u010do si da\u0165 mandle:<\/p><ul class=\"wp-block-list\"><li>v\u00fdborn\u00fd prevent\u00edvny prostriedok proti rakovine<\/li>\n\n<li>hor\u010d\u00edk, v\u00e1pnik a \u010fal\u0161ie prvky v nich obsiahnut\u00e9 podporuj\u00fa rast vlasov, nehtov, zpev\u0148uj\u00fa kosti a zubn\u00fa sklovinu<\/li>\n\n<li>vhodn\u00fd doplnok k osterop\u00f3ze a demineraliz\u00e1cii kost\u00ed<\/li>\n\n<li>dobr\u00fd zdroj energie pre diabetikov<\/li>\n\n<li>zni\u017euj\u00fa hladinu LDL cholesterolu v krvi<\/li>\n\n<li>zlep\u0161uj\u00fa akn\u00e9<\/li>\n\n<li>posiluj\u00fa nervov\u00fa s\u00fastavu<\/li><\/ul><p><strong>Pou\u017eitie<\/strong>: Sladk\u00e9 pote\u0161enie<\/p>","protected":false},"excerpt":{"rendered":"<p><!-- wp:paragraph --><\/p>\n<p>Vynikaj\u00face \u0161panielske mandle obalen\u00e9 karamelom, 500g<\/p>\n<p><!-- \/wp:paragraph --><\/p>\n<p><!-- wp:paragraph --><\/p>\n<p><strong>Zlo\u017eenie<\/strong>: mandle largueta, cukor, voda<\/p>\n<p><!-- \/wp:paragraph --><\/p>","protected":false},"featured_media":34183,"comment_status":"closed","ping_status":"closed","template":"","meta":[],"product_brand":[447],"product_cat":[449,259],"product_tag":[],"giftcard-category":[],"class_list":{"0":"post-34182","1":"product","2":"type-product","3":"status-publish","4":"has-post-thumbnail","6":"product_brand-delicias","7":"product_cat-emman","8":"product_cat-snacky-slane-sladke","10":"first","11":"instock","12":"taxable","13":"shipping-taxable","14":"purchasable","15":"product-type-simple"},"_links":{"self":[{"href":"https:\/\/zlatyrakytnik.sk\/hu\/wp-json\/wp\/v2\/product\/34182","targetHints":{"allow":["GET"]}}],"collection":[{"href":"https:\/\/zlatyrakytnik.sk\/hu\/wp-json\/wp\/v2\/product"}],"about":[{"href":"https:\/\/zlatyrakytnik.sk\/hu\/wp-json\/wp\/v2\/types\/product"}],"replies":[{"embeddable":true,"href":"https:\/\/zlatyrakytnik.sk\/hu\/wp-json\/wp\/v2\/comments?post=34182"}],"wp:featuredmedia":[{"embeddable":true,"href":"https:\/\/zlatyrakytnik.sk\/hu\/wp-json\/wp\/v2\/media\/34183"}],"wp:attachment":[{"href":"https:\/\/zlatyrakytnik.sk\/hu\/wp-json\/wp\/v2\/media?parent=34182"}],"wp:term":[{"taxonomy":"product_brand","embeddable":true,"href":"https:\/\/zlatyrakytnik.sk\/hu\/wp-json\/wp\/v2\/product_brand?post=34182"},{"taxonomy":"product_cat","embeddable":true,"href":"https:\/\/zlatyrakytnik.sk\/hu\/wp-json\/wp\/v2\/product_cat?post=34182"},{"taxonomy":"product_tag","embeddable":true,"href":"https:\/\/zlatyrakytnik.sk\/hu\/wp-json\/wp\/v2\/product_tag?post=34182"},{"taxonomy":"giftcard-category","embeddable":true,"href":"https:\/\/zlatyrakytnik.sk\/hu\/wp-json\/wp\/v2\/giftcard-category?post=34182"}],"curies":[{"name":"wp","href":"https:\/\/api.w.org\/{rel}","templated":true}]}}