{"id":34190,"date":"2025-05-06T10:38:31","date_gmt":"2025-05-06T08:38:31","guid":{"rendered":"https:\/\/zlatyrakytnik.sk\/?post_type=product&#038;p=34190"},"modified":"2026-01-26T15:25:41","modified_gmt":"2026-01-26T14:25:41","slug":"jahoda-chrumkave-ovocie-mixit","status":"publish","type":"product","link":"https:\/\/zlatyrakytnik.sk\/hu\/termek\/jahoda-chrumkave-ovocie-mixit\/","title":{"rendered":"Jahoda-Chrumkav\u00e9 ovocie Mixit"},"content":{"rendered":"<p>Zmes mrazom su\u0161en\u00e9ho ovocia&nbsp;<\/p><p>Lyofilizovan\u00e9 jahody<\/p><p>M\u00f4\u017ee obsahova\u0165 stopy lepku, mlieka, \u0161krupinov\u00fdch plodov, ara\u0161idov a s\u00f3je.<\/p><figure class=\"wp-block-table\"><table class=\"has-fixed-layout\"><thead><tr><td><\/td><td class=\"has-text-align-right\" data-align=\"right\">100 g<\/td><\/tr><\/thead><tbody><tr><td>Energia<\/td><td class=\"has-text-align-right\" data-align=\"right\">1359 kJ \/<br>325 kcal&nbsp;<\/td><\/tr><tr><td>Tuky<\/td><td class=\"has-text-align-right\" data-align=\"right\">3.8 g&nbsp;<\/td><\/tr><tr><td>z toho nas\u00fdten\u00e9 mastn\u00e9 kyseliny<\/td><td class=\"has-text-align-right\" data-align=\"right\">0.4 g&nbsp;<\/td><\/tr><tr><td>Sacharidy<\/td><td class=\"has-text-align-right\" data-align=\"right\">53.0 g&nbsp;<\/td><\/tr><tr><td>z toho cukry<\/td><td class=\"has-text-align-right\" data-align=\"right\">53.0 g&nbsp;<\/td><\/tr><tr><td>Vl\u00e1knina<\/td><td class=\"has-text-align-right\" data-align=\"right\">20.0 g&nbsp;<\/td><\/tr><tr><td>Bielkoviny<\/td><td class=\"has-text-align-right\" data-align=\"right\">8.0 g&nbsp;<\/td><\/tr><tr><td>So\u013e<\/td><td class=\"has-text-align-right\" data-align=\"right\">0.01 g&nbsp;<\/td><\/tr><\/tbody><\/table><\/figure>","protected":false},"excerpt":{"rendered":"<p>Zmes mrazom su\u0161en\u00e9ho ovocia&nbsp; Lyofilizovan\u00e9 jahody M\u00f4\u017ee obsahova\u0165 stopy lepku, mlieka, \u0161krupinov\u00fdch plodov, ara\u0161idov a s\u00f3je. 100 g Energia 1359 kJ \/325 kcal&nbsp; Tuky 3.8 g&nbsp; z toho nas\u00fdten\u00e9 mastn\u00e9 kyseliny 0.4 g&nbsp; Sacharidy 53.0 g&nbsp; z toho cukry 53.0 g&nbsp; Vl\u00e1knina 20.0 g&nbsp; Bielkoviny 8.0 g&nbsp; So\u013e 0.01 g&nbsp;<\/p>","protected":false},"featured_media":34192,"comment_status":"closed","ping_status":"closed","template":"","meta":[],"product_brand":[],"product_cat":[253,256],"product_tag":[],"giftcard-category":[],"class_list":{"0":"post-34190","1":"product","2":"type-product","3":"status-publish","4":"has-post-thumbnail","6":"product_cat-spajza","7":"product_cat-cerealie","9":"first","10":"instock","11":"taxable","12":"shipping-taxable","13":"purchasable","14":"product-type-variable"},"_links":{"self":[{"href":"https:\/\/zlatyrakytnik.sk\/hu\/wp-json\/wp\/v2\/product\/34190","targetHints":{"allow":["GET"]}}],"collection":[{"href":"https:\/\/zlatyrakytnik.sk\/hu\/wp-json\/wp\/v2\/product"}],"about":[{"href":"https:\/\/zlatyrakytnik.sk\/hu\/wp-json\/wp\/v2\/types\/product"}],"replies":[{"embeddable":true,"href":"https:\/\/zlatyrakytnik.sk\/hu\/wp-json\/wp\/v2\/comments?post=34190"}],"wp:featuredmedia":[{"embeddable":true,"href":"https:\/\/zlatyrakytnik.sk\/hu\/wp-json\/wp\/v2\/media\/34192"}],"wp:attachment":[{"href":"https:\/\/zlatyrakytnik.sk\/hu\/wp-json\/wp\/v2\/media?parent=34190"}],"wp:term":[{"taxonomy":"product_brand","embeddable":true,"href":"https:\/\/zlatyrakytnik.sk\/hu\/wp-json\/wp\/v2\/product_brand?post=34190"},{"taxonomy":"product_cat","embeddable":true,"href":"https:\/\/zlatyrakytnik.sk\/hu\/wp-json\/wp\/v2\/product_cat?post=34190"},{"taxonomy":"product_tag","embeddable":true,"href":"https:\/\/zlatyrakytnik.sk\/hu\/wp-json\/wp\/v2\/product_tag?post=34190"},{"taxonomy":"giftcard-category","embeddable":true,"href":"https:\/\/zlatyrakytnik.sk\/hu\/wp-json\/wp\/v2\/giftcard-category?post=34190"}],"curies":[{"name":"wp","href":"https:\/\/api.w.org\/{rel}","templated":true}]}}