{"id":34202,"date":"2025-05-06T14:22:33","date_gmt":"2025-05-06T12:22:33","guid":{"rendered":"https:\/\/zlatyrakytnik.sk\/?post_type=product&#038;p=34202"},"modified":"2026-01-26T15:25:40","modified_gmt":"2026-01-26T14:25:40","slug":"chrumkave-jahody-v-cokolade-do-vrecka","status":"publish","type":"product","link":"https:\/\/zlatyrakytnik.sk\/hu\/termek\/chrumkave-jahody-v-cokolade-do-vrecka\/","title":{"rendered":"Chrumkav\u00e9 jahody v \u010dokol\u00e1de do vrecka"},"content":{"rendered":"<p>Mrazom su\u0161en\u00e9 jahody v horkej \u010dokol\u00e1de<\/p><p>Jahody v horkej \u010dokol\u00e1de s jahodov\u00fdm prachom (hork\u00e1 \u010dokol\u00e1da 86,7 % (cukor, kakaov\u00e1 hmota, kakaov\u00e9 maslo, emulg\u00e1tor: slne\u010dnicov\u00fd lecit\u00edn; pr\u00edrodn\u00e1 vanilkov\u00e1 ar\u00f3ma, su\u0161en\u00e9\u00a0<em>mlieko<\/em>), lyofilizovan\u00e9 ovocie (jahody 9,6 %, jahodov\u00fd prach 3,7 %); V horkej \u010dokol\u00e1de obsah kakaovej su\u0161iny najmenej 49 %)<\/p><p>M\u00f4\u017ee obsahova\u0165 stopy lepku, \u0161krupinov\u00fdch plodov, ara\u0161idov, sezamu a s\u00f3je.<\/p><figure class=\"wp-block-table\"><table class=\"has-fixed-layout\"><thead><tr><td><\/td><td class=\"has-text-align-right\" data-align=\"right\">100 g<\/td><\/tr><\/thead><tbody><tr><td>Energia<\/td><td class=\"has-text-align-right\" data-align=\"right\">2036 kJ \/<br>486 kcal&nbsp;<\/td><\/tr><tr><td>Tuky<\/td><td class=\"has-text-align-right\" data-align=\"right\">27.0 g&nbsp;<\/td><\/tr><tr><td>z toho nas\u00fdten\u00e9 mastn\u00e9 kyseliny<\/td><td class=\"has-text-align-right\" data-align=\"right\">17.0 g&nbsp;<\/td><\/tr><tr><td>Sacharidy<\/td><td class=\"has-text-align-right\" data-align=\"right\">52.0 g&nbsp;<\/td><\/tr><tr><td>z toho cukry<\/td><td class=\"has-text-align-right\" data-align=\"right\">50.0 g&nbsp;<\/td><\/tr><tr><td>Vl\u00e1knina<\/td><td class=\"has-text-align-right\" data-align=\"right\">7.9 g&nbsp;<\/td><\/tr><tr><td>Bielkoviny<\/td><td class=\"has-text-align-right\" data-align=\"right\">5.3 g&nbsp;<\/td><\/tr><tr><td>So\u013e<\/td><td class=\"has-text-align-right\" data-align=\"right\">0.01 g<\/td><\/tr><\/tbody><\/table><\/figure>","protected":false},"excerpt":{"rendered":"<p>Mrazom su\u0161en\u00e9 jahody v horkej \u010dokol\u00e1de Jahody v horkej \u010dokol\u00e1de s jahodov\u00fdm prachom (hork\u00e1 \u010dokol\u00e1da 86,7 % (cukor, kakaov\u00e1 hmota, kakaov\u00e9 maslo, emulg\u00e1tor: slne\u010dnicov\u00fd lecit\u00edn; pr\u00edrodn\u00e1 vanilkov\u00e1 ar\u00f3ma, su\u0161en\u00e9\u00a0mlieko), lyofilizovan\u00e9 ovocie (jahody 9,6 %, jahodov\u00fd prach 3,7 %); V horkej \u010dokol\u00e1de obsah kakaovej su\u0161iny najmenej 49 %) M\u00f4\u017ee obsahova\u0165 stopy lepku, \u0161krupinov\u00fdch plodov, ara\u0161idov, sezamu [&hellip;]<\/p>","protected":false},"featured_media":34203,"comment_status":"closed","ping_status":"closed","template":"","meta":[],"product_brand":[],"product_cat":[253,256],"product_tag":[],"giftcard-category":[],"class_list":{"0":"post-34202","1":"product","2":"type-product","3":"status-publish","4":"has-post-thumbnail","6":"product_cat-spajza","7":"product_cat-cerealie","9":"first","10":"instock","11":"taxable","12":"shipping-taxable","13":"purchasable","14":"product-type-simple"},"_links":{"self":[{"href":"https:\/\/zlatyrakytnik.sk\/hu\/wp-json\/wp\/v2\/product\/34202","targetHints":{"allow":["GET"]}}],"collection":[{"href":"https:\/\/zlatyrakytnik.sk\/hu\/wp-json\/wp\/v2\/product"}],"about":[{"href":"https:\/\/zlatyrakytnik.sk\/hu\/wp-json\/wp\/v2\/types\/product"}],"replies":[{"embeddable":true,"href":"https:\/\/zlatyrakytnik.sk\/hu\/wp-json\/wp\/v2\/comments?post=34202"}],"wp:featuredmedia":[{"embeddable":true,"href":"https:\/\/zlatyrakytnik.sk\/hu\/wp-json\/wp\/v2\/media\/34203"}],"wp:attachment":[{"href":"https:\/\/zlatyrakytnik.sk\/hu\/wp-json\/wp\/v2\/media?parent=34202"}],"wp:term":[{"taxonomy":"product_brand","embeddable":true,"href":"https:\/\/zlatyrakytnik.sk\/hu\/wp-json\/wp\/v2\/product_brand?post=34202"},{"taxonomy":"product_cat","embeddable":true,"href":"https:\/\/zlatyrakytnik.sk\/hu\/wp-json\/wp\/v2\/product_cat?post=34202"},{"taxonomy":"product_tag","embeddable":true,"href":"https:\/\/zlatyrakytnik.sk\/hu\/wp-json\/wp\/v2\/product_tag?post=34202"},{"taxonomy":"giftcard-category","embeddable":true,"href":"https:\/\/zlatyrakytnik.sk\/hu\/wp-json\/wp\/v2\/giftcard-category?post=34202"}],"curies":[{"name":"wp","href":"https:\/\/api.w.org\/{rel}","templated":true}]}}